{"id":20045,"date":"2025-05-15T14:59:28","date_gmt":"2025-05-15T19:59:28","guid":{"rendered":"https:\/\/satrack.com\/us\/?post_type=product&#038;p=20045"},"modified":"2025-05-15T15:00:40","modified_gmt":"2025-05-15T20:00:40","slug":"rastreador-gps-gv600-copy","status":"publish","type":"product","link":"https:\/\/satrack.com\/us\/es\/producto\/rastreador-gps-gv600-copy\/","title":{"rendered":"Rastreador GPS GV600 (Copy)"},"content":{"rendered":"<div class=\"complemento\"> Instalaci\u00f3n con cable del localizador gps recargable para remolques a 7 v\u00edas Conexi\u00f3n del remolque a la corriente y a tierra para entornos dif\u00edciles. Resistente al agua Compatible para el seguimiento de remolques, camiones cisterna, frigor\u00edficos y plataformas. <\/p>\n<h2>Ubicaci\u00f3n en tiempo real:<\/h2>\n<p> Rastrea tus veh\u00edculos y controla su actividad en tiempo real 24 horas al d\u00eda, 7 d\u00edas a la semana. Conozca la informaci\u00f3n hist\u00f3rica de las rutas recorridas, las paradas, el kilometraje y las horas. Pregunta a nuestro asesor de localizaci\u00f3n por GPS. <\/p>\n<h2>F\u00e1cil de Activar:<\/h2>\n<p> El dispositivo GPS GV600 viene con nuestro plan recomendado: 13,99 $\/Mes, sin contrato. <\/p>\n<h2>Funcionalidades de Protecci\u00f3n:<\/h2>\n<p> Recibe notificaciones por SMS o correo electr\u00f3nico si tu veh\u00edculo se mueve o se enciende durante horas no autorizadas. Detecta los malos h\u00e1bitos de conducci\u00f3n, como el exceso de velocidad, el ralent\u00ed, las paradas adicionales y las rutas ineficaces. <\/p>\n<h2>F\u00e1cil instalaci\u00f3n:<\/h2>\n<p> Instal\u00e1ndolo t\u00fa mismo o recurriendo a un experto puedes tenerlo todo listo f\u00e1cilmente. Con un voltaje de operaci\u00f3n entre 8V a 32V DC y que pueden trabajar a altas temperaturas. Carcasa reforzada y resistencia al agua. Con una tensi\u00f3n de funcionamiento de entre 8V y 32V CC y que pueden trabajar a altas temperaturas. <\/p>\n<h2>F\u00e1cil de usar:<\/h2>\n<p> Una aplicaci\u00f3n m\u00f3vil y web potente y f\u00e1cil de usar que permite a los usuarios tomar el control de sus veh\u00edculos y datos. Personalizamos tus alertas e informes con s\u00f3lo unos clics, permiti\u00e9ndote gestionar la informaci\u00f3n de forma eficiente.. <\/p>\n<h2>Cobertura:<\/h2>\n<p> El localizador gps para remolques GV600 funciona con las redes de los principales operadores Verizon, ATT y T-Mobile. <\/p>\n<h2>Soporte de Servicio:<\/h2>\n<p> Nuestro equipo biling\u00fce (ingl\u00e9s y espa\u00f1ol) puede ayudarte a personalizar el servicio con alertas y notificaciones. <\/p><\/div>\n","protected":false},"excerpt":{"rendered":"<p>Instalaci\u00f3n para conexi\u00f3n de 7 v\u00edas de remolque a energ\u00eda y tierra, para entornos hostiles.<\/p>\n","protected":false},"featured_media":7221,"comment_status":"closed","ping_status":"closed","template":"","meta":{"_acf_changed":false,"content-type":""},"product_brand":[],"product_cat":[204,242,210,304],"product_tag":[209,208],"class_list":{"0":"post-20045","1":"product","2":"type-product","3":"status-publish","4":"has-post-thumbnail","6":"product_cat-dispositivo","7":"product_cat-gv600-es","8":"product_cat-plan-es","9":"product_cat-plantilla1","10":"product_tag-trailers-es","11":"product_tag-vehiculos-de-motor","12":"product_shipping_class-clase-de-productos-gratuitos","14":"first","15":"instock","16":"purchasable","17":"product-type-simple"},"acf":[],"_links":{"self":[{"href":"https:\/\/satrack.com\/us\/es\/wp-json\/wp\/v2\/product\/20045","targetHints":{"allow":["GET"]}}],"collection":[{"href":"https:\/\/satrack.com\/us\/es\/wp-json\/wp\/v2\/product"}],"about":[{"href":"https:\/\/satrack.com\/us\/es\/wp-json\/wp\/v2\/types\/product"}],"replies":[{"embeddable":true,"href":"https:\/\/satrack.com\/us\/es\/wp-json\/wp\/v2\/comments?post=20045"}],"wp:featuredmedia":[{"embeddable":true,"href":"https:\/\/satrack.com\/us\/es\/wp-json\/wp\/v2\/media\/7221"}],"wp:attachment":[{"href":"https:\/\/satrack.com\/us\/es\/wp-json\/wp\/v2\/media?parent=20045"}],"wp:term":[{"taxonomy":"product_brand","embeddable":true,"href":"https:\/\/satrack.com\/us\/es\/wp-json\/wp\/v2\/product_brand?post=20045"},{"taxonomy":"product_cat","embeddable":true,"href":"https:\/\/satrack.com\/us\/es\/wp-json\/wp\/v2\/product_cat?post=20045"},{"taxonomy":"product_tag","embeddable":true,"href":"https:\/\/satrack.com\/us\/es\/wp-json\/wp\/v2\/product_tag?post=20045"}],"curies":[{"name":"wp","href":"https:\/\/api.w.org\/{rel}","templated":true}]}}