{"id":23448,"date":"2025-09-24T14:47:01","date_gmt":"2025-09-24T19:47:01","guid":{"rendered":"https:\/\/satrack.com\/us\/blue-star-plumbing-drain-inc\/"},"modified":"2026-02-03T08:41:53","modified_gmt":"2026-02-03T13:41:53","slug":"blue-star-plumbing-drain-inc","status":"publish","type":"page","link":"https:\/\/satrack.com\/us\/es\/blue-star-plumbing-drain-inc\/","title":{"rendered":"Blue Star Plumbing &amp; Drain Inc."},"content":{"rendered":"\t\t<div data-elementor-type=\"wp-page\" data-elementor-id=\"23448\" class=\"elementor elementor-23448 elementor-23371\" data-elementor-post-type=\"page\">\n\t\t\t\t<div class=\"elementor-element elementor-element-6d1d4c60 e-flex e-con-boxed e-con e-parent\" data-id=\"6d1d4c60\" data-element_type=\"container\" data-e-type=\"container\" data-settings=\"{&quot;background_background&quot;:&quot;classic&quot;}\">\n\t\t\t\t\t<div class=\"e-con-inner\">\n\t\t\t\t<div class=\"elementor-element elementor-element-582190bf elementor-widget elementor-widget-shortcode\" data-id=\"582190bf\" data-element_type=\"widget\" data-e-type=\"widget\" data-widget_type=\"shortcode.default\">\n\t\t\t\t\t\t\t<div class=\"elementor-shortcode\"><div class=\"breadcrumbs\"><a href=\"https:\/\/satrack.com\/us\/es\/\">Inicio<\/a><\/div><\/div>\n\t\t\t\t\t\t<\/div>\n\t\t<div class=\"elementor-element elementor-element-217801e3 e-con-full e-flex e-con e-child\" data-id=\"217801e3\" data-element_type=\"container\" data-e-type=\"container\">\n\t\t<div class=\"elementor-element elementor-element-4c53591e e-con-full e-flex e-con e-child\" data-id=\"4c53591e\" data-element_type=\"container\" data-e-type=\"container\">\n\t\t\t\t<div class=\"elementor-element elementor-element-434fd120 elementor-widget elementor-widget-theme-post-featured-image elementor-widget-image\" data-id=\"434fd120\" data-element_type=\"widget\" data-e-type=\"widget\" data-widget_type=\"theme-post-featured-image.default\">\n\t\t\t\t\t\t\t\t\t\t\t\t\t\t\t<img fetchpriority=\"high\" decoding=\"async\" width=\"1024\" height=\"683\" src=\"https:\/\/satrack.com\/us\/wp-content\/uploads\/sites\/5\/2025\/09\/ChatGPT-Image-Sep-25-2025-08_25_36-AM-1024x683.png\" class=\"attachment-large size-large wp-image-23431\" alt=\"\" srcset=\"https:\/\/satrack.com\/us\/wp-content\/uploads\/sites\/5\/2025\/09\/ChatGPT-Image-Sep-25-2025-08_25_36-AM-1024x683.png 1024w, https:\/\/satrack.com\/us\/wp-content\/uploads\/sites\/5\/2025\/09\/ChatGPT-Image-Sep-25-2025-08_25_36-AM-300x200.png 300w, https:\/\/satrack.com\/us\/wp-content\/uploads\/sites\/5\/2025\/09\/ChatGPT-Image-Sep-25-2025-08_25_36-AM-768x512.png 768w, https:\/\/satrack.com\/us\/wp-content\/uploads\/sites\/5\/2025\/09\/ChatGPT-Image-Sep-25-2025-08_25_36-AM-600x400.png 600w, https:\/\/satrack.com\/us\/wp-content\/uploads\/sites\/5\/2025\/09\/ChatGPT-Image-Sep-25-2025-08_25_36-AM.png 1536w\" sizes=\"(max-width: 1024px) 100vw, 1024px\" \/>\t\t\t\t\t\t\t\t\t\t\t\t\t\t\t<\/div>\n\t\t\t\t<\/div>\n\t\t<div class=\"elementor-element elementor-element-1613987 e-con-full e-flex e-con e-child\" data-id=\"1613987\" data-element_type=\"container\" data-e-type=\"container\">\n\t\t\t\t<div class=\"elementor-element elementor-element-7be57c05 elementor-widget-tablet__width-initial elementor-widget elementor-widget-text-editor\" data-id=\"7be57c05\" data-element_type=\"widget\" data-e-type=\"widget\" data-widget_type=\"text-editor.default\">\n\t\t\t\t\t\t\t\t\t<p><span class=\"TextRun SCXW12704518 BCX0\" lang=\"ES-ES\" xml:lang=\"ES-ES\" data-contrast=\"none\"><span class=\"NormalTextRun SCXW12704518 BCX0\">Antes de <\/span><span class=\"NormalTextRun SpellingErrorV2Themed SCXW12704518 BCX0\">Satrack<\/span><span class=\"NormalTextRun SCXW12704518 BCX0\">, Blue <\/span><span class=\"NormalTextRun SpellingErrorV2Themed SCXW12704518 BCX0\">Star<\/span><span class=\"NormalTextRun SCXW12704518 BCX0\"> enfrentaba grandes dificultades para <\/span><span class=\"NormalTextRun SCXW12704518 BCX0\">asegurar que sus empleados estuvieran cumpliendo sus rutas y trabajos asignados<\/span><span class=\"NormalTextRun SCXW12704518 BCX0\">. La falta de visibilidad generaba dudas sobre el uso adecuado de los veh\u00edculos y reduc\u00eda la capacidad de supervisar la calidad del servicio en campo. Esto no solo afectaba la eficiencia, sino tambi\u00e9n la confianza en las operaciones diarias.<\/span><\/span><span class=\"EOP SCXW12704518 BCX0\" data-ccp-props=\"{&quot;134233117&quot;:false,&quot;134233118&quot;:false,&quot;335559738&quot;:240,&quot;335559739&quot;:240}\">\u00a0<\/span><\/p><p><strong><span class=\"TextRun SCXW115900597 BCX0\" lang=\"ES-ES\" xml:lang=\"ES-ES\" data-contrast=\"none\"><span class=\"NormalTextRun SCXW115900597 BCX0\">Salvador Morones<\/span><\/span>,<\/strong><br \/><span class=\"NormalTextRun SCXW217437246 BCX0\"> Propietario \u2013 Blue <\/span><span class=\"NormalTextRun SpellingErrorV2Themed SCXW217437246 BCX0\">Star<\/span> <span class=\"NormalTextRun SpellingErrorV2Themed SCXW217437246 BCX0\">Plumbing<\/span><span class=\"NormalTextRun SCXW217437246 BCX0\"> &amp; <\/span><span class=\"NormalTextRun SpellingErrorV2Themed SCXW217437246 BCX0\">Drain<\/span><span class=\"NormalTextRun SCXW217437246 BCX0\"> Inc.<\/span><\/p>\t\t\t\t\t\t\t\t<\/div>\n\t\t<div class=\"elementor-element elementor-element-31684eef e-con-full e-flex e-con e-child\" data-id=\"31684eef\" data-element_type=\"container\" data-e-type=\"container\" data-settings=\"{&quot;background_background&quot;:&quot;classic&quot;}\">\n\t\t\t\t<div class=\"elementor-element elementor-element-1faa2e95 elementor-position-inline-start elementor-mobile-position-inline-start elementor-view-default elementor-widget elementor-widget-icon-box\" data-id=\"1faa2e95\" data-element_type=\"widget\" data-e-type=\"widget\" data-widget_type=\"icon-box.default\">\n\t\t\t\t\t\t\t<div class=\"elementor-icon-box-wrapper\">\n\n\t\t\t\t\t\t<div class=\"elementor-icon-box-icon\">\n\t\t\t\t<span  class=\"elementor-icon\">\n\t\t\t\t<i aria-hidden=\"true\" class=\"fas fa-share-alt\"><\/i>\t\t\t\t<\/span>\n\t\t\t<\/div>\n\t\t\t\n\t\t\t\t\t\t<div class=\"elementor-icon-box-content\">\n\n\t\t\t\t\t\t\t\t\t<div class=\"elementor-icon-box-title\">\n\t\t\t\t\t\t<span  >\n\t\t\t\t\t\t\tComparte este caso\t\t\t\t\t\t<\/span>\n\t\t\t\t\t<\/div>\n\t\t\t\t\n\t\t\t\t\n\t\t\t<\/div>\n\t\t\t\n\t\t<\/div>\n\t\t\t\t\t\t<\/div>\n\t\t\t\t<div class=\"elementor-element elementor-element-3bb601d9 elementor-share-buttons--view-icon elementor-share-buttons--skin-minimal elementor-share-buttons--shape-circle elementor-share-buttons--color-custom elementor-grid-0 elementor-widget elementor-widget-share-buttons\" data-id=\"3bb601d9\" data-element_type=\"widget\" data-e-type=\"widget\" data-widget_type=\"share-buttons.default\">\n\t\t\t\t\t\t\t<div class=\"elementor-grid\" role=\"list\">\n\t\t\t\t\t\t\t\t<div class=\"elementor-grid-item\" role=\"listitem\">\n\t\t\t\t\t\t<div class=\"elementor-share-btn elementor-share-btn_facebook\" role=\"button\" tabindex=\"0\" aria-label=\"Compartir en facebook\">\n\t\t\t\t\t\t\t\t\t\t\t\t\t\t\t<span class=\"elementor-share-btn__icon\">\n\t\t\t\t\t\t\t\t<i class=\"fab fa-facebook\" aria-hidden=\"true\"><\/i>\t\t\t\t\t\t\t<\/span>\n\t\t\t\t\t\t\t\t\t\t\t\t\t\t\t\t\t\t\t\t<\/div>\n\t\t\t\t\t<\/div>\n\t\t\t\t\t\t\t\t\t<div class=\"elementor-grid-item\" role=\"listitem\">\n\t\t\t\t\t\t<div class=\"elementor-share-btn elementor-share-btn_linkedin\" role=\"button\" tabindex=\"0\" aria-label=\"Compartir en linkedin\">\n\t\t\t\t\t\t\t\t\t\t\t\t\t\t\t<span class=\"elementor-share-btn__icon\">\n\t\t\t\t\t\t\t\t<i class=\"fab fa-linkedin\" aria-hidden=\"true\"><\/i>\t\t\t\t\t\t\t<\/span>\n\t\t\t\t\t\t\t\t\t\t\t\t\t\t\t\t\t\t\t\t<\/div>\n\t\t\t\t\t<\/div>\n\t\t\t\t\t\t\t\t\t<div class=\"elementor-grid-item\" role=\"listitem\">\n\t\t\t\t\t\t<div class=\"elementor-share-btn elementor-share-btn_x-twitter\" role=\"button\" tabindex=\"0\" aria-label=\"Compartir en x-twitter\">\n\t\t\t\t\t\t\t\t\t\t\t\t\t\t\t<span class=\"elementor-share-btn__icon\">\n\t\t\t\t\t\t\t\t<i class=\"fab fa-x-twitter\" aria-hidden=\"true\"><\/i>\t\t\t\t\t\t\t<\/span>\n\t\t\t\t\t\t\t\t\t\t\t\t\t\t\t\t\t\t\t\t<\/div>\n\t\t\t\t\t<\/div>\n\t\t\t\t\t\t\t\t\t<div class=\"elementor-grid-item\" role=\"listitem\">\n\t\t\t\t\t\t<div class=\"elementor-share-btn elementor-share-btn_whatsapp\" role=\"button\" tabindex=\"0\" aria-label=\"Compartir en whatsapp\">\n\t\t\t\t\t\t\t\t\t\t\t\t\t\t\t<span class=\"elementor-share-btn__icon\">\n\t\t\t\t\t\t\t\t<i class=\"fab fa-whatsapp\" aria-hidden=\"true\"><\/i>\t\t\t\t\t\t\t<\/span>\n\t\t\t\t\t\t\t\t\t\t\t\t\t\t\t\t\t\t\t\t<\/div>\n\t\t\t\t\t<\/div>\n\t\t\t\t\t\t<\/div>\n\t\t\t\t\t\t<\/div>\n\t\t\t\t<\/div>\n\t\t\t\t<\/div>\n\t\t\t\t<\/div>\n\t\t\t\t\t<\/div>\n\t\t\t\t<\/div>\n\t\t<div class=\"elementor-element elementor-element-7ac25601 e-flex e-con-boxed e-con e-parent\" data-id=\"7ac25601\" data-element_type=\"container\" data-e-type=\"container\">\n\t\t\t\t\t<div class=\"e-con-inner\">\n\t\t\t\t<div class=\"elementor-element elementor-element-98cb54f elementor-widget elementor-widget-heading\" data-id=\"98cb54f\" data-element_type=\"widget\" data-e-type=\"widget\" data-widget_type=\"heading.default\">\n\t\t\t\t\t<h2 class=\"elementor-heading-title elementor-size-default\">El reto <\/h2>\t\t\t\t<\/div>\n\t\t\t\t<div class=\"elementor-element elementor-element-1e0c5f0 elementor-widget elementor-widget-text-editor\" data-id=\"1e0c5f0\" data-element_type=\"widget\" data-e-type=\"widget\" data-widget_type=\"text-editor.default\">\n\t\t\t\t\t\t\t\t\t<p><span class=\"TextRun SCXW239226775 BCX0\" lang=\"ES-ES\" xml:lang=\"ES-ES\" data-contrast=\"none\"><span class=\"NormalTextRun SCXW239226775 BCX0\">Antes de <\/span><span class=\"NormalTextRun SpellingErrorV2Themed SCXW239226775 BCX0\">Satrack<\/span><span class=\"NormalTextRun SCXW239226775 BCX0\">, Blue <\/span><span class=\"NormalTextRun SpellingErrorV2Themed SCXW239226775 BCX0\">Star<\/span><span class=\"NormalTextRun SCXW239226775 BCX0\"> enfrentaba grandes dificultades para <\/span><span class=\"NormalTextRun SCXW239226775 BCX0\">asegurar que sus empleados estuvieran cumpliendo sus rutas y trabajos asignados<\/span><span class=\"NormalTextRun SCXW239226775 BCX0\">. La falta de visibilidad generaba dudas sobre el uso adecuado de los veh\u00edculos y reduc\u00eda la capacidad de supervisar la calidad del servicio en campo. Esto no solo afectaba la eficiencia, sino tambi\u00e9n la confianza en las operaciones diarias.<\/span><\/span><span class=\"EOP SCXW239226775 BCX0\" data-ccp-props=\"{&quot;134233117&quot;:false,&quot;134233118&quot;:false,&quot;335559738&quot;:240,&quot;335559739&quot;:240}\">\u00a0<\/span><\/p>\t\t\t\t\t\t\t\t<\/div>\n\t\t\t\t<div class=\"elementor-element elementor-element-b08643b elementor-widget elementor-widget-heading\" data-id=\"b08643b\" data-element_type=\"widget\" data-e-type=\"widget\" data-widget_type=\"heading.default\">\n\t\t\t\t\t<h2 class=\"elementor-heading-title elementor-size-default\">La soluci\u00f3n  <\/h2>\t\t\t\t<\/div>\n\t\t\t\t<div class=\"elementor-element elementor-element-9168f73 elementor-widget elementor-widget-text-editor\" data-id=\"9168f73\" data-element_type=\"widget\" data-e-type=\"widget\" data-widget_type=\"text-editor.default\">\n\t\t\t\t\t\t\t\t\t<p><span data-contrast=\"none\">Con la implementaci\u00f3n de las c\u00e1maras de video de Satrack en sus camiones, la empresa gan\u00f3 un nivel de control y seguridad sin precedentes:<\/span><span data-ccp-props=\"{&quot;134233117&quot;:false,&quot;134233118&quot;:false,&quot;335559738&quot;:240,&quot;335559739&quot;:240}\">\u00a0<\/span><\/p><ul><li data-leveltext=\"\uf0b7\" data-font=\"Symbol\" data-listid=\"9\" data-list-defn-props=\"{&quot;335552541&quot;:1,&quot;335559685&quot;:720,&quot;335559991&quot;:360,&quot;469769226&quot;:&quot;Symbol&quot;,&quot;469769242&quot;:[8226],&quot;469777803&quot;:&quot;left&quot;,&quot;469777804&quot;:&quot;\uf0b7&quot;,&quot;469777815&quot;:&quot;hybridMultilevel&quot;}\" data-aria-posinset=\"1\" data-aria-level=\"1\"><span data-contrast=\"none\">Supervisi\u00f3n constante del desempe\u00f1o de los empleados en ruta.<\/span><span data-ccp-props=\"{&quot;134233117&quot;:false,&quot;134233118&quot;:false,&quot;335559738&quot;:240,&quot;335559739&quot;:240}\">\u00a0<\/span><\/li><\/ul><ul><li data-leveltext=\"\uf0b7\" data-font=\"Symbol\" data-listid=\"9\" data-list-defn-props=\"{&quot;335552541&quot;:1,&quot;335559685&quot;:720,&quot;335559991&quot;:360,&quot;469769226&quot;:&quot;Symbol&quot;,&quot;469769242&quot;:[8226],&quot;469777803&quot;:&quot;left&quot;,&quot;469777804&quot;:&quot;\uf0b7&quot;,&quot;469777815&quot;:&quot;hybridMultilevel&quot;}\" data-aria-posinset=\"2\" data-aria-level=\"1\"><span data-contrast=\"none\">Confirmaci\u00f3n de que los veh\u00edculos se utilizan exclusivamente para fines de trabajo.<\/span><span data-ccp-props=\"{&quot;134233117&quot;:false,&quot;134233118&quot;:false,&quot;335559738&quot;:240,&quot;335559739&quot;:240}\">\u00a0<\/span><\/li><\/ul><ul><li data-leveltext=\"\uf0b7\" data-font=\"Symbol\" data-listid=\"9\" data-list-defn-props=\"{&quot;335552541&quot;:1,&quot;335559685&quot;:720,&quot;335559991&quot;:360,&quot;469769226&quot;:&quot;Symbol&quot;,&quot;469769242&quot;:[8226],&quot;469777803&quot;:&quot;left&quot;,&quot;469777804&quot;:&quot;\uf0b7&quot;,&quot;469777815&quot;:&quot;hybridMultilevel&quot;}\" data-aria-posinset=\"3\" data-aria-level=\"1\"><span data-contrast=\"none\">Evidencia visual para resolver disputas con clientes o aclarar situaciones en campo.<\/span><span data-ccp-props=\"{&quot;134233117&quot;:false,&quot;134233118&quot;:false,&quot;335559738&quot;:240,&quot;335559739&quot;:240}\">\u00a0<\/span><\/li><\/ul><ul><li data-leveltext=\"\uf0b7\" data-font=\"Symbol\" data-listid=\"9\" data-list-defn-props=\"{&quot;335552541&quot;:1,&quot;335559685&quot;:720,&quot;335559991&quot;:360,&quot;469769226&quot;:&quot;Symbol&quot;,&quot;469769242&quot;:[8226],&quot;469777803&quot;:&quot;left&quot;,&quot;469777804&quot;:&quot;\uf0b7&quot;,&quot;469777815&quot;:&quot;hybridMultilevel&quot;}\" data-aria-posinset=\"4\" data-aria-level=\"1\"><span data-contrast=\"none\">Refuerzo de la seguridad al monitorear lo que ocurre dentro y alrededor de los veh\u00edculos.<\/span><span data-ccp-props=\"{&quot;134233117&quot;:false,&quot;134233118&quot;:false,&quot;335559738&quot;:240,&quot;335559739&quot;:240}\">\u00a0<\/span><\/li><\/ul>\t\t\t\t\t\t\t\t<\/div>\n\t\t\t\t<div class=\"elementor-element elementor-element-1720b73 elementor-widget elementor-widget-heading\" data-id=\"1720b73\" data-element_type=\"widget\" data-e-type=\"widget\" data-widget_type=\"heading.default\">\n\t\t\t\t\t<h2 class=\"elementor-heading-title elementor-size-default\">El resultado <\/h2>\t\t\t\t<\/div>\n\t\t\t\t<div class=\"elementor-element elementor-element-80b58b7 elementor-widget elementor-widget-text-editor\" data-id=\"80b58b7\" data-element_type=\"widget\" data-e-type=\"widget\" data-widget_type=\"text-editor.default\">\n\t\t\t\t\t\t\t\t\t<p><span class=\"TextRun SCXW74381263 BCX0\" lang=\"ES-ES\" xml:lang=\"ES-ES\" data-contrast=\"none\"><span class=\"NormalTextRun SCXW74381263 BCX0\">Hoy, Blue <\/span><span class=\"NormalTextRun SpellingErrorV2Themed SCXW74381263 BCX0\">Star<\/span><span class=\"NormalTextRun SCXW74381263 BCX0\"> cuenta con la <\/span><span class=\"NormalTextRun SCXW74381263 BCX0\">tranquilidad de tener total visibilidad de sus operaciones<\/span><span class=\"NormalTextRun SCXW74381263 BCX0\"> y la certeza de que cada tarea se cumple seg\u00fan lo esperado. La empresa logr\u00f3 un mayor control interno, redujo la incertidumbre y fortaleci\u00f3 la confianza en su equipo de trabajo.<\/span><\/span><span class=\"EOP SCXW74381263 BCX0\" data-ccp-props=\"{&quot;134233117&quot;:false,&quot;134233118&quot;:false,&quot;335559738&quot;:240,&quot;335559739&quot;:240}\">\u00a0<\/span><\/p>\t\t\t\t\t\t\t\t<\/div>\n\t\t\t\t\t<\/div>\n\t\t\t\t<\/div>\n\t\t<div class=\"elementor-element elementor-element-b2abf36 e-flex e-con-boxed e-con e-parent\" data-id=\"b2abf36\" data-element_type=\"container\" data-e-type=\"container\" data-settings=\"{&quot;background_background&quot;:&quot;classic&quot;}\">\n\t\t\t\t\t<div class=\"e-con-inner\">\n\t\t\t\t<div class=\"elementor-element elementor-element-ee18bbd elementor-widget elementor-widget-text-editor\" data-id=\"ee18bbd\" data-element_type=\"widget\" data-e-type=\"widget\" data-widget_type=\"text-editor.default\">\n\t\t\t\t\t\t\t\t\t<blockquote><p><span class=\"NormalTextRun SCXW231198302 BCX0\">\u201cLas c\u00e1maras de <\/span><span class=\"NormalTextRun SpellingErrorV2Themed SCXW231198302 BCX0\">Satrack<\/span><span class=\"NormalTextRun SCXW231198302 BCX0\"> nos dieron la visibilidad que necesit\u00e1bamos. Ahora tenemos tranquilidad, seguridad y control absoluto de nuestras operaciones diarias.\u201d<\/span><\/p><\/blockquote>\t\t\t\t\t\t\t\t<\/div>\n\t\t\t\t\t<\/div>\n\t\t\t\t<\/div>\n\t\t\t\t<\/div>\n\t\t","protected":false},"excerpt":{"rendered":"<p>Antes de Satrack, Blue Star enfrentaba grandes dificultades para asegurar que sus empleados estuvieran cumpliendo sus rutas y trabajos asignados. La falta de visibilidad generaba dudas sobre el uso adecuado de los veh\u00edculos y reduc\u00eda la capacidad de supervisar la calidad del servicio en campo. Esto no solo afectaba la eficiencia, sino tambi\u00e9n la confianza [&hellip;]<\/p>\n","protected":false},"author":2,"featured_media":0,"parent":0,"menu_order":0,"comment_status":"closed","ping_status":"closed","template":"","meta":{"_acf_changed":false,"content-type":"","footnotes":""},"class_list":["post-23448","page","type-page","status-publish","hentry"],"acf":[],"_links":{"self":[{"href":"https:\/\/satrack.com\/us\/es\/wp-json\/wp\/v2\/pages\/23448","targetHints":{"allow":["GET"]}}],"collection":[{"href":"https:\/\/satrack.com\/us\/es\/wp-json\/wp\/v2\/pages"}],"about":[{"href":"https:\/\/satrack.com\/us\/es\/wp-json\/wp\/v2\/types\/page"}],"author":[{"embeddable":true,"href":"https:\/\/satrack.com\/us\/es\/wp-json\/wp\/v2\/users\/2"}],"replies":[{"embeddable":true,"href":"https:\/\/satrack.com\/us\/es\/wp-json\/wp\/v2\/comments?post=23448"}],"version-history":[{"count":5,"href":"https:\/\/satrack.com\/us\/es\/wp-json\/wp\/v2\/pages\/23448\/revisions"}],"predecessor-version":[{"id":25330,"href":"https:\/\/satrack.com\/us\/es\/wp-json\/wp\/v2\/pages\/23448\/revisions\/25330"}],"wp:attachment":[{"href":"https:\/\/satrack.com\/us\/es\/wp-json\/wp\/v2\/media?parent=23448"}],"curies":[{"name":"wp","href":"https:\/\/api.w.org\/{rel}","templated":true}]}}