{"id":18672,"date":"2025-01-03T09:22:19","date_gmt":"2025-01-03T14:22:19","guid":{"rendered":"https:\/\/satrack.com\/us\/capacidad-de-construccion\/"},"modified":"2025-02-27T11:06:18","modified_gmt":"2025-02-27T16:06:18","slug":"capacitacion-de-construccion","status":"publish","type":"page","link":"https:\/\/satrack.com\/us\/es\/capacitacion-de-construccion\/","title":{"rendered":"Capacitaci\u00f3n de construcci\u00f3n"},"content":{"rendered":"\t\t<div data-elementor-type=\"wp-page\" data-elementor-id=\"18672\" class=\"elementor elementor-18672\" data-elementor-post-type=\"page\">\n\t\t\t\t<div class=\"elementor-element elementor-element-fd8fa84 e-con-full elementor-hidden-tablet elementor-hidden-mobile e-flex e-con e-parent\" data-id=\"fd8fa84\" data-element_type=\"container\" data-e-type=\"container\" data-settings=\"{&quot;background_background&quot;:&quot;classic&quot;}\">\n\t\t\t\t<div class=\"elementor-element elementor-element-39bb8c2 elementor-widget elementor-widget-menu-anchor\" data-id=\"39bb8c2\" data-element_type=\"widget\" data-e-type=\"widget\" data-widget_type=\"menu-anchor.default\">\n\t\t\t\t\t\t\t<div class=\"elementor-menu-anchor\" id=\"formulario\"><\/div>\n\t\t\t\t\t\t<\/div>\n\t\t<div class=\"elementor-element elementor-element-f944cf8 e-flex e-con-boxed e-con e-child\" data-id=\"f944cf8\" data-element_type=\"container\" data-e-type=\"container\">\n\t\t\t\t\t<div class=\"e-con-inner\">\n\t\t<div class=\"elementor-element elementor-element-6d43716 e-con-full e-flex e-con e-child\" data-id=\"6d43716\" data-element_type=\"container\" data-e-type=\"container\">\n\t\t\t\t<div class=\"elementor-element elementor-element-1734abf elementor-widget__width-initial elementor-widget elementor-widget-heading\" data-id=\"1734abf\" data-element_type=\"widget\" data-e-type=\"widget\" data-widget_type=\"heading.default\">\n\t\t\t\t\t<h2 class=\"elementor-heading-title elementor-size-default\">CHARLA VIRTUAL <strong>GRATUITA<\/strong><\/h2>\t\t\t\t<\/div>\n\t\t\t\t<\/div>\n\t\t<div class=\"elementor-element elementor-element-283cbed e-con-full e-flex e-con e-child\" data-id=\"283cbed\" data-element_type=\"container\" data-e-type=\"container\">\n\t\t\t\t<div class=\"elementor-element elementor-element-fc97eca elementor-widget__width-initial elementor-widget elementor-widget-heading\" data-id=\"fc97eca\" data-element_type=\"widget\" data-e-type=\"widget\" data-widget_type=\"heading.default\">\n\t\t\t\t\t<h3 class=\"elementor-heading-title elementor-size-default\">Conoce el costo oculto de los veh\u00edculos de tu negocio  <\/h3>\t\t\t\t<\/div>\n\t\t\t\t<div class=\"elementor-element elementor-element-26d226b elementor-widget__width-initial elementor-widget elementor-widget-heading\" data-id=\"26d226b\" data-element_type=\"widget\" data-e-type=\"widget\" data-widget_type=\"heading.default\">\n\t\t\t\t\t<h3 class=\"elementor-heading-title elementor-size-default\">\u00bfEst\u00e1s perdiendo dinero sin saberlo?  <\/h3>\t\t\t\t<\/div>\n\t\t\t\t<\/div>\n\t\t\t\t\t<\/div>\n\t\t\t\t<\/div>\n\t\t\t\t<\/div>\n\t\t<div class=\"elementor-element elementor-element-2ea1f7b e-con-full elementor-hidden-desktop e-flex e-con e-parent\" data-id=\"2ea1f7b\" data-element_type=\"container\" data-e-type=\"container\" data-settings=\"{&quot;background_background&quot;:&quot;classic&quot;}\">\n\t\t\t\t<div class=\"elementor-element elementor-element-67b297e elementor-widget elementor-widget-menu-anchor\" data-id=\"67b297e\" data-element_type=\"widget\" data-e-type=\"widget\" data-widget_type=\"menu-anchor.default\">\n\t\t\t\t\t\t\t<div class=\"elementor-menu-anchor\" id=\"formulario\"><\/div>\n\t\t\t\t\t\t<\/div>\n\t\t<div class=\"elementor-element elementor-element-47b0941 e-flex e-con-boxed e-con e-child\" data-id=\"47b0941\" data-element_type=\"container\" data-e-type=\"container\">\n\t\t\t\t\t<div class=\"e-con-inner\">\n\t\t<div class=\"elementor-element elementor-element-b0744b2 e-con-full e-flex e-con e-child\" data-id=\"b0744b2\" data-element_type=\"container\" data-e-type=\"container\">\n\t\t\t\t<div class=\"elementor-element elementor-element-4df4d97 elementor-widget__width-initial elementor-widget elementor-widget-heading\" data-id=\"4df4d97\" data-element_type=\"widget\" data-e-type=\"widget\" data-widget_type=\"heading.default\">\n\t\t\t\t\t<h2 class=\"elementor-heading-title elementor-size-default\">CAPACITACI\u00d3N VIRTUAL <strong>GRATUITA<\/strong><\/h2>\t\t\t\t<\/div>\n\t\t\t\t<\/div>\n\t\t<div class=\"elementor-element elementor-element-7896330 e-con-full e-flex e-con e-child\" data-id=\"7896330\" data-element_type=\"container\" data-e-type=\"container\">\n\t\t\t\t<div class=\"elementor-element elementor-element-4a4b60f elementor-widget elementor-widget-heading\" data-id=\"4a4b60f\" data-element_type=\"widget\" data-e-type=\"widget\" data-widget_type=\"heading.default\">\n\t\t\t\t\t<h2 class=\"elementor-heading-title elementor-size-default\">Subcontratista:  <\/h2>\t\t\t\t<\/div>\n\t\t\t\t<div class=\"elementor-element elementor-element-a1480b2 elementor-widget__width-initial elementor-widget elementor-widget-heading\" data-id=\"a1480b2\" data-element_type=\"widget\" data-e-type=\"widget\" data-widget_type=\"heading.default\">\n\t\t\t\t\t<h3 class=\"elementor-heading-title elementor-size-default\">Conoce el costo oculto de los veh\u00edculos de tu negocio  <\/h3>\t\t\t\t<\/div>\n\t\t\t\t<div class=\"elementor-element elementor-element-b5a0d2b elementor-widget__width-initial elementor-widget elementor-widget-heading\" data-id=\"b5a0d2b\" data-element_type=\"widget\" data-e-type=\"widget\" data-widget_type=\"heading.default\">\n\t\t\t\t\t<h3 class=\"elementor-heading-title elementor-size-default\">\u00bfEst\u00e1s perdiendo dinero sin saberlo?  <\/h3>\t\t\t\t<\/div>\n\t\t\t\t<\/div>\n\t\t\t\t\t<\/div>\n\t\t\t\t<\/div>\n\t\t\t\t<\/div>\n\t\t<div class=\"elementor-element elementor-element-d3af120 e-flex e-con-boxed e-con e-parent\" data-id=\"d3af120\" data-element_type=\"container\" data-e-type=\"container\" data-settings=\"{&quot;background_background&quot;:&quot;classic&quot;}\">\n\t\t\t\t\t<div class=\"e-con-inner\">\n\t\t<div class=\"elementor-element elementor-element-76079ad e-con-full e-flex e-con e-child\" data-id=\"76079ad\" data-element_type=\"container\" data-e-type=\"container\">\n\t\t\t\t<div class=\"elementor-element elementor-element-5f08706 elementor-widget__width-initial elementor-widget elementor-widget-heading\" data-id=\"5f08706\" data-element_type=\"widget\" data-e-type=\"widget\" data-widget_type=\"heading.default\">\n\t\t\t\t\t<h3 class=\"elementor-heading-title elementor-size-default\">Descubre los costos que est\u00e1n<strong> afectando a las ganancias<\/strong> de tu negocio  <\/h3>\t\t\t\t<\/div>\n\t\t\t\t<div class=\"elementor-element elementor-element-0c27af9 elementor-widget elementor-widget-text-editor\" data-id=\"0c27af9\" data-element_type=\"widget\" data-e-type=\"widget\" data-widget_type=\"text-editor.default\">\n\t\t\t\t\t\t\t\t\t<p>\ud83d\udc77\u200d\u2642\ufe0f <b>\u00bfEres due\u00f1o de un negocio de construcci\u00f3n, plomer\u00eda, <\/b><b>paisajismo<\/b><b> u otro similar?<\/b><br \/>Si trabajas con camionetas , camiones o <span class=\"TextRun SCXP134788067 BCX0\" lang=\"ES-MX\" xml:lang=\"ES-MX\" data-usefontface=\"false\" data-contrast=\"none\"><span class=\"NormalTextRun SCXP134788067 BCX0\">veh\u00edculos <\/span><\/span><span class=\"EOP SCXP134788067 BCX0\">todos los<\/span> d\u00edas, d\u00e9jame hacerte una pregunta clave:<\/p><p><b>\u00bfSabes cu\u00e1nto te est\u00e1n costando realmente tus veh\u00edculos?<\/b><br \/>No hablamos solo de lo obvio como el combustible o las reparaciones.<\/p>\t\t\t\t\t\t\t\t<\/div>\n\t\t\t\t<\/div>\n\t\t<div class=\"elementor-element elementor-element-80c2e24 e-con-full e-flex e-con e-child\" data-id=\"80c2e24\" data-element_type=\"container\" data-e-type=\"container\" data-settings=\"{&quot;background_background&quot;:&quot;classic&quot;}\">\n\t\t\t\t<div class=\"elementor-element elementor-element-a2cde26 elementor-widget elementor-widget-text-editor\" data-id=\"a2cde26\" data-element_type=\"widget\" data-e-type=\"widget\" data-widget_type=\"text-editor.default\">\n\t\t\t\t\t\t\t\t\t<div class=\"elementor-element elementor-element-05d5c34 elementor-widget elementor-widget-text-editor\" data-id=\"05d5c34\" data-element_type=\"widget\" data-widget_type=\"text-editor.default\"><div class=\"elementor-widget-container\"><p><b>Reg\u00edstrate ahora<\/b><\/p><\/div><\/div>\t\t\t\t\t\t\t\t<\/div>\n\t\t\t\t<div class=\"elementor-element elementor-element-2069274 elementor-widget elementor-widget-text-editor\" data-id=\"2069274\" data-element_type=\"widget\" data-e-type=\"widget\" data-widget_type=\"text-editor.default\">\n\t\t\t\t\t\t\t\t\t<div class=\"elementor-element elementor-element-05d5c34 elementor-widget elementor-widget-text-editor\" data-id=\"05d5c34\" data-element_type=\"widget\" data-widget_type=\"text-editor.default\"><div class=\"elementor-widget-container\"><p>Cupos limitados<\/p><\/div><\/div>\t\t\t\t\t\t\t\t<\/div>\n\t\t\t\t<div class=\"elementor-element elementor-element-1ac7e14 elementor-widget__width-inherit elementor-widget elementor-widget-hubspot-form\" data-id=\"1ac7e14\" data-element_type=\"widget\" data-e-type=\"widget\" data-widget_type=\"hubspot-form.default\">\n\t\t\t\t<div class=\"elementor-widget-container\">\n\t\t\t\t\t\n\t\t\t\t\t\t<script>\n\t\t\t\t\t\t\twindow.hsFormsOnReady = window.hsFormsOnReady || [];\n\t\t\t\t\t\t\twindow.hsFormsOnReady.push(()=>{\n\t\t\t\t\t\t\t\thbspt.forms.create({\n\t\t\t\t\t\t\t\t\tportalId: 22822138,\n\t\t\t\t\t\t\t\t\tformId: \"847260c7-5814-4846-8e30-780ae2924051\",\n\t\t\t\t\t\t\t\t\ttarget: \"#hbspt-form-1776860303000-0227010989\",\n\t\t\t\t\t\t\t\t\tregion: \"na1\",\n\t\t\t\t\t\t\t\t\t\n\t\t\t\t\t\t\t})});\n\t\t\t\t\t\t<\/script>\n\t\t\t\t\t\t<div class=\"hbspt-form\" id=\"hbspt-form-1776860303000-0227010989\"><\/div>\t\t\t\t<\/div>\n\t\t\t\t<\/div>\n\t\t\t\t<\/div>\n\t\t\t\t\t<\/div>\n\t\t\t\t<\/div>\n\t\t<div class=\"elementor-element elementor-element-fbfb5ef e-flex e-con-boxed e-con e-parent\" data-id=\"fbfb5ef\" data-element_type=\"container\" data-e-type=\"container\" data-settings=\"{&quot;background_background&quot;:&quot;classic&quot;}\">\n\t\t\t\t\t<div class=\"e-con-inner\">\n\t\t<div class=\"elementor-element elementor-element-6975e8e e-con-full e-flex e-con e-child\" data-id=\"6975e8e\" data-element_type=\"container\" data-e-type=\"container\">\n\t\t\t\t<div class=\"elementor-element elementor-element-5b700d5 elementor-widget__width-initial elementor-widget elementor-widget-heading\" data-id=\"5b700d5\" data-element_type=\"widget\" data-e-type=\"widget\" data-widget_type=\"heading.default\">\n\t\t\t\t\t<h3 class=\"elementor-heading-title elementor-size-default\"><strong>Inscr\u00edbete <\/strong>a esta formaci\u00f3n para que aprendas a <strong>identificar los costos ocultos <\/strong>que est\u00e1n <br> drenando tus ganancias sin que lo notes:  <\/h3>\t\t\t\t<\/div>\n\t\t\t\t<div class=\"elementor-element elementor-element-7c70fa6 elementor-widget elementor-widget-text-editor\" data-id=\"7c70fa6\" data-element_type=\"widget\" data-e-type=\"widget\" data-widget_type=\"text-editor.default\">\n\t\t\t\t\t\t\t\t\t<p>\ud83d\udea8 <b>Horas de inactividad<\/b><br \/>\ud83d\udea8 <b>Usos no autorizados<\/b><br \/>\ud83d\udea8 <b>Clientes perdidos por falta de disponibilidad de veh\u00edculos<\/b><br \/>\ud83d\udea8 <b>Multas por descuidos o negligencias<\/b><\/p><p><b>Un problema grave, pero con soluci\u00f3n<\/b><br \/>Un solo veh\u00edculo mal gestionado podr\u00eda costarte <b>miles de d\u00f3lares al a\u00f1o<\/b>. Pero la buena noticia es que <b>puedes tomar el control y empezar a ahorrar desde ahora<\/b>.<\/p>\t\t\t\t\t\t\t\t<\/div>\n\t\t\t\t<\/div>\n\t\t\t\t\t<\/div>\n\t\t\t\t<\/div>\n\t\t<div class=\"elementor-element elementor-element-6943289 e-flex e-con-boxed e-con e-parent\" data-id=\"6943289\" data-element_type=\"container\" data-e-type=\"container\" data-settings=\"{&quot;background_background&quot;:&quot;classic&quot;}\">\n\t\t\t\t\t<div class=\"e-con-inner\">\n\t\t<div class=\"elementor-element elementor-element-af06e09 e-con-full e-flex e-con e-child\" data-id=\"af06e09\" data-element_type=\"container\" data-e-type=\"container\">\n\t\t<div class=\"elementor-element elementor-element-53cb5bb e-con-full e-flex e-con e-child\" data-id=\"53cb5bb\" data-element_type=\"container\" data-e-type=\"container\">\n\t\t<div class=\"elementor-element elementor-element-9980b32 e-con-full e-flex e-con e-child\" data-id=\"9980b32\" data-element_type=\"container\" data-e-type=\"container\">\n\t\t<div class=\"elementor-element elementor-element-4305356 e-con-full e-flex e-con e-child\" data-id=\"4305356\" data-element_type=\"container\" data-e-type=\"container\">\n\t\t\t\t<div class=\"elementor-element elementor-element-04a4973 elementor-widget__width-initial elementor-widget elementor-widget-heading\" data-id=\"04a4973\" data-element_type=\"widget\" data-e-type=\"widget\" data-widget_type=\"heading.default\">\n\t\t\t\t\t<h3 class=\"elementor-heading-title elementor-size-default\">Capacitaci\u00f3n <strong>GRATUITA<\/strong>\n\n\n<\/h3>\t\t\t\t<\/div>\n\t\t\t\t<div class=\"elementor-element elementor-element-ec8f7fa elementor-widget elementor-widget-text-editor\" data-id=\"ec8f7fa\" data-element_type=\"widget\" data-e-type=\"widget\" data-widget_type=\"text-editor.default\">\n\t\t\t\t\t\t\t\t\t<p>\ud83d\uddd3\ufe0f <b>Fecha:<\/b> <span class=\"TextRun SCXP90369150 BCX0\" lang=\"ES-MX\" data-usefontface=\"false\" data-contrast=\"none\"><span class=\"NormalTextRun SCXP90369150 BCX0\">29 de Enero, 10 am Hora del Este.<\/span><\/span><span class=\"EOP SCXP90369150 BCX0\"><\/span><\/p>\n\t\t\t\t\t\t\t\t<\/div>\n\t\t\t\t<div class=\"elementor-element elementor-element-834dab8 elementor-widget elementor-widget-text-editor\" data-id=\"834dab8\" data-element_type=\"widget\" data-e-type=\"widget\" data-widget_type=\"text-editor.default\">\n\t\t\t\t\t\t\t\t\t<p>\u23f0 <b>Duraci\u00f3n:<\/b> 40 minutos<\/p>\n\t\t\t\t\t\t\t\t<\/div>\n\t\t\t\t<div class=\"elementor-element elementor-element-3ca160d elementor-widget elementor-widget-text-editor\" data-id=\"3ca160d\" data-element_type=\"widget\" data-e-type=\"widget\" data-widget_type=\"text-editor.default\">\n\t\t\t\t\t\t\t\t\t<p>\ud83d\udcbb <b>Formato:<\/b> 100% virtual<\/p>\n\t\t\t\t\t\t\t\t<\/div>\n\t\t\t\t<\/div>\n\t\t<div class=\"elementor-element elementor-element-bfee140 e-con-full e-flex e-con e-child\" data-id=\"bfee140\" data-element_type=\"container\" data-e-type=\"container\">\n\t\t\t\t<div class=\"elementor-element elementor-element-b7ff9a1 elementor-widget__width-initial elementor-widget elementor-widget-heading\" data-id=\"b7ff9a1\" data-element_type=\"widget\" data-e-type=\"widget\" data-widget_type=\"heading.default\">\n\t\t\t\t\t<h3 class=\"elementor-heading-title elementor-size-default\"><strong>\u00bfQu\u00e9 aprender\u00e1s?<\/strong>\n\n<\/h3>\t\t\t\t<\/div>\n\t\t\t\t<div class=\"elementor-element elementor-element-a48cc3d elementor-widget elementor-widget-text-editor\" data-id=\"a48cc3d\" data-element_type=\"widget\" data-e-type=\"widget\" data-widget_type=\"text-editor.default\">\n\t\t\t\t\t\t\t\t\t<p>\u2705 Identificar los costes ocultos que afectan a tu rentabilidad.<br \/>\u2705 Aplicar f\u00f3rmulas pr\u00e1cticas para calcular p\u00e9rdidas y ahorros.<br \/>\u2705 Utiliza herramientas sencillas que te ayudar\u00e1n a gestionar tus veh\u00edculos de manera m\u00e1s eficiente y aumentar tus ganancias.<\/p>\n<p><b>Reserva tu plaza ahora y lleva el control de tus veh\u00edculos al siguiente nivel<\/b><\/p>\n<p>\ud83d\udce9 <b>Inscripci\u00f3n gratuita, cupos limitados.<\/b><\/p>\n\t\t\t\t\t\t\t\t<\/div>\n\t\t\t\t<div class=\"elementor-element elementor-element-c0c2ad3 elementor-align-center elementor-hidden-desktop elementor-hidden-tablet elementor-hidden-mobile elementor-widget elementor-widget-button\" data-id=\"c0c2ad3\" data-element_type=\"widget\" data-e-type=\"widget\" data-widget_type=\"button.default\">\n\t\t\t\t\t\t\t\t\t\t<a class=\"elementor-button elementor-button-link elementor-size-sm\" href=\"#formulario\">\n\t\t\t\t\t\t<span class=\"elementor-button-content-wrapper\">\n\t\t\t\t\t\t\t\t\t<span class=\"elementor-button-text\">Inscr\u00edbete aqu\u00ed<\/span>\n\t\t\t\t\t<\/span>\n\t\t\t\t\t<\/a>\n\t\t\t\t\t\t\t\t<\/div>\n\t\t\t\t<\/div>\n\t\t\t\t<\/div>\n\t\t\t\t<\/div>\n\t\t\t\t<\/div>\n\t\t\t\t\t<\/div>\n\t\t\t\t<\/div>\n\t\t<div class=\"elementor-element elementor-element-25152d3 e-flex e-con-boxed e-con e-parent\" data-id=\"25152d3\" data-element_type=\"container\" data-e-type=\"container\" data-settings=\"{&quot;background_background&quot;:&quot;classic&quot;}\">\n\t\t\t\t\t<div class=\"e-con-inner\">\n\t\t<div class=\"elementor-element elementor-element-02308ca e-flex e-con-boxed e-con e-child\" data-id=\"02308ca\" data-element_type=\"container\" data-e-type=\"container\" data-settings=\"{&quot;background_background&quot;:&quot;classic&quot;}\">\n\t\t\t\t\t<div class=\"e-con-inner\">\n\t\t\t\t<div class=\"elementor-element elementor-element-f138013 elementor-widget elementor-widget-text-editor\" data-id=\"f138013\" data-element_type=\"widget\" data-e-type=\"widget\" data-widget_type=\"text-editor.default\">\n\t\t\t\t\t\t\t\t\t<div class=\"elementor-element elementor-element-05d5c34 elementor-widget elementor-widget-text-editor\" data-id=\"05d5c34\" data-element_type=\"widget\" data-widget_type=\"text-editor.default\"><div class=\"elementor-widget-container\"><p><b>Reg\u00edstrate ahora<\/b><\/p><\/div><\/div>\t\t\t\t\t\t\t\t<\/div>\n\t\t\t\t<div class=\"elementor-element elementor-element-8d4434d elementor-widget elementor-widget-text-editor\" data-id=\"8d4434d\" data-element_type=\"widget\" data-e-type=\"widget\" data-widget_type=\"text-editor.default\">\n\t\t\t\t\t\t\t\t\t<div class=\"elementor-element elementor-element-05d5c34 elementor-widget elementor-widget-text-editor\" data-id=\"05d5c34\" data-element_type=\"widget\" data-widget_type=\"text-editor.default\"><div class=\"elementor-widget-container\"><p>Cupos limitados<\/p><\/div><\/div>\t\t\t\t\t\t\t\t<\/div>\n\t\t\t\t<div class=\"elementor-element elementor-element-cfcfa87 elementor-widget__width-inherit elementor-widget elementor-widget-hubspot-form\" data-id=\"cfcfa87\" data-element_type=\"widget\" data-e-type=\"widget\" data-widget_type=\"hubspot-form.default\">\n\t\t\t\t<div class=\"elementor-widget-container\">\n\t\t\t\t\t\n\t\t\t\t\t\t<script>\n\t\t\t\t\t\t\twindow.hsFormsOnReady = window.hsFormsOnReady || [];\n\t\t\t\t\t\t\twindow.hsFormsOnReady.push(()=>{\n\t\t\t\t\t\t\t\thbspt.forms.create({\n\t\t\t\t\t\t\t\t\tportalId: 22822138,\n\t\t\t\t\t\t\t\t\tformId: \"847260c7-5814-4846-8e30-780ae2924051\",\n\t\t\t\t\t\t\t\t\ttarget: \"#hbspt-form-1776860303000-7871313819\",\n\t\t\t\t\t\t\t\t\tregion: \"na1\",\n\t\t\t\t\t\t\t\t\t\n\t\t\t\t\t\t\t})});\n\t\t\t\t\t\t<\/script>\n\t\t\t\t\t\t<div class=\"hbspt-form\" id=\"hbspt-form-1776860303000-7871313819\"><\/div>\t\t\t\t<\/div>\n\t\t\t\t<\/div>\n\t\t\t\t\t<\/div>\n\t\t\t\t<\/div>\n\t\t\t\t\t<\/div>\n\t\t\t\t<\/div>\n\t\t\t\t<\/div>\n\t\t","protected":false},"excerpt":{"rendered":"<p>CHARLA VIRTUAL GRATUITA Conoce el costo oculto de los veh\u00edculos de tu negocio \u00bfEst\u00e1s perdiendo dinero sin saberlo? CAPACITACI\u00d3N VIRTUAL GRATUITA Subcontratista: Conoce el costo oculto de los veh\u00edculos de tu negocio \u00bfEst\u00e1s perdiendo dinero sin saberlo? Descubre los costos que est\u00e1n afectando a las ganancias de tu negocio \ud83d\udc77\u200d\u2642\ufe0f \u00bfEres due\u00f1o de un negocio [&hellip;]<\/p>\n","protected":false},"author":2,"featured_media":0,"parent":0,"menu_order":0,"comment_status":"closed","ping_status":"closed","template":"","meta":{"_acf_changed":false,"content-type":"","footnotes":""},"class_list":["post-18672","page","type-page","status-publish","hentry"],"acf":[],"_links":{"self":[{"href":"https:\/\/satrack.com\/us\/es\/wp-json\/wp\/v2\/pages\/18672","targetHints":{"allow":["GET"]}}],"collection":[{"href":"https:\/\/satrack.com\/us\/es\/wp-json\/wp\/v2\/pages"}],"about":[{"href":"https:\/\/satrack.com\/us\/es\/wp-json\/wp\/v2\/types\/page"}],"author":[{"embeddable":true,"href":"https:\/\/satrack.com\/us\/es\/wp-json\/wp\/v2\/users\/2"}],"replies":[{"embeddable":true,"href":"https:\/\/satrack.com\/us\/es\/wp-json\/wp\/v2\/comments?post=18672"}],"version-history":[{"count":4,"href":"https:\/\/satrack.com\/us\/es\/wp-json\/wp\/v2\/pages\/18672\/revisions"}],"predecessor-version":[{"id":19042,"href":"https:\/\/satrack.com\/us\/es\/wp-json\/wp\/v2\/pages\/18672\/revisions\/19042"}],"wp:attachment":[{"href":"https:\/\/satrack.com\/us\/es\/wp-json\/wp\/v2\/media?parent=18672"}],"curies":[{"name":"wp","href":"https:\/\/api.w.org\/{rel}","templated":true}]}}