{"id":5488,"date":"2023-04-04T08:31:29","date_gmt":"2023-04-04T13:31:29","guid":{"rendered":"https:\/\/satrack.com\/pa\/?page_id=5488"},"modified":"2023-04-04T08:32:25","modified_gmt":"2023-04-04T13:32:25","slug":"descarga-app-satrack","status":"publish","type":"page","link":"https:\/\/satrack.com\/pa\/descarga-app-satrack\/","title":{"rendered":"Descarga APP Satrack"},"content":{"rendered":"\t\t<div data-elementor-type=\"wp-page\" data-elementor-id=\"5488\" class=\"elementor elementor-5488\" data-elementor-post-type=\"page\">\n\t\t\t\t<div class=\"elementor-element elementor-element-cb16a1d e-flex e-con-boxed e-con e-parent\" data-id=\"cb16a1d\" data-element_type=\"container\" data-e-type=\"container\">\n\t\t\t\t\t<div class=\"e-con-inner\">\n\t\t<div class=\"elementor-element elementor-element-6a3fd2bc e-con-full e-flex e-con e-child\" data-id=\"6a3fd2bc\" data-element_type=\"container\" data-e-type=\"container\">\n\t\t\t\t<div class=\"elementor-element elementor-element-64969df3 elementor-widget elementor-widget-image\" data-id=\"64969df3\" data-element_type=\"widget\" data-e-type=\"widget\" data-widget_type=\"image.default\">\n\t\t\t\t\t\t\t\t\t\t\t\t\t\t\t<img fetchpriority=\"high\" decoding=\"async\" width=\"650\" height=\"1126\" src=\"https:\/\/satrack.com\/pa\/wp-content\/uploads\/sites\/4\/2023\/04\/img-app-1.png\" class=\"attachment-large size-large wp-image-5231\" alt=\"mapa celular\" title=\"img-app-1.png\" \/>\t\t\t\t\t\t\t\t\t\t\t\t\t\t\t<\/div>\n\t\t\t\t<\/div>\n\t\t<div class=\"elementor-element elementor-element-3a5221da e-con-full e-flex e-con e-child\" data-id=\"3a5221da\" data-element_type=\"container\" data-e-type=\"container\">\n\t\t\t\t<div class=\"elementor-element elementor-element-43e4379 elementor-widget elementor-widget-heading\" data-id=\"43e4379\" data-element_type=\"widget\" data-e-type=\"widget\" data-widget_type=\"heading.default\">\n\t\t\t\t\t<h2 class=\"elementor-heading-title elementor-size-default\">Con nuestras App ahora podr\u00e1s:<\/h2>\t\t\t\t<\/div>\n\t\t\t\t<\/div>\n\t\t\t\t\t<\/div>\n\t\t\t\t<\/div>\n\t\t<div class=\"elementor-element elementor-element-5a9047ba e-flex e-con-boxed e-con e-parent\" data-id=\"5a9047ba\" data-element_type=\"container\" data-e-type=\"container\">\n\t\t\t\t\t<div class=\"e-con-inner\">\n\t\t\t\t<div class=\"elementor-element elementor-element-44ef4c11 elementor-widget elementor-widget-text-editor\" data-id=\"44ef4c11\" data-element_type=\"widget\" data-e-type=\"widget\" data-widget_type=\"text-editor.default\">\n\t\t\t\t\t\t\t\t\t<p>Desc\u00e1rgala o actual\u00edzala en tu celular y as\u00ed obtendr\u00e1s informaci\u00f3n a la mano y no perder\u00e1s ni un segundo de la gesti\u00f3n de tus veh\u00edculos.<\/p>\t\t\t\t\t\t\t\t<\/div>\n\t\t<div class=\"elementor-element elementor-element-67f7912a e-flex e-con-boxed e-con e-child\" data-id=\"67f7912a\" data-element_type=\"container\" data-e-type=\"container\">\n\t\t\t\t\t<div class=\"e-con-inner\">\n\t\t\t\t<div class=\"elementor-element elementor-element-55caf641 elementor-widget__width-initial elementor-widget elementor-widget-image\" data-id=\"55caf641\" data-element_type=\"widget\" data-e-type=\"widget\" data-widget_type=\"image.default\">\n\t\t\t\t\t\t\t\t\t\t\t\t\t\t\t\t<a href=\"https:\/\/play.google.com\/store\/apps\/details?id=com.satrackapp&#038;hl=es%E2%80%A8\" target=\"_blank\" rel=\"noopener\">\n\t\t\t\t\t\t\t<img decoding=\"async\" width=\"165\" height=\"53\" src=\"https:\/\/satrack.com\/pa\/wp-content\/uploads\/sites\/4\/2023\/04\/Icono-paystore-3.png\" class=\"attachment-full size-full wp-image-5489\" alt=\"google play\" title=\"Icono-paystore-3.png\" \/>\t\t\t\t\t\t\t\t<\/a>\n\t\t\t\t\t\t\t\t\t\t\t\t\t\t\t<\/div>\n\t\t\t\t<div class=\"elementor-element elementor-element-2d795510 elementor-widget__width-initial elementor-widget elementor-widget-image\" data-id=\"2d795510\" data-element_type=\"widget\" data-e-type=\"widget\" data-widget_type=\"image.default\">\n\t\t\t\t\t\t\t\t\t\t\t\t\t\t\t\t<a href=\"https:\/\/itunes.apple.com\/co\/app\/satrack\/id968050085\" target=\"_blank\" rel=\"noopener\">\n\t\t\t\t\t\t\t<img decoding=\"async\" width=\"165\" height=\"53\" src=\"https:\/\/satrack.com\/pa\/wp-content\/uploads\/sites\/4\/2023\/04\/Icono-mac-3.png\" class=\"attachment-full size-full wp-image-5490\" alt=\"app store logo\" title=\"Icono-mac-3.png\" \/>\t\t\t\t\t\t\t\t<\/a>\n\t\t\t\t\t\t\t\t\t\t\t\t\t\t\t<\/div>\n\t\t\t\t\t<\/div>\n\t\t\t\t<\/div>\n\t\t\t\t\t<\/div>\n\t\t\t\t<\/div>\n\t\t\t\t<\/div>\n\t\t","protected":false},"excerpt":{"rendered":"<p>Con nuestras App ahora podr\u00e1s: Visualizar y descargar tu factura y anexos de facturaci\u00f3n en cualquier momento. Obtener la actualizaci\u00f3n autom\u00e1tica de eventos, es decir, cuando est\u00e9s revisando un veh\u00edculo en el mapa, recibir\u00e1s los eventos sin necesidad de actualizarlo de forma manual. Conocer las nuevas l\u00edneas de Satrack para comunicar cualquier novedad o requerimiento. [&hellip;]<\/p>\n","protected":false},"author":1,"featured_media":0,"parent":0,"menu_order":0,"comment_status":"closed","ping_status":"closed","template":"","meta":{"content-type":"","footnotes":""},"class_list":["post-5488","page","type-page","status-publish","hentry"],"_links":{"self":[{"href":"https:\/\/satrack.com\/pa\/wp-json\/wp\/v2\/pages\/5488","targetHints":{"allow":["GET"]}}],"collection":[{"href":"https:\/\/satrack.com\/pa\/wp-json\/wp\/v2\/pages"}],"about":[{"href":"https:\/\/satrack.com\/pa\/wp-json\/wp\/v2\/types\/page"}],"author":[{"embeddable":true,"href":"https:\/\/satrack.com\/pa\/wp-json\/wp\/v2\/users\/1"}],"replies":[{"embeddable":true,"href":"https:\/\/satrack.com\/pa\/wp-json\/wp\/v2\/comments?post=5488"}],"version-history":[{"count":0,"href":"https:\/\/satrack.com\/pa\/wp-json\/wp\/v2\/pages\/5488\/revisions"}],"wp:attachment":[{"href":"https:\/\/satrack.com\/pa\/wp-json\/wp\/v2\/media?parent=5488"}],"curies":[{"name":"wp","href":"https:\/\/api.w.org\/{rel}","templated":true}]}}