{"id":5478,"date":"2023-04-04T08:31:28","date_gmt":"2023-04-04T13:31:28","guid":{"rendered":"https:\/\/satrack.com\/pa\/?page_id=5478"},"modified":"2024-03-06T07:20:06","modified_gmt":"2024-03-06T12:20:06","slug":"rastreo-satelital-ante-un-posible-hurto-de-vehiculo","status":"publish","type":"page","link":"https:\/\/satrack.com\/pa\/compania\/aprende-con-satrack\/rastreo-satelital-ante-un-posible-hurto-de-vehiculo\/","title":{"rendered":"Rastreo Satelital ante un posible hurto de veh\u00edculo"},"content":{"rendered":"\t\t<div data-elementor-type=\"wp-page\" data-elementor-id=\"5478\" class=\"elementor elementor-5478\" data-elementor-post-type=\"page\">\n\t\t\t\t<div class=\"elementor-element elementor-element-556e7b3b e-flex e-con-boxed e-con e-parent\" data-id=\"556e7b3b\" data-element_type=\"container\" data-e-type=\"container\" data-settings=\"{&quot;background_background&quot;:&quot;gradient&quot;}\">\n\t\t\t\t\t<div class=\"e-con-inner\">\n\t\t<div class=\"elementor-element elementor-element-32c1ca9a e-con-full e-flex e-con e-child\" data-id=\"32c1ca9a\" data-element_type=\"container\" data-e-type=\"container\">\n\t\t\t\t<div class=\"elementor-element elementor-element-1a795938 elementor-widget elementor-widget-heading\" data-id=\"1a795938\" data-element_type=\"widget\" data-e-type=\"widget\" data-widget_type=\"heading.default\">\n\t\t\t\t\t<div class=\"elementor-heading-title elementor-size-default\">Aprende con Satrack<\/div>\t\t\t\t<\/div>\n\t\t\t\t<\/div>\n\t\t<div class=\"elementor-element elementor-element-3dffd9c3 e-con-full elementor-hidden-mobile e-flex e-con e-child\" data-id=\"3dffd9c3\" data-element_type=\"container\" data-e-type=\"container\">\n\t\t\t\t<\/div>\n\t\t\t\t\t<\/div>\n\t\t\t\t<\/div>\n\t\t<div class=\"elementor-element elementor-element-3545990a e-flex e-con-boxed e-con e-parent\" data-id=\"3545990a\" data-element_type=\"container\" data-e-type=\"container\" data-settings=\"{&quot;background_background&quot;:&quot;classic&quot;}\">\n\t\t\t\t\t<div class=\"e-con-inner\">\n\t\t\t\t<div class=\"elementor-element elementor-element-775f775a elementor-widget elementor-widget-shortcode\" data-id=\"775f775a\" data-element_type=\"widget\" data-e-type=\"widget\" data-widget_type=\"shortcode.default\">\n\t\t\t\t\t\t\t<div class=\"elementor-shortcode\"><div class=\"breadcrumbs\"><a href=\"https:\/\/satrack.com\/pa\">Inicio<\/a><\/div><\/div>\n\t\t\t\t\t\t<\/div>\n\t\t\t\t\t<\/div>\n\t\t\t\t<\/div>\n\t\t<div class=\"elementor-element elementor-element-560ef01 e-flex e-con-boxed e-con e-parent\" data-id=\"560ef01\" data-element_type=\"container\" data-e-type=\"container\" data-settings=\"{&quot;background_background&quot;:&quot;classic&quot;}\">\n\t\t\t\t\t<div class=\"e-con-inner\">\n\t\t<div class=\"elementor-element elementor-element-7c24a006 e-flex e-con-boxed e-con e-child\" data-id=\"7c24a006\" data-element_type=\"container\" data-e-type=\"container\">\n\t\t\t\t\t<div class=\"e-con-inner\">\n\t\t\t\t<div class=\"elementor-element elementor-element-3516ecbd elementor-widget__width-inherit elementor-widget elementor-widget-heading\" data-id=\"3516ecbd\" data-element_type=\"widget\" data-e-type=\"widget\" data-widget_type=\"heading.default\">\n\t\t\t\t\t<h1 class=\"elementor-heading-title elementor-size-default\">Rastreo Satelital ante un posible hurto de veh\u00edculo<\/h1>\t\t\t\t<\/div>\n\t\t\t\t<div class=\"elementor-element elementor-element-35abb0bd elementor-widget elementor-widget-text-editor\" data-id=\"35abb0bd\" data-element_type=\"widget\" data-e-type=\"widget\" data-widget_type=\"text-editor.default\">\n\t\t\t\t\t\t\t\t\t<p>Descarga la gu\u00eda b\u00e1sica que te cuenta C\u00f3mo utilizar el Rastreo Satelital ante un posible hurto de veh\u00edculo<\/p>\t\t\t\t\t\t\t\t<\/div>\n\t\t\t\t<div class=\"elementor-element elementor-element-63a48ea6 elementor-widget elementor-widget-heading\" data-id=\"63a48ea6\" data-element_type=\"widget\" data-e-type=\"widget\" data-widget_type=\"heading.default\">\n\t\t\t\t\t<div class=\"elementor-heading-title elementor-size-default\">\u00a1Siempre acompa\u00f1\u00e1ndote en la v\u00eda!<\/div>\t\t\t\t<\/div>\n\t\t\t\t<div class=\"elementor-element elementor-element-7a0d1874 elementor-widget elementor-widget-image\" data-id=\"7a0d1874\" data-element_type=\"widget\" data-e-type=\"widget\" data-widget_type=\"image.default\">\n\t\t\t\t\t\t\t\t\t\t\t\t\t\t\t<img fetchpriority=\"high\" decoding=\"async\" width=\"700\" height=\"453\" src=\"https:\/\/satrack.com\/pa\/wp-content\/uploads\/sites\/4\/2023\/04\/satrack-hurto-3.jpg\" class=\"attachment-full size-full wp-image-5130\" alt=\"camiones\" title=\"satrack-hurto-3.jpg\" \/>\t\t\t\t\t\t\t\t\t\t\t\t\t\t\t<\/div>\n\t\t\t\t\t<\/div>\n\t\t\t\t<\/div>\n\t\t<div class=\"elementor-element elementor-element-25d823b8 e-flex e-con-boxed e-con e-child\" data-id=\"25d823b8\" data-element_type=\"container\" data-e-type=\"container\">\n\t\t\t\t\t<div class=\"e-con-inner\">\n\t\t\t\t<div class=\"elementor-element elementor-element-5de78789 elementor-widget__width-inherit elementor-widget elementor-widget-heading\" data-id=\"5de78789\" data-element_type=\"widget\" data-e-type=\"widget\" data-widget_type=\"heading.default\">\n\t\t\t\t\t<p class=\"elementor-heading-title elementor-size-default\">Diligencia el formulario y descarga gratis esta gui\u0301a de C\u00f3mo utilizar el Rastreo Satelital ante un posible hurto de veh\u00edculo<\/p>\t\t\t\t<\/div>\n\t\t\t\t<div class=\"elementor-element elementor-element-3dee4115 elementor-widget elementor-widget-text-editor\" data-id=\"3dee4115\" data-element_type=\"widget\" data-e-type=\"widget\" data-widget_type=\"text-editor.default\">\n\t\t\t\t\t\t\t\t\t<!--<div class=\"_form_526\"><\/div><script src=\"https:\/\/satrack.activehosted.com\/f\/embed.php?id=526\" type=\"text\/javascript\" charset=\"utf-8\"><\/script>-->\n<div role=\"main\" id=\"formulario-guia-practica-para-evitar-el-hurto-045e5e1d0854b2123f3b\"><\/div><script type=\"text\/javascript\" src=\"https:\/\/d335luupugsy2.cloudfront.net\/js\/rdstation-forms\/stable\/rdstation-forms.min.js\"><\/script><script type=\"text\/javascript\"> new RDStationForms('formulario-guia-practica-para-evitar-el-hurto-045e5e1d0854b2123f3b', 'UA-35407076-15').createForm();<\/script>\t\t\t\t\t\t\t\t<\/div>\n\t\t\t\t\t<\/div>\n\t\t\t\t<\/div>\n\t\t\t\t\t<\/div>\n\t\t\t\t<\/div>\n\t\t\t\t<\/div>\n\t\t","protected":false},"excerpt":{"rendered":"<p>Aprende con Satrack Descarga la gu\u00eda b\u00e1sica que te cuenta C\u00f3mo utilizar el Rastreo Satelital ante un posible hurto de veh\u00edculo \u00a1Siempre acompa\u00f1\u00e1ndote en la v\u00eda! Diligencia el formulario y descarga gratis esta gui\u0301a de C\u00f3mo utilizar el Rastreo Satelital ante un posible hurto de veh\u00edculo<\/p>\n","protected":false},"author":1,"featured_media":0,"parent":2,"menu_order":0,"comment_status":"closed","ping_status":"closed","template":"","meta":{"content-type":"","footnotes":""},"class_list":["post-5478","page","type-page","status-publish","hentry"],"_links":{"self":[{"href":"https:\/\/satrack.com\/pa\/wp-json\/wp\/v2\/pages\/5478","targetHints":{"allow":["GET"]}}],"collection":[{"href":"https:\/\/satrack.com\/pa\/wp-json\/wp\/v2\/pages"}],"about":[{"href":"https:\/\/satrack.com\/pa\/wp-json\/wp\/v2\/types\/page"}],"author":[{"embeddable":true,"href":"https:\/\/satrack.com\/pa\/wp-json\/wp\/v2\/users\/1"}],"replies":[{"embeddable":true,"href":"https:\/\/satrack.com\/pa\/wp-json\/wp\/v2\/comments?post=5478"}],"version-history":[{"count":0,"href":"https:\/\/satrack.com\/pa\/wp-json\/wp\/v2\/pages\/5478\/revisions"}],"up":[{"embeddable":true,"href":"https:\/\/satrack.com\/pa\/wp-json\/wp\/v2\/pages\/2"}],"wp:attachment":[{"href":"https:\/\/satrack.com\/pa\/wp-json\/wp\/v2\/media?parent=5478"}],"curies":[{"name":"wp","href":"https:\/\/api.w.org\/{rel}","templated":true}]}}