{"id":5452,"date":"2023-04-04T08:31:25","date_gmt":"2023-04-04T13:31:25","guid":{"rendered":"https:\/\/satrack.com\/pa\/?page_id=5452"},"modified":"2023-12-06T10:53:35","modified_gmt":"2023-12-06T15:53:35","slug":"procedimiento-en-caso-de-hurto","status":"publish","type":"page","link":"https:\/\/satrack.com\/pa\/compania\/aprende-con-satrack\/procedimiento-en-caso-de-hurto\/","title":{"rendered":"Procedimiento en caso de hurto"},"content":{"rendered":"\t\t<div data-elementor-type=\"wp-page\" data-elementor-id=\"5452\" class=\"elementor elementor-5452\" data-elementor-post-type=\"page\">\n\t\t\t\t<div class=\"elementor-element elementor-element-58c939f3 e-flex e-con-boxed e-con e-parent\" data-id=\"58c939f3\" data-element_type=\"container\" data-e-type=\"container\" data-settings=\"{&quot;background_background&quot;:&quot;gradient&quot;}\">\n\t\t\t\t\t<div class=\"e-con-inner\">\n\t\t<div class=\"elementor-element elementor-element-207ec85c e-con-full e-flex e-con e-child\" data-id=\"207ec85c\" data-element_type=\"container\" data-e-type=\"container\">\n\t\t\t\t<div class=\"elementor-element elementor-element-57cae518 elementor-widget elementor-widget-heading\" data-id=\"57cae518\" data-element_type=\"widget\" data-e-type=\"widget\" data-widget_type=\"heading.default\">\n\t\t\t\t\t<div class=\"elementor-heading-title elementor-size-default\">Aprende con Satrack<\/div>\t\t\t\t<\/div>\n\t\t\t\t<\/div>\n\t\t<div class=\"elementor-element elementor-element-4cfbc2fd e-con-full elementor-hidden-mobile e-flex e-con e-child\" data-id=\"4cfbc2fd\" data-element_type=\"container\" data-e-type=\"container\">\n\t\t\t\t<\/div>\n\t\t\t\t\t<\/div>\n\t\t\t\t<\/div>\n\t\t<div class=\"elementor-element elementor-element-de858d2 e-flex e-con-boxed e-con e-parent\" data-id=\"de858d2\" data-element_type=\"container\" data-e-type=\"container\" data-settings=\"{&quot;background_background&quot;:&quot;classic&quot;}\">\n\t\t\t\t\t<div class=\"e-con-inner\">\n\t\t\t\t<div class=\"elementor-element elementor-element-227ad4bb elementor-widget elementor-widget-shortcode\" data-id=\"227ad4bb\" data-element_type=\"widget\" data-e-type=\"widget\" data-widget_type=\"shortcode.default\">\n\t\t\t\t\t\t\t<div class=\"elementor-shortcode\"><div class=\"breadcrumbs\"><a href=\"https:\/\/satrack.com\/pa\">Inicio<\/a><\/div><\/div>\n\t\t\t\t\t\t<\/div>\n\t\t\t\t\t<\/div>\n\t\t\t\t<\/div>\n\t\t<div class=\"elementor-element elementor-element-3318ae1e e-flex e-con-boxed e-con e-parent\" data-id=\"3318ae1e\" data-element_type=\"container\" data-e-type=\"container\" data-settings=\"{&quot;background_background&quot;:&quot;classic&quot;}\">\n\t\t\t\t\t<div class=\"e-con-inner\">\n\t\t<div class=\"elementor-element elementor-element-78f2ecdd e-flex e-con-boxed e-con e-child\" data-id=\"78f2ecdd\" data-element_type=\"container\" data-e-type=\"container\">\n\t\t\t\t\t<div class=\"e-con-inner\">\n\t\t\t\t<div class=\"elementor-element elementor-element-6d7adbf4 elementor-widget__width-inherit elementor-widget elementor-widget-heading\" data-id=\"6d7adbf4\" data-element_type=\"widget\" data-e-type=\"widget\" data-widget_type=\"heading.default\">\n\t\t\t\t\t<h1 class=\"elementor-heading-title elementor-size-default\">Procedimiento en caso de hurto<\/h1>\t\t\t\t<\/div>\n\t\t\t\t<div class=\"elementor-element elementor-element-6ab74e4f elementor-widget elementor-widget-text-editor\" data-id=\"6ab74e4f\" data-element_type=\"widget\" data-e-type=\"widget\" data-widget_type=\"text-editor.default\">\n\t\t\t\t\t\t\t\t\tDescarga la gu\u00eda b\u00e1sica que te cuenta c\u00f3mo es el acompa\u00f1amiento que recibes de parte de nuestra Central de Monitoreo en caso de hurto.\t\t\t\t\t\t\t\t<\/div>\n\t\t\t\t<div class=\"elementor-element elementor-element-6be18c00 elementor-widget elementor-widget-heading\" data-id=\"6be18c00\" data-element_type=\"widget\" data-e-type=\"widget\" data-widget_type=\"heading.default\">\n\t\t\t\t\t<div class=\"elementor-heading-title elementor-size-default\">\u00a1Siempre acompa\u00f1\u00e1ndote en la v\u00eda!<\/div>\t\t\t\t<\/div>\n\t\t\t\t<div class=\"elementor-element elementor-element-97497ad elementor-widget elementor-widget-image\" data-id=\"97497ad\" data-element_type=\"widget\" data-e-type=\"widget\" data-widget_type=\"image.default\">\n\t\t\t\t\t\t\t\t\t\t\t\t\t\t\t<img fetchpriority=\"high\" decoding=\"async\" width=\"700\" height=\"453\" src=\"https:\/\/satrack.com\/pa\/wp-content\/uploads\/sites\/4\/2023\/04\/hurto_carro-3.jpg\" class=\"attachment-full size-full wp-image-5129\" alt=\"hurto carro\" title=\"hurto_carro-3.jpg\" \/>\t\t\t\t\t\t\t\t\t\t\t\t\t\t\t<\/div>\n\t\t\t\t\t<\/div>\n\t\t\t\t<\/div>\n\t\t<div class=\"elementor-element elementor-element-20775420 e-flex e-con-boxed e-con e-child\" data-id=\"20775420\" data-element_type=\"container\" data-e-type=\"container\">\n\t\t\t\t\t<div class=\"e-con-inner\">\n\t\t\t\t<div class=\"elementor-element elementor-element-339806d elementor-widget__width-inherit elementor-widget elementor-widget-heading\" data-id=\"339806d\" data-element_type=\"widget\" data-e-type=\"widget\" data-widget_type=\"heading.default\">\n\t\t\t\t\t<p class=\"elementor-heading-title elementor-size-default\">Diligencia el formulario y descarga gratis esta gui\u0301a de Procedimiento en caso de Hurto<\/p>\t\t\t\t<\/div>\n\t\t\t\t<div class=\"elementor-element elementor-element-8797c7a elementor-widget elementor-widget-html\" data-id=\"8797c7a\" data-element_type=\"widget\" data-e-type=\"widget\" data-widget_type=\"html.default\">\n\t\t\t\t\t<div id=\"formulario-procedimiento-en-caso-de-hurto-114e2e485b853fd7aae3\" role=\"main\"><\/div>\r\n<script type=\"text\/javascript\" src=\"https:\/\/d335luupugsy2.cloudfront.net\/js\/rdstation-forms\/stable\/rdstation-forms.min.js\"><\/script><script type=\"text\/javascript\"> new RDStationForms('formulario-procedimiento-en-caso-de-hurto-114e2e485b853fd7aae3', 'UA-35407076-15').createForm();<\/script>\r\n\t\t\t\t<\/div>\n\t\t\t\t\t<\/div>\n\t\t\t\t<\/div>\n\t\t\t\t\t<\/div>\n\t\t\t\t<\/div>\n\t\t\t\t<\/div>\n\t\t","protected":false},"excerpt":{"rendered":"<p>Aprende con Satrack Descarga la gu\u00eda b\u00e1sica que te cuenta c\u00f3mo es el acompa\u00f1amiento que recibes de parte de nuestra Central de Monitoreo en caso de hurto. \u00a1Siempre acompa\u00f1\u00e1ndote en la v\u00eda! Diligencia el formulario y descarga gratis esta gui\u0301a de Procedimiento en caso de Hurto<\/p>\n","protected":false},"author":1,"featured_media":0,"parent":2,"menu_order":0,"comment_status":"closed","ping_status":"closed","template":"","meta":{"content-type":"","footnotes":""},"class_list":["post-5452","page","type-page","status-publish","hentry"],"_links":{"self":[{"href":"https:\/\/satrack.com\/pa\/wp-json\/wp\/v2\/pages\/5452","targetHints":{"allow":["GET"]}}],"collection":[{"href":"https:\/\/satrack.com\/pa\/wp-json\/wp\/v2\/pages"}],"about":[{"href":"https:\/\/satrack.com\/pa\/wp-json\/wp\/v2\/types\/page"}],"author":[{"embeddable":true,"href":"https:\/\/satrack.com\/pa\/wp-json\/wp\/v2\/users\/1"}],"replies":[{"embeddable":true,"href":"https:\/\/satrack.com\/pa\/wp-json\/wp\/v2\/comments?post=5452"}],"version-history":[{"count":0,"href":"https:\/\/satrack.com\/pa\/wp-json\/wp\/v2\/pages\/5452\/revisions"}],"up":[{"embeddable":true,"href":"https:\/\/satrack.com\/pa\/wp-json\/wp\/v2\/pages\/2"}],"wp:attachment":[{"href":"https:\/\/satrack.com\/pa\/wp-json\/wp\/v2\/media?parent=5452"}],"curies":[{"name":"wp","href":"https:\/\/api.w.org\/{rel}","templated":true}]}}