{"id":5440,"date":"2023-04-04T08:31:23","date_gmt":"2023-04-04T13:31:23","guid":{"rendered":"https:\/\/satrack.com\/pa\/?page_id=5440"},"modified":"2023-04-04T08:32:21","modified_gmt":"2023-04-04T13:32:21","slug":"terminos-y-condiciones-pasa-todos-tus-vehiculos-a-satrack","status":"publish","type":"page","link":"https:\/\/satrack.com\/pa\/terminos-y-condiciones-pasa-todos-tus-vehiculos-a-satrack\/","title":{"rendered":"T\u00e9rminos y condiciones &#8211; Pasa todos tus veh\u00edculos a Satrack"},"content":{"rendered":"\t\t<div data-elementor-type=\"wp-page\" data-elementor-id=\"5440\" class=\"elementor elementor-5440\" data-elementor-post-type=\"page\">\n\t\t\t\t\t\t<section class=\"elementor-section elementor-top-section elementor-element elementor-element-3fd8d703 elementor-section-boxed elementor-section-height-default elementor-section-height-default\" data-id=\"3fd8d703\" data-element_type=\"section\" data-e-type=\"section\">\n\t\t\t\t\t\t<div class=\"elementor-container elementor-column-gap-default\">\n\t\t\t\t\t<div class=\"elementor-column elementor-col-100 elementor-top-column elementor-element elementor-element-2150ff4a\" data-id=\"2150ff4a\" data-element_type=\"column\" data-e-type=\"column\">\n\t\t\t<div class=\"elementor-widget-wrap elementor-element-populated\">\n\t\t\t\t\t\t<div class=\"elementor-element elementor-element-516b788d elementor-widget elementor-widget-text-editor\" data-id=\"516b788d\" data-element_type=\"widget\" data-e-type=\"widget\" data-widget_type=\"text-editor.default\">\n\t\t\t\t\t\t\t\t\t<p><\/p>\n<p style=\"font-size: 1.2rem; font-style: normal; font-weight: bold;\">Solo por ser cliente Satrack, activa otro veh\u00edculo y obt\u00e9n la mano de obra en instalaci\u00f3n GRATIS.<\/p>\n<p><\/p>\n<ul class=\"wp-block-list\">\n<li style=\"list-style-type: none;\">\n<ul><\/ul>\n<\/li>\n<\/ul>\n<p>\u00a0<\/p>\n<ul>\n<li style=\"list-style-type: none;\">\n<ul>\n<li>Para entregar el beneficio, el cliente Satrack debe haber enviado los datos solicitados en el siguiente link:\u00a0https:\/\/www.satrack.com.co\/pasate-a-satrack<\/li>\n<li>Las condiciones de estudio de cr\u00e9dito, formas de pago y dem\u00e1s condiciones de activaci\u00f3n del servicio permanecen sin cambio.<\/li>\n<li>El beneficio ser\u00e1 otorgado a los primeros 300 clientes que activen el servicio a otro de sus veh\u00edculos a su nombre.<\/li>\n<\/ul>\n<\/li>\n<\/ul>\n<p><\/p>\n<ul>\n<li style=\"list-style-type: none;\">\n<ul>\n<li>Recibe la instalaci\u00f3n gratis en las siguientes ciudades: Cartagena, Barranquilla, Bogot\u00e1, Medell\u00edn, Pereira, Cali, Duitama, Tame. En caso de que el cliente no tenga disponibilidad de instalar en esta ciudad podr\u00e1 cubrir los gastos de translado del t\u00e9cnico hasta el lugar requerido o podr\u00e1 acceder a un bono de 100.000 pesos para la compra de llantas del Club de Amigos.<\/li>\n<\/ul>\n<\/li>\n<\/ul>\n<p><\/p>\n<ul>\n<li style=\"list-style-type: none;\">\n<ul>\n<li>El cliente debe encontrarse al d\u00eda con sus pagos.<\/li>\n<\/ul>\n<\/li>\n<\/ul>\n<p><\/p>\n<ul>\n<li style=\"list-style-type: none;\">\n<ul>\n<li>Satrack se reserva el derecho de dar por finalizada la promoci\u00f3n antes del t\u00e9rmino establecido.<\/li>\n<\/ul>\n<\/li>\n<\/ul>\n<p><\/p>\n<ul>\n<li style=\"list-style-type: none;\">\n<ul>\n<li>Este beneficio no es acumulable con otras promociones.<\/li>\n<\/ul>\n<\/li>\n<\/ul>\n<p><\/p>\n<ul>\n<li style=\"list-style-type: none;\">\n<ul>\n<li>V\u00e1lido para persona natural en Colombia.<\/li>\n<\/ul>\n<\/li>\n<\/ul>\n<p><\/p>\n<p><\/p>\t\t\t\t\t\t\t\t<\/div>\n\t\t\t\t\t<\/div>\n\t\t<\/div>\n\t\t\t\t\t<\/div>\n\t\t<\/section>\n\t\t\t\t<\/div>\n\t\t","protected":false},"excerpt":{"rendered":"<p>Solo por ser cliente Satrack, activa otro veh\u00edculo y obt\u00e9n la mano de obra en instalaci\u00f3n GRATIS.<\/p>\n","protected":false},"author":1,"featured_media":0,"parent":0,"menu_order":0,"comment_status":"closed","ping_status":"closed","template":"","meta":{"content-type":"","footnotes":""},"class_list":["post-5440","page","type-page","status-publish","hentry"],"_links":{"self":[{"href":"https:\/\/satrack.com\/pa\/wp-json\/wp\/v2\/pages\/5440","targetHints":{"allow":["GET"]}}],"collection":[{"href":"https:\/\/satrack.com\/pa\/wp-json\/wp\/v2\/pages"}],"about":[{"href":"https:\/\/satrack.com\/pa\/wp-json\/wp\/v2\/types\/page"}],"author":[{"embeddable":true,"href":"https:\/\/satrack.com\/pa\/wp-json\/wp\/v2\/users\/1"}],"replies":[{"embeddable":true,"href":"https:\/\/satrack.com\/pa\/wp-json\/wp\/v2\/comments?post=5440"}],"version-history":[{"count":0,"href":"https:\/\/satrack.com\/pa\/wp-json\/wp\/v2\/pages\/5440\/revisions"}],"wp:attachment":[{"href":"https:\/\/satrack.com\/pa\/wp-json\/wp\/v2\/media?parent=5440"}],"curies":[{"name":"wp","href":"https:\/\/api.w.org\/{rel}","templated":true}]}}