{"id":191,"date":"2024-09-13T06:48:01","date_gmt":"2024-09-13T11:48:01","guid":{"rendered":"https:\/\/pruebas.satrack.com.ec\/?page_id=191"},"modified":"2024-09-13T06:48:01","modified_gmt":"2024-09-13T11:48:01","slug":"procedimiento-en-caso-de-hurto","status":"publish","type":"page","link":"https:\/\/satrack.com\/ec\/procedimiento-en-caso-de-hurto\/","title":{"rendered":"Procedimiento en caso de hurto"},"content":{"rendered":"\t\t<div data-elementor-type=\"wp-page\" data-elementor-id=\"191\" class=\"elementor elementor-191\" data-elementor-post-type=\"page\">\n\t\t\t\t<div class=\"elementor-element elementor-element-18522c23 e-flex e-con-boxed e-con e-parent\" data-id=\"18522c23\" data-element_type=\"container\" data-e-type=\"container\" data-settings=\"{&quot;background_background&quot;:&quot;gradient&quot;}\">\n\t\t\t\t\t<div class=\"e-con-inner\">\n\t\t<div class=\"elementor-element elementor-element-49f28dfe e-con-full e-flex e-con e-child\" data-id=\"49f28dfe\" data-element_type=\"container\" data-e-type=\"container\">\n\t\t\t\t<div class=\"elementor-element elementor-element-77a01517 elementor-widget elementor-widget-heading\" data-id=\"77a01517\" data-element_type=\"widget\" data-e-type=\"widget\" data-widget_type=\"heading.default\">\n\t\t\t\t\t<div class=\"elementor-heading-title elementor-size-default\">Aprende con Satrack<\/div>\t\t\t\t<\/div>\n\t\t\t\t<\/div>\n\t\t<div class=\"elementor-element elementor-element-395f92c3 e-con-full elementor-hidden-mobile e-flex e-con e-child\" data-id=\"395f92c3\" data-element_type=\"container\" data-e-type=\"container\">\n\t\t\t\t<\/div>\n\t\t\t\t\t<\/div>\n\t\t\t\t<\/div>\n\t\t<div class=\"elementor-element elementor-element-2dd6b73e e-flex e-con-boxed e-con e-parent\" data-id=\"2dd6b73e\" data-element_type=\"container\" data-e-type=\"container\" data-settings=\"{&quot;background_background&quot;:&quot;classic&quot;}\">\n\t\t\t\t\t<div class=\"e-con-inner\">\n\t\t\t\t<div class=\"elementor-element elementor-element-4fdd1240 elementor-widget elementor-widget-shortcode\" data-id=\"4fdd1240\" data-element_type=\"widget\" data-e-type=\"widget\" data-widget_type=\"shortcode.default\">\n\t\t\t\t\t\t\t<div class=\"elementor-shortcode\"><div class=\"breadcrumbs\"><a href=\"https:\/\/satrack.com\/ec\">Inicio<\/a><\/div><\/div>\n\t\t\t\t\t\t<\/div>\n\t\t\t\t\t<\/div>\n\t\t\t\t<\/div>\n\t\t<div class=\"elementor-element elementor-element-480e7384 e-flex e-con-boxed e-con e-parent\" data-id=\"480e7384\" data-element_type=\"container\" data-e-type=\"container\" data-settings=\"{&quot;background_background&quot;:&quot;classic&quot;}\">\n\t\t\t\t\t<div class=\"e-con-inner\">\n\t\t<div class=\"elementor-element elementor-element-79e08875 e-flex e-con-boxed e-con e-child\" data-id=\"79e08875\" data-element_type=\"container\" data-e-type=\"container\">\n\t\t\t\t\t<div class=\"e-con-inner\">\n\t\t\t\t<div class=\"elementor-element elementor-element-93609f7 elementor-widget__width-inherit elementor-widget elementor-widget-heading\" data-id=\"93609f7\" data-element_type=\"widget\" data-e-type=\"widget\" data-widget_type=\"heading.default\">\n\t\t\t\t\t<h1 class=\"elementor-heading-title elementor-size-default\">Procedimiento en caso de hurto<\/h1>\t\t\t\t<\/div>\n\t\t\t\t<div class=\"elementor-element elementor-element-789ea9b0 elementor-widget elementor-widget-text-editor\" data-id=\"789ea9b0\" data-element_type=\"widget\" data-e-type=\"widget\" data-widget_type=\"text-editor.default\">\n\t\t\t\t\t\t\t\t\tDescarga la gu\u00eda b\u00e1sica que te cuenta c\u00f3mo es el acompa\u00f1amiento que recibes de parte de nuestra Central de Monitoreo en caso de hurto.\t\t\t\t\t\t\t\t<\/div>\n\t\t\t\t<div class=\"elementor-element elementor-element-14b954e elementor-widget elementor-widget-heading\" data-id=\"14b954e\" data-element_type=\"widget\" data-e-type=\"widget\" data-widget_type=\"heading.default\">\n\t\t\t\t\t<div class=\"elementor-heading-title elementor-size-default\">\u00a1Siempre acompa\u00f1\u00e1ndote en la v\u00eda!<\/div>\t\t\t\t<\/div>\n\t\t\t\t<div class=\"elementor-element elementor-element-3a10b490 elementor-widget elementor-widget-image\" data-id=\"3a10b490\" data-element_type=\"widget\" data-e-type=\"widget\" data-widget_type=\"image.default\">\n\t\t\t\t\t\t\t\t\t\t\t\t\t\t\t<img fetchpriority=\"high\" decoding=\"async\" width=\"700\" height=\"453\" src=\"https:\/\/satrack.com\/ec\/wp-content\/uploads\/sites\/3\/2023\/02\/hurto_carro-3.jpg\" class=\"attachment-full size-full wp-image-47\" alt=\"persona forzando cerradura de auto\" title=\"hurto_carro.jpg\" \/>\t\t\t\t\t\t\t\t\t\t\t\t\t\t\t<\/div>\n\t\t\t\t\t<\/div>\n\t\t\t\t<\/div>\n\t\t<div class=\"elementor-element elementor-element-5388a9cb elementor-hidden-desktop elementor-hidden-tablet elementor-hidden-mobile e-flex e-con-boxed e-con e-child\" data-id=\"5388a9cb\" data-element_type=\"container\" data-e-type=\"container\">\n\t\t\t\t\t<div class=\"e-con-inner\">\n\t\t\t\t<div class=\"elementor-element elementor-element-188c85b9 elementor-widget__width-inherit elementor-widget elementor-widget-heading\" data-id=\"188c85b9\" data-element_type=\"widget\" data-e-type=\"widget\" data-widget_type=\"heading.default\">\n\t\t\t\t\t<p class=\"elementor-heading-title elementor-size-default\">Diligencia el formulario y descarga gratis esta gui\u0301a de Procedimiento en caso de Hurto<\/p>\t\t\t\t<\/div>\n\t\t\t\t<div class=\"elementor-element elementor-element-29808b89 elementor-hidden-desktop elementor-hidden-tablet elementor-hidden-mobile elementor-widget elementor-widget-text-editor\" data-id=\"29808b89\" data-element_type=\"widget\" data-e-type=\"widget\" data-widget_type=\"text-editor.default\">\n\t\t\t\t\t\t\t\t\t<!--<div class=\"_form_363\"><\/div><script src=\"https:\/\/satrack.activehosted.com\/f\/embed.php?id=363\" type=\"text\/javascript\" charset=\"utf-8\"><\/script>-->\n<div role=\"main\" id=\"formulario-procedimiento-en-caso-de-hurto-114e2e485b853fd7aae3\"><\/div><script type=\"text\/javascript\" src=\"https:\/\/d335luupugsy2.cloudfront.net\/js\/rdstation-forms\/stable\/rdstation-forms.min.js\"><\/script><script type=\"text\/javascript\"> new RDStationForms('formulario-procedimiento-en-caso-de-hurto-114e2e485b853fd7aae3', 'UA-35407076-15').createForm();<\/script>\t\t\t\t\t\t\t\t<\/div>\n\t\t\t\t\t<\/div>\n\t\t\t\t<\/div>\n\t\t\t\t\t<\/div>\n\t\t\t\t<\/div>\n\t\t\t\t<\/div>\n\t\t","protected":false},"excerpt":{"rendered":"<p>Aprende con Satrack Descarga la gu\u00eda b\u00e1sica que te cuenta c\u00f3mo es el acompa\u00f1amiento que recibes de parte de nuestra Central de Monitoreo en caso de hurto. \u00a1Siempre acompa\u00f1\u00e1ndote en la v\u00eda! Diligencia el formulario y descarga gratis esta gui\u0301a de Procedimiento en caso de Hurto<\/p>\n","protected":false},"author":1,"featured_media":0,"parent":0,"menu_order":0,"comment_status":"closed","ping_status":"closed","template":"","meta":{"footnotes":""},"class_list":["post-191","page","type-page","status-publish","hentry"],"_links":{"self":[{"href":"https:\/\/satrack.com\/ec\/wp-json\/wp\/v2\/pages\/191","targetHints":{"allow":["GET"]}}],"collection":[{"href":"https:\/\/satrack.com\/ec\/wp-json\/wp\/v2\/pages"}],"about":[{"href":"https:\/\/satrack.com\/ec\/wp-json\/wp\/v2\/types\/page"}],"author":[{"embeddable":true,"href":"https:\/\/satrack.com\/ec\/wp-json\/wp\/v2\/users\/1"}],"replies":[{"embeddable":true,"href":"https:\/\/satrack.com\/ec\/wp-json\/wp\/v2\/comments?post=191"}],"version-history":[{"count":0,"href":"https:\/\/satrack.com\/ec\/wp-json\/wp\/v2\/pages\/191\/revisions"}],"wp:attachment":[{"href":"https:\/\/satrack.com\/ec\/wp-json\/wp\/v2\/media?parent=191"}],"curies":[{"name":"wp","href":"https:\/\/api.w.org\/{rel}","templated":true}]}}