{"id":42273,"date":"2025-07-17T09:09:18","date_gmt":"2025-07-17T14:09:18","guid":{"rendered":"https:\/\/satrack.com\/co\/?page_id=42273"},"modified":"2025-07-17T09:10:32","modified_gmt":"2025-07-17T14:10:32","slug":"vinculacion-de-terceros","status":"publish","type":"page","link":"https:\/\/satrack.com\/co\/soluciones\/transportistas\/vinculacion-de-terceros\/","title":{"rendered":"Vinculaci\u00f3n de terceros"},"content":{"rendered":"\t\t<div data-elementor-type=\"wp-page\" data-elementor-id=\"42273\" class=\"elementor elementor-42273\" data-elementor-post-type=\"page\">\n\t\t\t\t<div class=\"elementor-element elementor-element-10a3d63 e-flex e-con-boxed e-con e-parent\" data-id=\"10a3d63\" data-element_type=\"container\" data-e-type=\"container\">\n\t\t\t\t\t<div class=\"e-con-inner\">\n\t\t\t\t<div class=\"elementor-element elementor-element-841faed elementor-widget__width-initial elementor-widget elementor-widget-heading\" data-id=\"841faed\" data-element_type=\"widget\" data-e-type=\"widget\" data-widget_type=\"heading.default\">\n\t\t\t\t\t<h2 class=\"elementor-heading-title elementor-size-default\">Estamos en construcci\u00f3n,<br>pero muy pronto tendras m\u00e1s informaci\u00f3n sobre el proceso de <span>vinculaci\u00f3n de terceros<\/span><\/h2>\t\t\t\t<\/div>\n\t\t\t\t\t<\/div>\n\t\t\t\t<\/div>\n\t\t\t\t<\/div>\n\t\t","protected":false},"excerpt":{"rendered":"<p>Estamos en construcci\u00f3n,pero muy pronto tendras m\u00e1s informaci\u00f3n sobre el proceso de vinculaci\u00f3n de terceros<\/p>\n","protected":false},"author":1,"featured_media":0,"parent":13624,"menu_order":0,"comment_status":"closed","ping_status":"closed","template":"","meta":{"footnotes":""},"class_list":["post-42273","page","type-page","status-publish","hentry"],"_links":{"self":[{"href":"https:\/\/satrack.com\/co\/wp-json\/wp\/v2\/pages\/42273","targetHints":{"allow":["GET"]}}],"collection":[{"href":"https:\/\/satrack.com\/co\/wp-json\/wp\/v2\/pages"}],"about":[{"href":"https:\/\/satrack.com\/co\/wp-json\/wp\/v2\/types\/page"}],"author":[{"embeddable":true,"href":"https:\/\/satrack.com\/co\/wp-json\/wp\/v2\/users\/1"}],"replies":[{"embeddable":true,"href":"https:\/\/satrack.com\/co\/wp-json\/wp\/v2\/comments?post=42273"}],"version-history":[{"count":0,"href":"https:\/\/satrack.com\/co\/wp-json\/wp\/v2\/pages\/42273\/revisions"}],"up":[{"embeddable":true,"href":"https:\/\/satrack.com\/co\/wp-json\/wp\/v2\/pages\/13624"}],"wp:attachment":[{"href":"https:\/\/satrack.com\/co\/wp-json\/wp\/v2\/media?parent=42273"}],"curies":[{"name":"wp","href":"https:\/\/api.w.org\/{rel}","templated":true}]}}