{"id":40012,"date":"2025-03-19T08:14:20","date_gmt":"2025-03-19T13:14:20","guid":{"rendered":"https:\/\/satrack.com\/co\/?page_id=40012"},"modified":"2025-03-20T11:41:41","modified_gmt":"2025-03-20T16:41:41","slug":"velocity-go","status":"publish","type":"page","link":"https:\/\/satrack.com\/co\/compania\/partners\/velocity-go\/","title":{"rendered":"Velocity GO"},"content":{"rendered":"\t\t<div data-elementor-type=\"wp-page\" data-elementor-id=\"40012\" class=\"elementor elementor-40012\" data-elementor-post-type=\"page\">\n\t\t\t\t<div class=\"elementor-element elementor-element-6e47f4d e-flex e-con-boxed e-con e-parent\" data-id=\"6e47f4d\" data-element_type=\"container\" data-e-type=\"container\" data-settings=\"{&quot;background_background&quot;:&quot;classic&quot;}\">\n\t\t\t\t\t<div class=\"e-con-inner\">\n\t\t\t\t<div class=\"elementor-element elementor-element-fbc3c9d elementor-widget elementor-widget-shortcode\" data-id=\"fbc3c9d\" data-element_type=\"widget\" data-e-type=\"widget\" data-widget_type=\"shortcode.default\">\n\t\t\t\t\t\t\t<div class=\"elementor-shortcode\"><div class=\"breadcrumbs\"><a href=\"https:\/\/satrack.com\/co\">Inicio<\/a><\/div><\/div>\n\t\t\t\t\t\t<\/div>\n\t\t\t\t\t<\/div>\n\t\t\t\t<\/div>\n\t\t<div class=\"elementor-element elementor-element-3617376 e-flex e-con-boxed e-con e-parent\" data-id=\"3617376\" data-element_type=\"container\" data-e-type=\"container\">\n\t\t\t\t\t<div class=\"e-con-inner\">\n\t\t<div class=\"elementor-element elementor-element-75cb0d2 e-con-full e-flex e-con e-child\" data-id=\"75cb0d2\" data-element_type=\"container\" data-e-type=\"container\">\n\t\t<div class=\"elementor-element elementor-element-be154a4 e-con-full e-flex e-con e-child\" data-id=\"be154a4\" data-element_type=\"container\" data-e-type=\"container\">\n\t\t\t\t<div class=\"elementor-element elementor-element-7698eb0 elementor-widget__width-initial elementor-widget elementor-widget-image\" data-id=\"7698eb0\" data-element_type=\"widget\" data-e-type=\"widget\" data-widget_type=\"image.default\">\n\t\t\t\t\t\t\t\t\t\t\t\t\t\t\t\t<a href=\"https:\/\/satrack.com\/co\/compania\/partners\/\">\n\t\t\t\t\t\t\t<img fetchpriority=\"high\" decoding=\"async\" width=\"1320\" height=\"291\" src=\"https:\/\/satrack.com\/co\/wp-content\/uploads\/sites\/2\/2025\/03\/logo-partners_invertido-color.svg\" class=\"attachment-large size-large wp-image-38984\" alt=\"\" title=\"logo partners_invertido color\">\t\t\t\t\t\t\t\t<\/a>\n\t\t\t\t\t\t\t\t\t\t\t\t\t\t\t<\/div>\n\t\t<div class=\"elementor-element elementor-element-a9d1809 e-con-full e-flex e-con e-child\" data-id=\"a9d1809\" data-element_type=\"container\" data-e-type=\"container\" data-settings=\"{&quot;background_background&quot;:&quot;classic&quot;}\">\n\t\t\t\t<\/div>\n\t\t\t\t<div class=\"elementor-element elementor-element-cf567a2 elementor-widget__width-initial elementor-widget elementor-widget-image\" data-id=\"cf567a2\" data-element_type=\"widget\" data-e-type=\"widget\" data-widget_type=\"image.default\">\n\t\t\t\t\t\t\t\t\t\t\t\t\t\t\t\t<a href=\"https:\/\/velocitygo.co\/\" target=\"_blank\" rel=\"noopener\">\n\t\t\t\t\t\t\t<img decoding=\"async\" width=\"764\" height=\"307\" src=\"https:\/\/satrack.com\/co\/wp-content\/uploads\/sites\/2\/2025\/03\/velocity.webp\" class=\"attachment-large size-large wp-image-39030\" alt=\"\" title=\"velocity\">\t\t\t\t\t\t\t\t<\/a>\n\t\t\t\t\t\t\t\t\t\t\t\t\t\t\t<\/div>\n\t\t\t\t<\/div>\n\t\t\t\t<div class=\"elementor-element elementor-element-5760ec6 elementor-widget elementor-widget-heading\" data-id=\"5760ec6\" data-element_type=\"widget\" data-e-type=\"widget\" data-widget_type=\"heading.default\">\n\t\t\t\t\t<h1 class=\"elementor-heading-title elementor-size-default\">Velocity GO<\/h1>\t\t\t\t<\/div>\n\t\t\t\t<div class=\"elementor-element elementor-element-1fe10f0 elementor-widget elementor-widget-text-editor\" data-id=\"1fe10f0\" data-element_type=\"widget\" data-e-type=\"widget\" data-widget_type=\"text-editor.default\">\n\t\t\t\t\t\t\t\t\t<p>Es un software integral y modular dise\u00f1ado para centralizar, simplificar y optimizar toda la operaci\u00f3n log\u00edstica de tu ecommerce.<\/p>\t\t\t\t\t\t\t\t<\/div>\n\t\t\t\t<\/div>\n\t\t<div class=\"elementor-element elementor-element-2a4a670 e-con-full e-flex elementor-invisible e-con e-child\" data-id=\"2a4a670\" data-element_type=\"container\" data-e-type=\"container\" data-settings=\"{&quot;animation&quot;:&quot;slideInRight&quot;}\">\n\t\t\t\t<div class=\"elementor-element elementor-element-ffc9491 elementor-widget elementor-widget-image\" data-id=\"ffc9491\" data-element_type=\"widget\" data-e-type=\"widget\" data-widget_type=\"image.default\">\n\t\t\t\t\t\t\t\t\t\t\t\t\t\t\t<img decoding=\"async\" width=\"500\" height=\"700\" src=\"https:\/\/satrack.com\/co\/wp-content\/uploads\/sites\/2\/2025\/03\/Box.webp\" class=\"attachment-large size-large wp-image-40086\" alt=\"VelocityGO\" srcset=\"https:\/\/satrack.com\/co\/wp-content\/uploads\/sites\/2\/2025\/03\/Box.webp 500w, https:\/\/satrack.com\/co\/wp-content\/uploads\/sites\/2\/2025\/03\/Box-429x600.webp 429w\" sizes=\"(max-width: 500px) 100vw, 500px\" title=\"VelocityGO\" \/>\t\t\t\t\t\t\t\t\t\t\t\t\t\t\t<\/div>\n\t\t\t\t<\/div>\n\t\t\t\t\t<\/div>\n\t\t\t\t<\/div>\n\t\t<div class=\"elementor-element elementor-element-6eab5c2 e-flex e-con-boxed e-con e-parent\" data-id=\"6eab5c2\" data-element_type=\"container\" data-e-type=\"container\" data-settings=\"{&quot;background_background&quot;:&quot;gradient&quot;}\">\n\t\t\t\t\t<div class=\"e-con-inner\">\n\t\t\t\t<div class=\"elementor-element elementor-element-8722e68 elementor-widget__width-initial elementor-widget elementor-widget-text-editor\" data-id=\"8722e68\" data-element_type=\"widget\" data-e-type=\"widget\" data-widget_type=\"text-editor.default\">\n\t\t\t\t\t\t\t\t\t<p>Con nuestra plataforma, tendr\u00e1s un control total de \u00f3rdenes, inventarios, bodegas y transporte en un solo lugar, eliminando tareas mec\u00e1nicas y desgastantes. Adem\u00e1s, impulsamos tu negocio hacia la omnicanalidad, permiti\u00e9ndote vender en m\u00faltiples plataformas sin complicaciones.<\/p>\t\t\t\t\t\t\t\t<\/div>\n\t\t<div class=\"elementor-element elementor-element-82bd801 e-con-full e-flex e-con e-child\" data-id=\"82bd801\" data-element_type=\"container\" data-e-type=\"container\">\n\t\t<div class=\"elementor-element elementor-element-ff27de4 e-con-full e-flex elementor-invisible e-con e-child\" data-id=\"ff27de4\" data-element_type=\"container\" data-e-type=\"container\" data-settings=\"{&quot;background_background&quot;:&quot;classic&quot;,&quot;animation&quot;:&quot;fadeInLeft&quot;,&quot;animation_mobile&quot;:&quot;none&quot;}\">\n\t\t\t\t<div class=\"elementor-element elementor-element-f5dc2cc elementor-widget elementor-widget-heading\" data-id=\"f5dc2cc\" data-element_type=\"widget\" data-e-type=\"widget\" data-widget_type=\"heading.default\">\n\t\t\t\t\t<h2 class=\"elementor-heading-title elementor-size-default\">La automatizaci\u00f3n de la log\u00edstica de ecommerce reduce en un 20% los costos log\u00edsticos.<\/h2>\t\t\t\t<\/div>\n\t\t\t\t<div class=\"elementor-element elementor-element-f71234d elementor-widget-divider--view-line elementor-widget elementor-widget-divider\" data-id=\"f71234d\" data-element_type=\"widget\" data-e-type=\"widget\" data-widget_type=\"divider.default\">\n\t\t\t\t\t\t\t<div class=\"elementor-divider\">\n\t\t\t<span class=\"elementor-divider-separator\">\n\t\t\t\t\t\t<\/span>\n\t\t<\/div>\n\t\t\t\t\t\t<\/div>\n\t\t\t\t<div class=\"elementor-element elementor-element-5bbbe7f titulo_num elementor-widget elementor-widget-heading\" data-id=\"5bbbe7f\" data-element_type=\"widget\" data-e-type=\"widget\" data-widget_type=\"heading.default\">\n\t\t\t\t\t<h2 class=\"elementor-heading-title elementor-size-default\">\u00bfErrores manuales y falta de trazabilidad?<\/h2>\t\t\t\t<\/div>\n\t\t\t\t<div class=\"elementor-element elementor-element-b5eaead elementor-widget elementor-widget-text-editor\" data-id=\"b5eaead\" data-element_type=\"widget\" data-e-type=\"widget\" data-widget_type=\"text-editor.default\">\n\t\t\t\t\t\t\t\t\t<ul><li><strong>Automatiza con OMS y WMS.<\/strong>\u00a0Minimiza errores en pedidos e inventarios, mejora la trazabilidad y dale a tus clientes una experiencia superior.<\/li><li>80% menos costos en productos errados y reclamaciones.<\/li><\/ul>\t\t\t\t\t\t\t\t<\/div>\n\t\t\t\t<div class=\"elementor-element elementor-element-e83ea90 titulo_num elementor-widget elementor-widget-heading\" data-id=\"e83ea90\" data-element_type=\"widget\" data-e-type=\"widget\" data-widget_type=\"heading.default\">\n\t\t\t\t\t<h2 class=\"elementor-heading-title elementor-size-default\">\u00bfAltos costos log\u00edsticos?<\/h2>\t\t\t\t<\/div>\n\t\t\t\t<div class=\"elementor-element elementor-element-7cf4379 elementor-widget elementor-widget-text-editor\" data-id=\"7cf4379\" data-element_type=\"widget\" data-e-type=\"widget\" data-widget_type=\"text-editor.default\">\n\t\t\t\t\t\t\t\t\t<ul><li><em>Centraliza todas tus negociaciones con transportadoras y \u00faltima milla en una plataforma que cotiza y compara.<\/em>\u00a0Controla tus veh\u00edculos propios con App de Drivers.<\/li><\/ul>\t\t\t\t\t\t\t\t<\/div>\n\t\t\t\t<div class=\"elementor-element elementor-element-2965800 titulo_num elementor-widget elementor-widget-heading\" data-id=\"2965800\" data-element_type=\"widget\" data-e-type=\"widget\" data-widget_type=\"heading.default\">\n\t\t\t\t\t<h2 class=\"elementor-heading-title elementor-size-default\">\u00bfProblemas con retrasos en env\u00edos?<\/h2>\t\t\t\t<\/div>\n\t\t\t\t<div class=\"elementor-element elementor-element-fd23e45 elementor-widget elementor-widget-text-editor\" data-id=\"fd23e45\" data-element_type=\"widget\" data-e-type=\"widget\" data-widget_type=\"text-editor.default\">\n\t\t\t\t\t\t\t\t\t<ul><li><em>Optimiza rutas, reduce tiempos de entrega y costos log\u00edsticos con nuestro TMS.<\/em>\u00a0Monitorea cada env\u00edo en tiempo real y asegura entregas puntuales.<\/li><li>30% menos en tiempos de entrega y ahorros log\u00edsticos.<\/li><\/ul>\t\t\t\t\t\t\t\t<\/div>\n\t\t\t\t<div class=\"elementor-element elementor-element-3d85659 titulo_num elementor-widget elementor-widget-heading\" data-id=\"3d85659\" data-element_type=\"widget\" data-e-type=\"widget\" data-widget_type=\"heading.default\">\n\t\t\t\t\t<h2 class=\"elementor-heading-title elementor-size-default\">\u00bfDemoras en alistamiento?<\/h2>\t\t\t\t<\/div>\n\t\t\t\t<div class=\"elementor-element elementor-element-9637330 elementor-widget elementor-widget-text-editor\" data-id=\"9637330\" data-element_type=\"widget\" data-e-type=\"widget\" data-widget_type=\"text-editor.default\">\n\t\t\t\t\t\t\t\t\t<ul><li>Reduce tu tiempo de alistamiento con un sistema de control de bodegas e inventarios.\u00a0<strong>Reduce tu tipo de alistamiento, pasa de 7 minutos a menos de 3 minutos.<\/strong><\/li><\/ul>\t\t\t\t\t\t\t\t<\/div>\n\t\t\t\t<\/div>\n\t\t<div class=\"elementor-element elementor-element-9142aa2 e-con-full e-flex elementor-invisible e-con e-child\" data-id=\"9142aa2\" data-element_type=\"container\" data-e-type=\"container\" data-settings=\"{&quot;background_background&quot;:&quot;classic&quot;,&quot;animation&quot;:&quot;fadeInRight&quot;,&quot;animation_mobile&quot;:&quot;none&quot;}\">\n\t\t\t\t<div class=\"elementor-element elementor-element-b9e8365 elementor-widget elementor-widget-heading\" data-id=\"b9e8365\" data-element_type=\"widget\" data-e-type=\"widget\" data-widget_type=\"heading.default\">\n\t\t\t\t\t<h2 class=\"elementor-heading-title elementor-size-default\">\u00bfPara qui\u00e9n est\u00e1 pensado VelocityGO?<\/h2>\t\t\t\t<\/div>\n\t\t\t\t<div class=\"elementor-element elementor-element-a091531 elementor-widget-divider--view-line elementor-widget elementor-widget-divider\" data-id=\"a091531\" data-element_type=\"widget\" data-e-type=\"widget\" data-widget_type=\"divider.default\">\n\t\t\t\t\t\t\t<div class=\"elementor-divider\">\n\t\t\t<span class=\"elementor-divider-separator\">\n\t\t\t\t\t\t<\/span>\n\t\t<\/div>\n\t\t\t\t\t\t<\/div>\n\t\t<div class=\"elementor-element elementor-element-e56a8df e-con-full e-flex e-con e-child\" data-id=\"e56a8df\" data-element_type=\"container\" data-e-type=\"container\">\n\t\t\t\t<div class=\"elementor-element elementor-element-0cd6d3c elementor-widget elementor-widget-text-editor\" data-id=\"0cd6d3c\" data-element_type=\"widget\" data-e-type=\"widget\" data-widget_type=\"text-editor.default\">\n\t\t\t\t\t\t\t\t\t<div class=\"elementor-element elementor-element-fc1e66f elementor-widget elementor-widget-heading\" data-id=\"fc1e66f\" data-element_type=\"widget\" data-widget_type=\"heading.default\"><div class=\"elementor-element elementor-element-f69b4ce elementor-widget elementor-widget-heading\" data-id=\"f69b4ce\" data-element_type=\"widget\" data-widget_type=\"heading.default\"><h4 class=\"elementor-heading-title elementor-size-default\">Grandes empresas:<\/h4><\/div><div class=\"elementor-element elementor-element-3866a26 elementor-widget elementor-widget-text-editor\" data-id=\"3866a26\" data-element_type=\"widget\" data-widget_type=\"text-editor.default\"><p>Automatizaci\u00f3n avanzada y monitoreo en tiempo real.<\/p><\/div><\/div>\t\t\t\t\t\t\t\t<\/div>\n\t\t\t\t<div class=\"elementor-element elementor-element-cb793b5 elementor-widget elementor-widget-text-editor\" data-id=\"cb793b5\" data-element_type=\"widget\" data-e-type=\"widget\" data-widget_type=\"text-editor.default\">\n\t\t\t\t\t\t\t\t\t<div class=\"elementor-element elementor-element-fc1e66f elementor-widget elementor-widget-heading\" data-id=\"fc1e66f\" data-element_type=\"widget\" data-widget_type=\"heading.default\"><h4 class=\"elementor-heading-title elementor-size-default\">Medianas empresas:<\/h4><\/div><div class=\"elementor-element elementor-element-7c8d09b elementor-widget elementor-widget-text-editor\" data-id=\"7c8d09b\" data-element_type=\"widget\" data-widget_type=\"text-editor.default\"><p>Escalabilidad y sincronizaci\u00f3n de m\u00faltiples sistemas y datos.<\/p><\/div>\t\t\t\t\t\t\t\t<\/div>\n\t\t\t\t<\/div>\n\t\t\t\t<div class=\"elementor-element elementor-element-784324c titulo_num elementor-widget elementor-widget-heading\" data-id=\"784324c\" data-element_type=\"widget\" data-e-type=\"widget\" data-widget_type=\"heading.default\">\n\t\t\t\t\t<h2 class=\"elementor-heading-title elementor-size-default\">Para directores de ecommerce o ventas:<\/h2>\t\t\t\t<\/div>\n\t\t\t\t<div class=\"elementor-element elementor-element-e422807 elementor-widget elementor-widget-text-editor\" data-id=\"e422807\" data-element_type=\"widget\" data-e-type=\"widget\" data-widget_type=\"text-editor.default\">\n\t\t\t\t\t\t\t\t\t<p>Abre y gestiona nuevos canales ecommerce de manera simple y sincronizada. Mejora la experiencia al consumidor y asegura una mayor recompra.<\/p>\t\t\t\t\t\t\t\t<\/div>\n\t\t\t\t<div class=\"elementor-element elementor-element-eb1c00e titulo_num elementor-widget elementor-widget-heading\" data-id=\"eb1c00e\" data-element_type=\"widget\" data-e-type=\"widget\" data-widget_type=\"heading.default\">\n\t\t\t\t\t<h2 class=\"elementor-heading-title elementor-size-default\">Para gerente generales:<\/h2>\t\t\t\t<\/div>\n\t\t\t\t<div class=\"elementor-element elementor-element-0b673a0 elementor-widget elementor-widget-text-editor\" data-id=\"0b673a0\" data-element_type=\"widget\" data-e-type=\"widget\" data-widget_type=\"text-editor.default\">\n\t\t\t\t\t\t\t\t\t<p>Obt\u00e9n visibilidad del estado de las \u00f3rdenes y control de toda la operaci\u00f3n. Descubre cuellos de botellas de la operaci\u00f3n, devoluciones, agotados y excesos de inventarios. Disminuye cosos y mejora la rentabilidad.<\/p>\t\t\t\t\t\t\t\t<\/div>\n\t\t\t\t<div class=\"elementor-element elementor-element-9e82f3a titulo_num elementor-widget elementor-widget-heading\" data-id=\"9e82f3a\" data-element_type=\"widget\" data-e-type=\"widget\" data-widget_type=\"heading.default\">\n\t\t\t\t\t<h2 class=\"elementor-heading-title elementor-size-default\">Para directores de operaci\u00f3n log\u00edstica:<\/h2>\t\t\t\t<\/div>\n\t\t\t\t<div class=\"elementor-element elementor-element-ec28d13 elementor-widget elementor-widget-text-editor\" data-id=\"ec28d13\" data-element_type=\"widget\" data-e-type=\"widget\" data-widget_type=\"text-editor.default\">\n\t\t\t\t\t\t\t\t\t<p>Controla inventarios, bodegas, alistamiento y transporte. Todo en una sola pantalla, en tiempo real y de forma articulada.<\/p>\t\t\t\t\t\t\t\t<\/div>\n\t\t\t\t<\/div>\n\t\t\t\t<\/div>\n\t\t\t\t<div class=\"elementor-element elementor-element-178f598 elementor-widget elementor-widget-button\" data-id=\"178f598\" data-element_type=\"widget\" data-e-type=\"widget\" data-widget_type=\"button.default\">\n\t\t\t\t\t\t\t\t\t\t<a class=\"elementor-button elementor-button-link elementor-size-sm\" href=\"https:\/\/velocitygo.co\/\" target=\"_blank\" rel=\"noopener\">\n\t\t\t\t\t\t<span class=\"elementor-button-content-wrapper\">\n\t\t\t\t\t\t\t\t\t<span class=\"elementor-button-text\">Ir a la web de <strong>Velocity GO<\/strong><\/span>\n\t\t\t\t\t<\/span>\n\t\t\t\t\t<\/a>\n\t\t\t\t\t\t\t\t<\/div>\n\t\t\t\t\t<\/div>\n\t\t\t\t<\/div>\n\t\t<div class=\"elementor-element elementor-element-8646371 e-flex e-con-boxed e-con e-parent\" data-id=\"8646371\" data-element_type=\"container\" data-e-type=\"container\">\n\t\t\t\t\t<div class=\"e-con-inner\">\n\t\t<div class=\"elementor-element elementor-element-cd5a294 e-con-full e-flex e-con e-child\" data-id=\"cd5a294\" data-element_type=\"container\" data-e-type=\"container\">\n\t\t\t\t<div class=\"elementor-element elementor-element-088ab91 elementor-widget elementor-widget-html\" data-id=\"088ab91\" data-element_type=\"widget\" data-e-type=\"widget\" data-widget_type=\"html.default\">\n\t\t\t\t\t<script charset=\"utf-8\" type=\"text\/javascript\" src=\"\/\/js.hsforms.net\/forms\/embed\/v2.js\"><\/script>\n<script>\n  hbspt.forms.create({\n    portalId: \"20115452\",\n    formId: \"f8091a39-199c-40a9-b29a-ff63ce22c7db\",\n    region: \"na1\"\n  });\n<\/script>\t\t\t\t<\/div>\n\t\t\t\t<\/div>\n\t\t<div class=\"elementor-element elementor-element-eadf91c e-con-full e-flex e-con e-child\" data-id=\"eadf91c\" data-element_type=\"container\" data-e-type=\"container\">\n\t\t\t\t<div class=\"elementor-element elementor-element-ba801ca elementor-widget elementor-widget-heading\" data-id=\"ba801ca\" data-element_type=\"widget\" data-e-type=\"widget\" data-widget_type=\"heading.default\">\n\t\t\t\t\t<div class=\"elementor-heading-title elementor-size-default\">\u00a1Haz crecer tu ecommerce con VelocityGo!<\/div>\t\t\t\t<\/div>\n\t\t\t\t<div class=\"elementor-element elementor-element-15b2f3e elementor-widget elementor-widget-text-editor\" data-id=\"15b2f3e\" data-element_type=\"widget\" data-e-type=\"widget\" data-widget_type=\"text-editor.default\">\n\t\t\t\t\t\t\t\t\t<p>Con VelocityGo <strong>ahorras tiempo y dinero<\/strong> optimizando procesos sin necesidad de m\u00e1s personal; gracias a nuestras integraciones, automatiza la informaci\u00f3n contable y comercial para una gesti\u00f3n m\u00e1s eficiente.<\/p>\t\t\t\t\t\t\t\t<\/div>\n\t\t\t\t<\/div>\n\t\t\t\t\t<\/div>\n\t\t\t\t<\/div>\n\t\t\t\t<\/div>\n\t\t","protected":false},"excerpt":{"rendered":"<p>Velocity GO Es un software integral y modular dise\u00f1ado para centralizar, simplificar y optimizar toda la operaci\u00f3n log\u00edstica de tu ecommerce. Con nuestra plataforma, tendr\u00e1s un control total de \u00f3rdenes, inventarios, bodegas y transporte en un solo lugar, eliminando tareas mec\u00e1nicas y desgastantes. Adem\u00e1s, impulsamos tu negocio hacia la omnicanalidad, permiti\u00e9ndote vender en m\u00faltiples plataformas [&hellip;]<\/p>\n","protected":false},"author":1,"featured_media":0,"parent":20602,"menu_order":0,"comment_status":"closed","ping_status":"closed","template":"","meta":{"footnotes":""},"class_list":["post-40012","page","type-page","status-publish","hentry"],"_links":{"self":[{"href":"https:\/\/satrack.com\/co\/wp-json\/wp\/v2\/pages\/40012","targetHints":{"allow":["GET"]}}],"collection":[{"href":"https:\/\/satrack.com\/co\/wp-json\/wp\/v2\/pages"}],"about":[{"href":"https:\/\/satrack.com\/co\/wp-json\/wp\/v2\/types\/page"}],"author":[{"embeddable":true,"href":"https:\/\/satrack.com\/co\/wp-json\/wp\/v2\/users\/1"}],"replies":[{"embeddable":true,"href":"https:\/\/satrack.com\/co\/wp-json\/wp\/v2\/comments?post=40012"}],"version-history":[{"count":0,"href":"https:\/\/satrack.com\/co\/wp-json\/wp\/v2\/pages\/40012\/revisions"}],"up":[{"embeddable":true,"href":"https:\/\/satrack.com\/co\/wp-json\/wp\/v2\/pages\/20602"}],"wp:attachment":[{"href":"https:\/\/satrack.com\/co\/wp-json\/wp\/v2\/media?parent=40012"}],"curies":[{"name":"wp","href":"https:\/\/api.w.org\/{rel}","templated":true}]}}