{"id":37107,"date":"2025-01-29T07:21:19","date_gmt":"2025-01-29T12:21:19","guid":{"rendered":"https:\/\/satrack.com\/co\/?page_id=37107"},"modified":"2025-09-23T07:30:51","modified_gmt":"2025-09-23T12:30:51","slug":"satrack-carga","status":"publish","type":"page","link":"https:\/\/satrack.com\/co\/soluciones\/transportistas\/satrack-carga\/","title":{"rendered":"Satrack Carga"},"content":{"rendered":"\t\t<div data-elementor-type=\"wp-page\" data-elementor-id=\"37107\" class=\"elementor elementor-37107\" data-elementor-post-type=\"page\">\n\t\t\t\t<div class=\"elementor-element elementor-element-8e4b570 e-flex e-con-boxed e-con e-parent\" data-id=\"8e4b570\" data-element_type=\"container\" data-e-type=\"container\" data-settings=\"{&quot;background_background&quot;:&quot;classic&quot;}\">\n\t\t\t\t\t<div class=\"e-con-inner\">\n\t\t<div class=\"elementor-element elementor-element-5bab2af e-con-full e-flex e-con e-child\" data-id=\"5bab2af\" data-element_type=\"container\" data-e-type=\"container\">\n\t\t\t\t<div class=\"elementor-element elementor-element-07e08aa elementor-widget__width-inherit elementor-widget elementor-widget-image\" data-id=\"07e08aa\" data-element_type=\"widget\" data-e-type=\"widget\" data-widget_type=\"image.default\">\n\t\t\t\t\t\t\t\t\t\t\t\t\t\t\t<img fetchpriority=\"high\" decoding=\"async\" width=\"610\" height=\"250\" src=\"https:\/\/satrack.com\/co\/wp-content\/uploads\/sites\/2\/2025\/09\/Satrack-Carga.webp\" class=\"attachment-large size-large wp-image-44359\" alt=\"\" title=\"Satrack Carga\">\t\t\t\t\t\t\t\t\t\t\t\t\t\t\t<\/div>\n\t\t\t\t<\/div>\n\t\t<div class=\"elementor-element elementor-element-88c34fe e-con-full e-flex e-con e-child\" data-id=\"88c34fe\" data-element_type=\"container\" data-e-type=\"container\">\n\t\t\t\t<div class=\"elementor-element elementor-element-94a18c5 elementor-widget elementor-widget-image\" data-id=\"94a18c5\" data-element_type=\"widget\" data-e-type=\"widget\" data-widget_type=\"image.default\">\n\t\t\t\t\t\t\t\t\t\t\t\t\t\t\t<img decoding=\"async\" width=\"548\" height=\"617\" src=\"https:\/\/satrack.com\/co\/wp-content\/uploads\/sites\/2\/2025\/01\/Landing-Clasificados-V3_personawebp.webp\" class=\"attachment-large size-large wp-image-37341\" alt=\"clasificados\" srcset=\"https:\/\/satrack.com\/co\/wp-content\/uploads\/sites\/2\/2025\/01\/Landing-Clasificados-V3_personawebp.webp 548w, https:\/\/satrack.com\/co\/wp-content\/uploads\/sites\/2\/2025\/01\/Landing-Clasificados-V3_personawebp-533x600.webp 533w\" sizes=\"(max-width: 548px) 100vw, 548px\" title=\"Landing Clasificados V3_personawebp\" \/>\t\t\t\t\t\t\t\t\t\t\t\t\t\t\t<\/div>\n\t\t\t\t<\/div>\n\t\t\t\t\t<\/div>\n\t\t\t\t<\/div>\n\t\t<div class=\"elementor-element elementor-element-84df55e e-flex e-con-boxed e-con e-parent\" data-id=\"84df55e\" data-element_type=\"container\" data-e-type=\"container\">\n\t\t\t\t\t<div class=\"e-con-inner\">\n\t\t<div class=\"elementor-element elementor-element-be05ed1 e-con-full e-flex e-con e-child\" data-id=\"be05ed1\" data-element_type=\"container\" data-e-type=\"container\">\n\t\t<div class=\"elementor-element elementor-element-b4b3d22 e-con-full e-flex e-con e-child\" data-id=\"b4b3d22\" data-element_type=\"container\" data-e-type=\"container\">\n\t\t\t\t<div class=\"elementor-element elementor-element-645f0c3 elementor-widget__width-initial elementor-widget elementor-widget-heading\" data-id=\"645f0c3\" data-element_type=\"widget\" data-e-type=\"widget\" data-widget_type=\"heading.default\">\n\t\t\t\t\t<h1 class=\"elementor-heading-title elementor-size-default\">Todo lo que necesitas para conectar con las mejores oportunidades de carga\u200b<\/h1>\t\t\t\t<\/div>\n\t\t\t\t<div class=\"elementor-element elementor-element-a51ae99 elementor-widget__width-initial elementor-widget elementor-widget-text-editor\" data-id=\"a51ae99\" data-element_type=\"widget\" data-e-type=\"widget\" data-widget_type=\"text-editor.default\">\n\t\t\t\t\t\t\t\t\t<p><span class=\"TextRun SCXP44453853 BCX0\" lang=\"ES-MX\" xml:lang=\"ES-MX\" data-usefontface=\"false\" data-contrast=\"none\"><span class=\"NormalTextRun SCXP44453853 BCX0\">Sabemos que tu tiempo en carretera es valioso. Por eso, dise\u00f1amos una plataforma que <strong>te conecta con las mejores<\/strong> cargas para <\/span><\/span><span class=\"TextRun SCXP44453853 BCX0\" lang=\"ES-MX\" xml:lang=\"ES-MX\" data-usefontface=\"false\" data-contrast=\"none\"><span class=\"NormalTextRun SCXP44453853 BCX0\">que aproveches cada kil\u00f3metro recorrido. <strong>T\u00fa eliges las oportunidades<\/strong>, nosotros nos encargamos del resto.<\/span><\/span><span class=\"EOP SCXP44453853 BCX0\">\u200b<\/span><\/p>\t\t\t\t\t\t\t\t<\/div>\n\t\t\t\t<\/div>\n\t\t<div class=\"elementor-element elementor-element-3944b2e e-con-full e-flex e-con e-child\" data-id=\"3944b2e\" data-element_type=\"container\" data-e-type=\"container\">\n\t\t\t\t<div class=\"elementor-element elementor-element-8149cb1 elementor-widget elementor-widget-video\" data-id=\"8149cb1\" data-element_type=\"widget\" data-e-type=\"widget\" data-settings=\"{&quot;video_type&quot;:&quot;hosted&quot;,&quot;start&quot;:3,&quot;controls&quot;:&quot;yes&quot;}\" data-widget_type=\"video.default\">\n\t\t\t\t\t\t\t<div class=\"e-hosted-video elementor-wrapper elementor-open-inline\">\n\t\t\t\t\t<video class=\"elementor-video\" src=\"https:\/\/satrack.com\/co\/wp-content\/uploads\/sites\/2\/2025\/01\/REEL-CLASIFICADOS-2.mp4#t=3\" controls=\"\" preload=\"metadata\" controlsList=\"nodownload\"><\/video>\n\t\t\t\t<\/div>\n\t\t\t\t\t\t<\/div>\n\t\t\t\t<\/div>\n\t\t\t\t<\/div>\n\t\t\t\t\t<\/div>\n\t\t\t\t<\/div>\n\t\t<div class=\"elementor-element elementor-element-aeaf410 e-flex e-con-boxed e-con e-parent\" data-id=\"aeaf410\" data-element_type=\"container\" data-e-type=\"container\" data-settings=\"{&quot;background_background&quot;:&quot;classic&quot;}\">\n\t\t\t\t\t<div class=\"e-con-inner\">\n\t\t\t\t<div class=\"elementor-element elementor-element-921bb1b elementor-grid-4 elementor-grid-tablet-2 elementor-grid-mobile-1 elementor-widget elementor-widget-loop-grid\" data-id=\"921bb1b\" data-element_type=\"widget\" data-e-type=\"widget\" data-settings=\"{&quot;template_id&quot;:&quot;37130&quot;,&quot;columns&quot;:4,&quot;pagination_type&quot;:&quot;numbers_and_prev_next&quot;,&quot;row_gap&quot;:{&quot;unit&quot;:&quot;px&quot;,&quot;size&quot;:12,&quot;sizes&quot;:[]},&quot;_skin&quot;:&quot;post&quot;,&quot;columns_tablet&quot;:&quot;2&quot;,&quot;columns_mobile&quot;:&quot;1&quot;,&quot;edit_handle_selector&quot;:&quot;[data-elementor-type=\\&quot;loop-item\\&quot;]&quot;,&quot;pagination_load_type&quot;:&quot;page_reload&quot;,&quot;row_gap_laptop&quot;:{&quot;unit&quot;:&quot;px&quot;,&quot;size&quot;:&quot;&quot;,&quot;sizes&quot;:[]},&quot;row_gap_tablet&quot;:{&quot;unit&quot;:&quot;px&quot;,&quot;size&quot;:&quot;&quot;,&quot;sizes&quot;:[]},&quot;row_gap_mobile&quot;:{&quot;unit&quot;:&quot;px&quot;,&quot;size&quot;:&quot;&quot;,&quot;sizes&quot;:[]}}\" data-widget_type=\"loop-grid.post\">\n\t\t\t\t<div class=\"elementor-widget-container\">\n\t\t\t\t\t\t\t<div class=\"e-loop-nothing-found-message\">\n\t\t\t\t\t<div class=\"e-loop-nothing-found-message__text\">\n\t\t\t\tNo hay ofertas disponibles en el momento\t\t\t<\/div>\n\t\t\t<\/div>\n\t\t\t\t\t\t<\/div>\n\t\t\t\t<\/div>\n\t\t\t\t\t<\/div>\n\t\t\t\t<\/div>\n\t\t<div class=\"elementor-element elementor-element-0b79785 e-flex e-con-boxed e-con e-parent\" data-id=\"0b79785\" data-element_type=\"container\" data-e-type=\"container\" data-settings=\"{&quot;background_background&quot;:&quot;classic&quot;}\">\n\t\t\t\t\t<div class=\"e-con-inner\">\n\t\t<div class=\"elementor-element elementor-element-9cd1ab3 e-con-full e-flex e-con e-child\" data-id=\"9cd1ab3\" data-element_type=\"container\" data-e-type=\"container\">\n\t\t\t\t<div class=\"elementor-element elementor-element-e5a4a28 elementor-widget elementor-widget-heading\" data-id=\"e5a4a28\" data-element_type=\"widget\" data-e-type=\"widget\" data-widget_type=\"heading.default\">\n\t\t\t\t\t<div class=\"elementor-heading-title elementor-size-default\">Publica tus ofertas de carga y conecta con transportistas de confianza.<\/div>\t\t\t\t<\/div>\n\t\t\t\t<div class=\"elementor-element elementor-element-9be5def elementor-widget elementor-widget-image\" data-id=\"9be5def\" data-element_type=\"widget\" data-e-type=\"widget\" data-widget_type=\"image.default\">\n\t\t\t\t\t\t\t\t\t\t\t\t\t\t\t<img decoding=\"async\" width=\"529\" height=\"77\" src=\"https:\/\/satrack.com\/co\/wp-content\/uploads\/sites\/2\/2025\/01\/cta_form_clasificados.webp\" class=\"attachment-large size-large wp-image-37377\" alt=\"\" title=\"cta_form_clasificados\">\t\t\t\t\t\t\t\t\t\t\t\t\t\t\t<\/div>\n\t\t\t\t<\/div>\n\t\t<div class=\"elementor-element elementor-element-d9658c9 e-con-full e-flex e-con e-child\" data-id=\"d9658c9\" data-element_type=\"container\" data-e-type=\"container\">\n\t\t\t\t<div class=\"elementor-element elementor-element-9717064 eael-contact-form-7-button-align-center eael-contact-form-7-button-custom elementor-widget elementor-widget-eael-contact-form-7\" data-id=\"9717064\" data-element_type=\"widget\" data-e-type=\"widget\" data-widget_type=\"eael-contact-form-7.default\">\n\t\t\t\t\t<div class=\"eael-contact-form-7-wrapper\">\n                <div class=\"eael-contact-form eael-contact-form-7 eael-contact-form-9717064 placeholder-show eael-contact-form-align-default\">\n<div class=\"wpcf7 no-js\" id=\"wpcf7-f37212-o1\" lang=\"es-CO\" dir=\"ltr\" data-wpcf7-id=\"37212\">\n<div class=\"screen-reader-response\"><p role=\"status\" aria-live=\"polite\" aria-atomic=\"true\"><\/p> <ul><\/ul><\/div>\n<form action=\"\/co\/wp-json\/wp\/v2\/pages\/37107#wpcf7-f37212-o1\" method=\"post\" class=\"wpcf7-form init\" aria-label=\"Formulario de contacto\" novalidate=\"novalidate\" data-status=\"init\">\n<fieldset class=\"hidden-fields-container\"><input type=\"hidden\" name=\"_wpcf7\" value=\"37212\" \/><input type=\"hidden\" name=\"_wpcf7_version\" value=\"6.1.5\" \/><input type=\"hidden\" name=\"_wpcf7_locale\" value=\"es_CO\" \/><input type=\"hidden\" name=\"_wpcf7_unit_tag\" value=\"wpcf7-f37212-o1\" \/><input type=\"hidden\" name=\"_wpcf7_container_post\" value=\"0\" \/><input type=\"hidden\" name=\"_wpcf7_posted_data_hash\" value=\"\" \/><input type=\"hidden\" name=\"_satrack_ts\" value=\"1776412241\" \/><input type=\"hidden\" name=\"_satrack_sig\" value=\"e8f0c67db3893cb8f9625f45d7b9c107\" \/>\n<\/fieldset>\n<div class=\"wpcf7-turnstile cf-turnstile\" data-sitekey=\"0x4AAAAAACExFoU7beJDiU9o\" data-response-field-name=\"_wpcf7_turnstile_response\"><\/div>\n\n<div><input size=\"40\" maxlength=\"400\" minlength=\"10\" class=\"wpcf7-form-control wpcf7-text wpcf7-validates-as-required form-control\" aria-required=\"true\" aria-invalid=\"false\" placeholder=\"Nombre de contacto\" value=\"\" type=\"text\" name=\"contacto\" \/><\/div>\n<div><input size=\"40\" maxlength=\"10\" minlength=\"10\" class=\"wpcf7-form-control wpcf7-tel wpcf7-validates-as-required wpcf7-text wpcf7-validates-as-tel form-control\" aria-required=\"true\" aria-invalid=\"false\" placeholder=\"Tel\u00e9fono\" value=\"\" type=\"tel\" name=\"telefono\" \/><\/div>\n<div><input size=\"40\" maxlength=\"400\" minlength=\"10\" class=\"wpcf7-form-control wpcf7-text wpcf7-validates-as-required form-control\" aria-required=\"true\" aria-invalid=\"false\" placeholder=\"Empresa\" value=\"\" type=\"text\" name=\"empresa\" \/><\/div>\n<div><span class=\"wpcf7-form-control wpcf7-acceptance\"><span class=\"wpcf7-list-item\"><label><input type=\"checkbox\" name=\"acceptance\" value=\"1\" aria-invalid=\"false\" \/><span class=\"wpcf7-list-item-label\">Acepto las <a target=\"_blank\" href=\"https:\/\/satrack.com\/co\/legal\/uso-de-datos\/\">pol\u00edticas de privacidad<\/a><\/span><\/label><\/span><\/span><\/div>\n<div><input class=\"wpcf7-form-control wpcf7-submit has-spinner\" type=\"submit\" value=\"Enviar\" \/><\/div><span class=\"satrack-cf7-hp\" aria-hidden=\"true\"><label>Do not fill this field<input type=\"text\" name=\"_satrack_hp\" value=\"\" tabindex=\"-1\" autocomplete=\"off\"><\/label><\/span><div class=\"wpcf7-response-output\" aria-hidden=\"true\"><\/div>\n<\/form>\n<\/div>\n<\/div>\n            <\/div>\t\t\t\t<\/div>\n\t\t\t\t<\/div>\n\t\t<div class=\"elementor-element elementor-element-ca7eefa e-con-full elementor-hidden-tablet e-flex e-con e-child\" data-id=\"ca7eefa\" data-element_type=\"container\" data-e-type=\"container\">\n\t\t\t\t<div class=\"elementor-element elementor-element-69234b2 elementor-widget elementor-widget-image\" data-id=\"69234b2\" data-element_type=\"widget\" data-e-type=\"widget\" data-widget_type=\"image.default\">\n\t\t\t\t\t\t\t\t\t\t\t\t\t\t\t<img loading=\"lazy\" decoding=\"async\" width=\"640\" height=\"600\" src=\"https:\/\/satrack.com\/co\/wp-content\/uploads\/sites\/2\/2025\/01\/person_form_clasificados.webp\" class=\"attachment-large size-large wp-image-37380\" alt=\"\" title=\"person_form_clasificados\">\t\t\t\t\t\t\t\t\t\t\t\t\t\t\t<\/div>\n\t\t\t\t<\/div>\n\t\t\t\t\t<\/div>\n\t\t\t\t<\/div>\n\t\t\t\t<\/div>\n\t\t","protected":false},"excerpt":{"rendered":"<p>Todo lo que necesitas para conectar con las mejores oportunidades de carga\u200b Sabemos que tu tiempo en carretera es valioso. Por eso, dise\u00f1amos una plataforma que te conecta con las mejores cargas para que aproveches cada kil\u00f3metro recorrido. T\u00fa eliges las oportunidades, nosotros nos encargamos del resto.\u200b https:\/\/satrack.com\/co\/wp-content\/uploads\/sites\/2\/2025\/01\/REEL-CLASIFICADOS-2.mp4#t=3 Publica tus ofertas de carga y conecta [&hellip;]<\/p>\n","protected":false},"author":1,"featured_media":0,"parent":13624,"menu_order":0,"comment_status":"closed","ping_status":"closed","template":"","meta":{"_acf_changed":false,"footnotes":""},"class_list":["post-37107","page","type-page","status-publish","hentry"],"acf":[],"_links":{"self":[{"href":"https:\/\/satrack.com\/co\/wp-json\/wp\/v2\/pages\/37107","targetHints":{"allow":["GET"]}}],"collection":[{"href":"https:\/\/satrack.com\/co\/wp-json\/wp\/v2\/pages"}],"about":[{"href":"https:\/\/satrack.com\/co\/wp-json\/wp\/v2\/types\/page"}],"author":[{"embeddable":true,"href":"https:\/\/satrack.com\/co\/wp-json\/wp\/v2\/users\/1"}],"replies":[{"embeddable":true,"href":"https:\/\/satrack.com\/co\/wp-json\/wp\/v2\/comments?post=37107"}],"version-history":[{"count":0,"href":"https:\/\/satrack.com\/co\/wp-json\/wp\/v2\/pages\/37107\/revisions"}],"up":[{"embeddable":true,"href":"https:\/\/satrack.com\/co\/wp-json\/wp\/v2\/pages\/13624"}],"wp:attachment":[{"href":"https:\/\/satrack.com\/co\/wp-json\/wp\/v2\/media?parent=37107"}],"curies":[{"name":"wp","href":"https:\/\/api.w.org\/{rel}","templated":true}]}}