{"id":16657,"date":"2024-07-11T07:03:55","date_gmt":"2024-07-11T12:03:55","guid":{"rendered":"https:\/\/satrack.com\/co\/?page_id=16657"},"modified":"2025-11-04T11:09:19","modified_gmt":"2025-11-04T16:09:19","slug":"plan-estrategico-de-seguridad-vial","status":"publish","type":"page","link":"https:\/\/satrack.com\/co\/compania\/aprende-con-satrack\/plan-estrategico-de-seguridad-vial\/","title":{"rendered":"Plan Estrat\u00e9gico de Seguridad Vial (PESV)"},"content":{"rendered":"\t\t<div data-elementor-type=\"wp-page\" data-elementor-id=\"16657\" class=\"elementor elementor-16657\" data-elementor-post-type=\"page\">\n\t\t\t\t<div class=\"elementor-element elementor-element-78e5496 e-flex e-con-boxed e-con e-parent\" data-id=\"78e5496\" data-element_type=\"container\" data-e-type=\"container\" data-settings=\"{&quot;background_background&quot;:&quot;gradient&quot;}\">\n\t\t\t\t\t<div class=\"e-con-inner\">\n\t\t<div class=\"elementor-element elementor-element-e489765 e-con-full e-flex e-con e-child\" data-id=\"e489765\" data-element_type=\"container\" data-e-type=\"container\">\n\t\t\t\t<div class=\"elementor-element elementor-element-cd26dca elementor-widget elementor-widget-heading\" data-id=\"cd26dca\" data-element_type=\"widget\" data-e-type=\"widget\" data-widget_type=\"heading.default\">\n\t\t\t\t\t<div class=\"elementor-heading-title elementor-size-default\">Aprende con Satrack<\/div>\t\t\t\t<\/div>\n\t\t\t\t<\/div>\n\t\t<div class=\"elementor-element elementor-element-d68385f e-con-full elementor-hidden-mobile e-flex e-con e-child\" data-id=\"d68385f\" data-element_type=\"container\" data-e-type=\"container\">\n\t\t\t\t<\/div>\n\t\t\t\t\t<\/div>\n\t\t\t\t<\/div>\n\t\t<div class=\"elementor-element elementor-element-2e73774 e-flex e-con-boxed e-con e-parent\" data-id=\"2e73774\" data-element_type=\"container\" data-e-type=\"container\" data-settings=\"{&quot;background_background&quot;:&quot;classic&quot;}\">\n\t\t\t\t\t<div class=\"e-con-inner\">\n\t\t\t\t<div class=\"elementor-element elementor-element-2e24a8b elementor-widget elementor-widget-shortcode\" data-id=\"2e24a8b\" data-element_type=\"widget\" data-e-type=\"widget\" data-widget_type=\"shortcode.default\">\n\t\t\t\t\t\t\t<div class=\"elementor-shortcode\"><div class=\"breadcrumbs\"><a href=\"https:\/\/satrack.com\/co\">Inicio<\/a><\/div><\/div>\n\t\t\t\t\t\t<\/div>\n\t\t\t\t\t<\/div>\n\t\t\t\t<\/div>\n\t\t<div class=\"elementor-element elementor-element-a958e0a e-flex e-con-boxed e-con e-parent\" data-id=\"a958e0a\" data-element_type=\"container\" data-e-type=\"container\" data-settings=\"{&quot;background_background&quot;:&quot;classic&quot;}\">\n\t\t\t\t\t<div class=\"e-con-inner\">\n\t\t<div class=\"elementor-element elementor-element-946105d e-con-full e-flex e-con e-child\" data-id=\"946105d\" data-element_type=\"container\" data-e-type=\"container\">\n\t\t\t\t<div class=\"elementor-element elementor-element-4df246e elementor-widget__width-inherit elementor-widget elementor-widget-heading\" data-id=\"4df246e\" data-element_type=\"widget\" data-e-type=\"widget\" data-widget_type=\"heading.default\">\n\t\t\t\t\t<h1 class=\"elementor-heading-title elementor-size-default\">Plan Estrat\u00e9gico de Seguridad Vial (PESV)<\/h1>\t\t\t\t<\/div>\n\t\t\t\t<div class=\"elementor-element elementor-element-6948cf2 elementor-widget elementor-widget-button\" data-id=\"6948cf2\" data-element_type=\"widget\" data-e-type=\"widget\" data-widget_type=\"button.default\">\n\t\t\t\t\t\t\t\t\t\t<a class=\"elementor-button elementor-button-link elementor-size-sm\" href=\"https:\/\/satrack.com\/co\/productos\/camaras-old\/\">\n\t\t\t\t\t\t<span class=\"elementor-button-content-wrapper\">\n\t\t\t\t\t\t\t\t\t<span class=\"elementor-button-text\">Haz clic aqu\u00ed<\/span>\n\t\t\t\t\t<\/span>\n\t\t\t\t\t<\/a>\n\t\t\t\t\t\t\t\t<\/div>\n\t\t\t\t<div class=\"elementor-element elementor-element-d98ad40 elementor-widget elementor-widget-text-editor\" data-id=\"d98ad40\" data-element_type=\"widget\" data-e-type=\"widget\" data-widget_type=\"text-editor.default\">\n\t\t\t\t\t\t\t\t\t<p>Tu gu\u00eda para la seguridad y el control total de tu flota<\/p>\t\t\t\t\t\t\t\t<\/div>\n\t\t\t\t<div class=\"elementor-element elementor-element-b5003e4 elementor-widget elementor-widget-image\" data-id=\"b5003e4\" data-element_type=\"widget\" data-e-type=\"widget\" data-widget_type=\"image.default\">\n\t\t\t\t\t\t\t\t\t\t\t\t\t\t\t<img fetchpriority=\"high\" decoding=\"async\" width=\"768\" height=\"432\" src=\"https:\/\/satrack.com\/co\/wp-content\/uploads\/sites\/2\/2024\/07\/portada_web_pesv-768x432.jpg\" class=\"attachment-medium_large size-medium_large wp-image-31264\" alt=\"\" srcset=\"https:\/\/satrack.com\/co\/wp-content\/uploads\/sites\/2\/2024\/07\/portada_web_pesv-768x432.jpg 768w, https:\/\/satrack.com\/co\/wp-content\/uploads\/sites\/2\/2024\/07\/portada_web_pesv-300x169.jpg 300w, https:\/\/satrack.com\/co\/wp-content\/uploads\/sites\/2\/2024\/07\/portada_web_pesv-1024x576.jpg 1024w, https:\/\/satrack.com\/co\/wp-content\/uploads\/sites\/2\/2024\/07\/portada_web_pesv-1536x864.jpg 1536w, https:\/\/satrack.com\/co\/wp-content\/uploads\/sites\/2\/2024\/07\/portada_web_pesv-2048x1152.jpg 2048w\" sizes=\"(max-width: 768px) 100vw, 768px\" title=\"portada_web_pesv\">\t\t\t\t\t\t\t\t\t\t\t\t\t\t\t<\/div>\n\t\t\t\t<\/div>\n\t\t<div class=\"elementor-element elementor-element-6361cc1 e-flex e-con-boxed e-con e-child\" data-id=\"6361cc1\" data-element_type=\"container\" data-e-type=\"container\">\n\t\t\t\t\t<div class=\"e-con-inner\">\n\t\t\t\t<div class=\"elementor-element elementor-element-45510b2 elementor-widget__width-inherit elementor-widget elementor-widget-heading\" data-id=\"45510b2\" data-element_type=\"widget\" data-e-type=\"widget\" data-widget_type=\"heading.default\">\n\t\t\t\t\t<p class=\"elementor-heading-title elementor-size-default\">Diligencia el formulario y descarga gratis esta gui\u0301a sobre el Plan Estrat\u00e9gico de Seguridad Vial<\/p>\t\t\t\t<\/div>\n\t\t\t\t<div class=\"elementor-element elementor-element-ae0dbb1 elementor-widget__width-inherit elementor-widget elementor-widget-shortcode\" data-id=\"ae0dbb1\" data-element_type=\"widget\" data-e-type=\"widget\" data-widget_type=\"shortcode.default\">\n\t\t\t\t\t\t\t<div class=\"elementor-shortcode\">\n<div class=\"wpcf7 no-js\" id=\"wpcf7-f28898-o1\" lang=\"es-CO\" dir=\"ltr\" data-wpcf7-id=\"28898\">\n<div class=\"screen-reader-response\"><p role=\"status\" aria-live=\"polite\" aria-atomic=\"true\"><\/p> <ul><\/ul><\/div>\n<form action=\"\/co\/wp-json\/wp\/v2\/pages\/16657#wpcf7-f28898-o1\" method=\"post\" class=\"wpcf7-form init\" aria-label=\"Formulario de contacto\" novalidate=\"novalidate\" data-status=\"init\">\n<fieldset class=\"hidden-fields-container\"><input type=\"hidden\" name=\"_wpcf7\" value=\"28898\" \/><input type=\"hidden\" name=\"_wpcf7_version\" value=\"6.1.5\" \/><input type=\"hidden\" name=\"_wpcf7_locale\" value=\"es_CO\" \/><input type=\"hidden\" name=\"_wpcf7_unit_tag\" value=\"wpcf7-f28898-o1\" \/><input type=\"hidden\" name=\"_wpcf7_container_post\" value=\"0\" \/><input type=\"hidden\" name=\"_wpcf7_posted_data_hash\" value=\"\" \/><input type=\"hidden\" name=\"_satrack_ts\" value=\"1777169672\" \/><input type=\"hidden\" name=\"_satrack_sig\" value=\"50eaa43ac1fdb1b0a645bd79efdc46e5\" \/>\n<\/fieldset>\n<div class=\"wpcf7-turnstile cf-turnstile\" data-sitekey=\"0x4AAAAAACExFoU7beJDiU9o\" data-response-field-name=\"_wpcf7_turnstile_response\"><\/div>\n\n<div class=\"formulario-ebooks\">\n    <div class=\"contenedor-form\">\n            <section class=\"seccion\">\n                <input class=\"wpcf7-form-control wpcf7-hidden\" value=\"Ebooks\" type=\"hidden\" name=\"origen\" \/>\n                <input class=\"wpcf7-form-control wpcf7-hidden\" value=\"true\" type=\"hidden\" name=\"califica\" \/>\n                <input class=\"wpcf7-form-control wpcf7-hidden\" value=\"P\u00e1gina Web\" type=\"hidden\" name=\"se_entero\" \/>\n                <input class=\"wpcf7-form-control wpcf7-hidden\" value=\"\" type=\"hidden\" name=\"utm_medium\" \/>\n                <div class=\"row-f\">\n                    <div class=\"col6 ctn_required\">\n                        <label class=\"lb-required\" for=\"nombre_cliente\">Nombres<\/label>\n                        <input size=\"40\" maxlength=\"400\" class=\"wpcf7-form-control wpcf7-text wpcf7-validates-as-required form-control me-1\" id=\"nombre_cliente\" aria-required=\"true\" aria-invalid=\"false\" value=\"\" type=\"text\" name=\"nombre-cliente\" \/>\n                    <\/div>\n                    <div class=\"col6 ctn_required\">\n                        <label class=\"lb-required\" for=\"apellido_cliente\">Apellidos<\/label>\n                        <input size=\"40\" maxlength=\"400\" class=\"wpcf7-form-control wpcf7-text wpcf7-validates-as-required form-control ms-1\" id=\"apellido_cliente\" aria-required=\"true\" aria-invalid=\"false\" value=\"\" type=\"text\" name=\"apellido-cliente\" \/>\n                    <\/div>\n                <\/div>\n\n                <div class=\"row-f\">\n                    <div class=\"col12 ctn_required\">\n                        <label class=\"lb-required\" for=\"empresa\">Empresa<\/label>\n                        <input size=\"40\" maxlength=\"400\" class=\"wpcf7-form-control wpcf7-text wpcf7-validates-as-required form-control\" id=\"empresa\" aria-required=\"true\" aria-invalid=\"false\" value=\"\" type=\"text\" name=\"empresa\" \/>\n                    <\/div>\n                <\/div>\n\n                <div class=\"row-f\">\n                    <div class=\"colm d-flex align-items-end\">\n                        <input type='hidden' name='pais' id='pais' value='CO'>\n  <div class='select-page-tel' id='select-page-tel'> \n    <div class='btn-pais-tel'><img decoding=\"async\" alt=\"bandera de \" src=\"https:\/\/satrack.com\/co\/wp-content\/themes\/theme_satrack\/assets\/img\/ban_colombia.svg\" class=\"icono-bandera-tel\" width=\"20\" title=\"\">\n    <span class='indicativo'>+57<\/span>\n      <div class='icon_flecha'>\n  <svg version='1.1' id='Capa_134' xmlns='http:\/\/www.w3.org\/2000\/svg' xmlns:xlink='http:\/\/www.w3.org\/1999\/xlink' x='0px' y='0px' viewBox='0 0 512 512' style='enable-background:new 0 0 512 512;' xml:space='preserve'>\n  <path d='M256.7,388.09L12.33,143.72c-3.65-3.65-3.65-9.56,0-13.21c3.65-3.65,9.56-3.65,13.21,0L256.7,361.68l229.76-229.76 c3.65-3.65,9.56-3.65,13.21,0c3.65,3.65,3.65,9.56,0,13.21L256.7,388.09z'><\/path>\n  <\/svg>\n  <\/div>\n  <\/div>\n  <ul id='caja-opciones-tel' class='caja-opciones-tel oculto'><li class='item-pais current-item' valor='CO' indicativo='57' largo='10' data-pais='Colombia'>\n    <img decoding=\"async\" src=\"https:\/\/satrack.com\/co\/wp-content\/themes\/theme_satrack\/assets\/img\/ban_colombia.svg\" class=\"icono-bandera\" width=\"20\" alt=\"\" title=\"\"><span class='txt-pais'>Colombia &nbsp;+57<\/span><\/a>\n    <\/li><li class='item-pais current-item' valor='PA' indicativo='507' largo='8' data-pais='Panam\u00e1'>\n    <img decoding=\"async\" src=\"https:\/\/satrack.com\/co\/wp-content\/themes\/theme_satrack\/assets\/img\/ban_panama.svg\" class=\"icono-bandera\" width=\"20\" alt=\"\" title=\"\"><span class='txt-pais'>Panam\u00e1 &nbsp;+507<\/span><\/a>\n    <\/li><li class='item-pais current-item' valor='EC' indicativo='593' largo='9' data-pais='Ecuador'>\n    <img decoding=\"async\" src=\"https:\/\/satrack.com\/co\/wp-content\/themes\/theme_satrack\/assets\/img\/ban_ecuador.svg\" class=\"icono-bandera\" width=\"20\" alt=\"\" title=\"\"><span class='txt-pais'>Ecuador &nbsp;+593<\/span><\/a>\n    <\/li><\/ul>\n  <\/div>\n                    <\/div>\n                    <div class=\"colf ctn_required\">\n                        <label class=\"lb-required\" for=\"telefono\">Tel\u00e9fono<\/label>\n                        <input size=\"40\" maxlength=\"400\" class=\"wpcf7-form-control wpcf7-tel wpcf7-validates-as-required wpcf7-text wpcf7-validates-as-tel form-control revision\" id=\"telefono\" aria-required=\"true\" aria-invalid=\"false\" value=\"\" type=\"tel\" name=\"telefono\" \/>\n                    <\/div>\n                <\/div>\n\n                  <div class=\"row-f\">\n                    <div class=\"col12 ctn_required\">\n                        <label class=\"lb-required\" for=\"email_cliente\">Correo<\/label>\n                        <input size=\"40\" maxlength=\"400\" class=\"wpcf7-form-control wpcf7-email wpcf7-validates-as-required wpcf7-text wpcf7-validates-as-email form-control\" id=\"email_cliente\" aria-required=\"true\" aria-invalid=\"false\" value=\"\" type=\"email\" name=\"email-cliente\" \/>\n                    <\/div>\n                <\/div>\n\n                <div class=\"row-f\">\n                    <div class=\"col12 ctn_required\">\n                        <label class=\"lb-required\" for=\"cargo\">\u00bfCu\u00e1l es tu cargo?<\/label>\n                        <select class=\"wpcf7-form-control wpcf7-select wpcf7-validates-as-required form-select\" id=\"cargo\" aria-required=\"true\" aria-invalid=\"false\" name=\"cargo\"><option value=\"\">&#8212;Por favor, elige una opci\u00f3n&#8212;<\/option><option value=\"Gerente\">Gerente<\/option><option value=\"Director de operaciones\">Director de operaciones<\/option><option value=\"Director de log\u00edstica\">Director de log\u00edstica<\/option><option value=\"Coordinador de transporte\">Coordinador de transporte<\/option><option value=\"Despachador\">Despachador<\/option><option value=\"Secretaria\">Secretaria<\/option><option value=\"Recursos humanos\">Recursos humanos<\/option><option value=\"\u00c1rea de compras\">\u00c1rea de compras<\/option><\/select>\n                    <\/div>\n                <\/div>\n\n            <\/section>\n            <div class=\"row-f jc-end\"><input class=\"wpcf7-form-control wpcf7-submit has-spinner btn btn-envio disable\" id=\"submit\" type=\"submit\" value=\"Enviar mis datos\" \/><\/div>\n    <\/div>\n    \n    \n<div class=\"texto_legal\">SATRACK necesita la informaci\u00f3n de contacto que nos proporcionas para ponernos en contacto contigo acerca de nuestros productos y servicios. Puedes darte de baja de estas comunicaciones en cualquier momento. Para obtener informaci\u00f3n sobre c\u00f3mo darte de baja, as\u00ed como nuestras pr\u00e1cticas de privacidad y el compromiso de proteger tu privacidad, consulta nuestra Pol\u00edtica de privacidad.<\/div>\n<\/div><span class=\"satrack-cf7-hp\" aria-hidden=\"true\"><label>Do not fill this field<input type=\"text\" name=\"_satrack_hp\" value=\"\" tabindex=\"-1\" autocomplete=\"off\"><\/label><\/span><div class=\"wpcf7-response-output\" aria-hidden=\"true\"><\/div>\n<\/form>\n<\/div>\n<\/div>\n\t\t\t\t\t\t<\/div>\n\t\t\t\t\t<\/div>\n\t\t\t\t<\/div>\n\t\t\t\t\t<\/div>\n\t\t\t\t<\/div>\n\t\t\t\t<\/div>\n\t\t","protected":false},"excerpt":{"rendered":"<p>Aprende con Satrack Haz clic aqu\u00ed Tu gu\u00eda para la seguridad y el control total de tu flota Diligencia el formulario y descarga gratis esta gui\u0301a sobre el Plan Estrat\u00e9gico de Seguridad Vial<\/p>\n","protected":false},"author":1,"featured_media":0,"parent":13647,"menu_order":0,"comment_status":"closed","ping_status":"closed","template":"","meta":{"footnotes":""},"class_list":["post-16657","page","type-page","status-publish","hentry"],"_links":{"self":[{"href":"https:\/\/satrack.com\/co\/wp-json\/wp\/v2\/pages\/16657","targetHints":{"allow":["GET"]}}],"collection":[{"href":"https:\/\/satrack.com\/co\/wp-json\/wp\/v2\/pages"}],"about":[{"href":"https:\/\/satrack.com\/co\/wp-json\/wp\/v2\/types\/page"}],"author":[{"embeddable":true,"href":"https:\/\/satrack.com\/co\/wp-json\/wp\/v2\/users\/1"}],"replies":[{"embeddable":true,"href":"https:\/\/satrack.com\/co\/wp-json\/wp\/v2\/comments?post=16657"}],"version-history":[{"count":0,"href":"https:\/\/satrack.com\/co\/wp-json\/wp\/v2\/pages\/16657\/revisions"}],"up":[{"embeddable":true,"href":"https:\/\/satrack.com\/co\/wp-json\/wp\/v2\/pages\/13647"}],"wp:attachment":[{"href":"https:\/\/satrack.com\/co\/wp-json\/wp\/v2\/media?parent=16657"}],"curies":[{"name":"wp","href":"https:\/\/api.w.org\/{rel}","templated":true}]}}