{"id":13657,"date":"2022-11-25T12:09:27","date_gmt":"2022-11-25T17:09:27","guid":{"rendered":"https:\/\/satrack.com\/co\/?page_id=13657"},"modified":"2024-02-22T15:56:32","modified_gmt":"2024-02-22T20:56:32","slug":"bolsa-de-transporte","status":"publish","type":"page","link":"https:\/\/satrack.com\/co\/soluciones\/transportistas\/bolsa-de-transporte\/","title":{"rendered":"Bolsa de transporte"},"content":{"rendered":"\t\t<div data-elementor-type=\"wp-page\" data-elementor-id=\"13657\" class=\"elementor elementor-13657\" data-elementor-post-type=\"page\">\n\t\t\t\t<div class=\"elementor-element elementor-element-cdb8fd3 e-flex e-con-boxed e-con e-parent\" data-id=\"cdb8fd3\" data-element_type=\"container\" data-e-type=\"container\" data-settings=\"{&quot;background_background&quot;:&quot;classic&quot;}\">\n\t\t\t\t\t<div class=\"e-con-inner\">\n\t\t<div class=\"elementor-element elementor-element-53fea6d e-con-full e-flex e-con e-child\" data-id=\"53fea6d\" data-element_type=\"container\" data-e-type=\"container\">\n\t\t\t\t<div class=\"elementor-element elementor-element-604bf84 elementor-invisible elementor-widget elementor-widget-image\" data-id=\"604bf84\" data-element_type=\"widget\" data-e-type=\"widget\" data-settings=\"{&quot;_animation&quot;:&quot;fadeIn&quot;}\" data-widget_type=\"image.default\">\n\t\t\t\t\t\t\t\t\t\t\t\t\t\t\t<img fetchpriority=\"high\" decoding=\"async\" width=\"398\" height=\"511\" src=\"https:\/\/satrack.com\/co\/wp-content\/uploads\/sites\/2\/2022\/12\/img_bolsa_transp.png\" class=\"attachment-full size-full wp-image-15362\" alt=\"app satrack en celular\" title=\"img_bolsa_transp\" \/>\t\t\t\t\t\t\t\t\t\t\t\t\t\t\t<\/div>\n\t\t\t\t<\/div>\n\t\t<div class=\"elementor-element elementor-element-28a935b e-con-full e-flex e-con e-child\" data-id=\"28a935b\" data-element_type=\"container\" data-e-type=\"container\">\n\t\t\t\t<div class=\"elementor-element elementor-element-1025efe elementor-widget elementor-widget-heading\" data-id=\"1025efe\" data-element_type=\"widget\" data-e-type=\"widget\" data-widget_type=\"heading.default\">\n\t\t\t\t\t<h1 class=\"elementor-heading-title elementor-size-default\">Bolsa<br>de Transporte<\/h1>\t\t\t\t<\/div>\n\t\t\t\t<\/div>\n\t\t\t\t\t<\/div>\n\t\t\t\t<\/div>\n\t\t<div class=\"elementor-element elementor-element-a5bccb2 e-flex e-con-boxed e-con e-parent\" data-id=\"a5bccb2\" data-element_type=\"container\" data-e-type=\"container\" data-settings=\"{&quot;background_background&quot;:&quot;classic&quot;}\">\n\t\t\t\t\t<div class=\"e-con-inner\">\n\t\t\t\t<div class=\"elementor-element elementor-element-164055c elementor-widget elementor-widget-shortcode\" data-id=\"164055c\" data-element_type=\"widget\" data-e-type=\"widget\" data-widget_type=\"shortcode.default\">\n\t\t\t\t\t\t\t<div class=\"elementor-shortcode\"><div class=\"breadcrumbs\"><a href=\"https:\/\/satrack.com\/co\">Inicio<\/a><\/div><\/div>\n\t\t\t\t\t\t<\/div>\n\t\t\t\t\t<\/div>\n\t\t\t\t<\/div>\n\t\t<div class=\"elementor-element elementor-element-ab92426 e-flex e-con-boxed e-con e-parent\" data-id=\"ab92426\" data-element_type=\"container\" data-e-type=\"container\">\n\t\t\t\t\t<div class=\"e-con-inner\">\n\t\t\t\t<div class=\"elementor-element elementor-element-ad86c29 elementor-widget__width-inherit elementor-widget elementor-widget-heading\" data-id=\"ad86c29\" data-element_type=\"widget\" data-e-type=\"widget\" data-widget_type=\"heading.default\">\n\t\t\t\t\t<h2 class=\"elementor-heading-title elementor-size-default\">La aplicaci\u00f3n que conecta a los transportistas<br> con las empresas de carga y transporte<\/h2>\t\t\t\t<\/div>\n\t\t<div class=\"elementor-element elementor-element-bca7617 e-con-full e-flex e-con e-child\" data-id=\"bca7617\" data-element_type=\"container\" data-e-type=\"container\">\n\t\t\t\t<div class=\"elementor-element elementor-element-c350982 elementor-absolute elementor-widget elementor-widget-image\" data-id=\"c350982\" data-element_type=\"widget\" data-e-type=\"widget\" data-settings=\"{&quot;_position&quot;:&quot;absolute&quot;}\" data-widget_type=\"image.default\">\n\t\t\t\t\t\t\t\t\t\t\t\t\t\t\t<img decoding=\"async\" width=\"308\" height=\"107\" src=\"https:\/\/satrack.com\/co\/wp-content\/uploads\/sites\/2\/2022\/12\/logo-Bolsa-Transporte.png\" class=\"attachment-full size-full wp-image-15470\" alt=\"logo satrack bolsa de transporte\" title=\"logo-Bolsa-Transporte\" \/>\t\t\t\t\t\t\t\t\t\t\t\t\t\t\t<\/div>\n\t\t\t\t<div class=\"elementor-element elementor-element-858f7b2 elementor-widget elementor-widget-video\" data-id=\"858f7b2\" data-element_type=\"widget\" data-e-type=\"widget\" data-settings=\"{&quot;youtube_url&quot;:&quot;https:\\\/\\\/www.youtube.com\\\/watch?v=6zkaHv-9q0U&quot;,&quot;lazy_load&quot;:&quot;yes&quot;,&quot;mute&quot;:&quot;yes&quot;,&quot;video_type&quot;:&quot;youtube&quot;,&quot;controls&quot;:&quot;yes&quot;}\" data-widget_type=\"video.default\">\n\t\t\t\t\t\t\t<div class=\"elementor-wrapper elementor-open-inline\">\n\t\t\t<div class=\"elementor-video\"><\/div>\t\t<\/div>\n\t\t\t\t\t\t<\/div>\n\t\t\t\t<\/div>\n\t\t<div class=\"elementor-element elementor-element-bf2b210 e-con-full e-flex e-con e-child\" data-id=\"bf2b210\" data-element_type=\"container\" data-e-type=\"container\">\n\t\t\t\t<div class=\"elementor-element elementor-element-5ce8965 elementor-widget__width-inherit elementor-widget elementor-widget-heading\" data-id=\"5ce8965\" data-element_type=\"widget\" data-e-type=\"widget\" data-widget_type=\"heading.default\">\n\t\t\t\t\t<h3 class=\"elementor-heading-title elementor-size-default\">Es una aplicaci\u00f3n dise\u00f1ada para empresas y transportistas activos con Satrack.<\/h3>\t\t\t\t<\/div>\n\t\t\t\t<div class=\"elementor-element elementor-element-597782c elementor-widget elementor-widget-text-editor\" data-id=\"597782c\" data-element_type=\"widget\" data-e-type=\"widget\" data-widget_type=\"text-editor.default\">\n\t\t\t\t\t\t\t\t\t<p>Donde encontrar\u00e1n una gran oportunidad para acceder a ofertas de carga y optimizar la operaci\u00f3n log\u00edstica de las empresas. <strong>En Satrack pensamos siempre en ayudarte a progresar.<\/strong><\/p>\t\t\t\t\t\t\t\t<\/div>\n\t\t\t\t<\/div>\n\t\t\t\t\t<\/div>\n\t\t\t\t<\/div>\n\t\t<div class=\"elementor-element elementor-element-38e1484 e-flex e-con-boxed e-con e-parent\" data-id=\"38e1484\" data-element_type=\"container\" data-e-type=\"container\" data-settings=\"{&quot;background_background&quot;:&quot;classic&quot;}\">\n\t\t\t\t\t<div class=\"e-con-inner\">\n\t\t<div class=\"elementor-element elementor-element-df08ff2 e-con-full e-flex e-con e-child\" data-id=\"df08ff2\" data-element_type=\"container\" data-e-type=\"container\">\n\t\t\t\t<div class=\"elementor-element elementor-element-71ca960 elementor-widget elementor-widget-heading\" data-id=\"71ca960\" data-element_type=\"widget\" data-e-type=\"widget\" data-widget_type=\"heading.default\">\n\t\t\t\t\t<h2 class=\"elementor-heading-title elementor-size-default\">Si eres una empresa<\/h2>\t\t\t\t<\/div>\n\t\t\t\t<div class=\"elementor-element elementor-element-10c7592 elementor-widget elementor-widget-text-editor\" data-id=\"10c7592\" data-element_type=\"widget\" data-e-type=\"widget\" data-widget_type=\"text-editor.default\">\n\t\t\t\t\t\t\t\t\t<p>Ya no te tendr\u00e1s que preocuparte por publicar la necesidad de veh\u00edculos en los diferentes medios.<\/p><p>Ahora <strong>BOLSA DE TRANSPORTE<\/strong> te ayudar\u00e1 a optimizar tu operaci\u00f3n log\u00edstica para que puedas ponerte en contacto con los transportistas que cumplen con los requerimientos de tu solicitud <em>(Ubicaci\u00f3n, tipo de veh\u00edculo, entre otros)<\/em>.<\/p>\t\t\t\t\t\t\t\t<\/div>\n\t\t\t\t<\/div>\n\t\t<div class=\"elementor-element elementor-element-278cf62 e-con-full e-flex e-con e-child\" data-id=\"278cf62\" data-element_type=\"container\" data-e-type=\"container\">\n\t\t\t\t<div class=\"elementor-element elementor-element-c04ab38 elementor-widget__width-auto elementor-align-center elementor-widget elementor-widget-button\" data-id=\"c04ab38\" data-element_type=\"widget\" data-e-type=\"widget\" data-widget_type=\"button.default\">\n\t\t\t\t\t\t\t\t\t\t<a class=\"elementor-button elementor-button-link elementor-size-xl elementor-animation-grow\" href=\"https:\/\/fleetstockexchangeui.satrack.com\/login\" target=\"_blank\" rel=\"nofollow\">\n\t\t\t\t\t\t<span class=\"elementor-button-content-wrapper\">\n\t\t\t\t\t\t<span class=\"elementor-button-icon\">\n\t\t\t\t<svg aria-hidden=\"true\" class=\"e-font-icon-svg e-fas-mouse-pointer\" viewBox=\"0 0 320 512\" xmlns=\"http:\/\/www.w3.org\/2000\/svg\"><path d=\"M302.189 329.126H196.105l55.831 135.993c3.889 9.428-.555 19.999-9.444 23.999l-49.165 21.427c-9.165 4-19.443-.571-23.332-9.714l-53.053-129.136-86.664 89.138C18.729 472.71 0 463.554 0 447.977V18.299C0 1.899 19.921-6.096 30.277 5.443l284.412 292.542c11.472 11.179 3.007 31.141-12.5 31.141z\"><\/path><\/svg>\t\t\t<\/span>\n\t\t\t\t\t\t\t\t\t<span class=\"elementor-button-text\">Ingresa aqu\u00ed<\/span>\n\t\t\t\t\t<\/span>\n\t\t\t\t\t<\/a>\n\t\t\t\t\t\t\t\t<\/div>\n\t\t\t\t<\/div>\n\t\t\t\t\t<\/div>\n\t\t\t\t<\/div>\n\t\t<div class=\"elementor-element elementor-element-955de00 e-flex e-con-boxed e-con e-parent\" data-id=\"955de00\" data-element_type=\"container\" data-e-type=\"container\" data-settings=\"{&quot;background_background&quot;:&quot;classic&quot;}\">\n\t\t\t\t\t<div class=\"e-con-inner\">\n\t\t<div class=\"elementor-element elementor-element-38c76a5 e-con-full e-flex e-con e-child\" data-id=\"38c76a5\" data-element_type=\"container\" data-e-type=\"container\">\n\t\t\t\t<div class=\"elementor-element elementor-element-4479729 elementor-widget elementor-widget-heading\" data-id=\"4479729\" data-element_type=\"widget\" data-e-type=\"widget\" data-widget_type=\"heading.default\">\n\t\t\t\t\t<h2 class=\"elementor-heading-title elementor-size-default\">Transportista\n<\/h2>\t\t\t\t<\/div>\n\t\t\t\t<div class=\"elementor-element elementor-element-5378ef1 elementor-widget elementor-widget-text-editor\" data-id=\"5378ef1\" data-element_type=\"widget\" data-e-type=\"widget\" data-widget_type=\"text-editor.default\">\n\t\t\t\t\t\t\t\t\t<p>Sabemos que tu labor es tu sustento. Ahora con la aplicaci\u00f3n Bolsa de Transporte encontrar\u00e1s todas las ofertas de carga que las grandes empresas de carga y transporte necesitan. En Satrack pensamos siempre en ayudarte a progresar, \u00a1no vuelvas a viajar vac\u00edo!<\/p>\t\t\t\t\t\t\t\t<\/div>\n\t\t\t\t<div class=\"elementor-element elementor-element-b861551 elementor-widget__width-auto elementor-align-center elementor-widget elementor-widget-button\" data-id=\"b861551\" data-element_type=\"widget\" data-e-type=\"widget\" data-widget_type=\"button.default\">\n\t\t\t\t\t\t\t\t\t\t<a class=\"elementor-button elementor-button-link elementor-size-xl elementor-animation-grow\" href=\"https:\/\/play.google.com\/store\/apps\/details?id=com.satrack.fleetstockexchange\" target=\"_blank\" rel=\"nofollow noopener\">\n\t\t\t\t\t\t<span class=\"elementor-button-content-wrapper\">\n\t\t\t\t\t\t<span class=\"elementor-button-icon\">\n\t\t\t\t<svg aria-hidden=\"true\" class=\"e-font-icon-svg e-fas-mouse-pointer\" viewBox=\"0 0 320 512\" xmlns=\"http:\/\/www.w3.org\/2000\/svg\"><path d=\"M302.189 329.126H196.105l55.831 135.993c3.889 9.428-.555 19.999-9.444 23.999l-49.165 21.427c-9.165 4-19.443-.571-23.332-9.714l-53.053-129.136-86.664 89.138C18.729 472.71 0 463.554 0 447.977V18.299C0 1.899 19.921-6.096 30.277 5.443l284.412 292.542c11.472 11.179 3.007 31.141-12.5 31.141z\"><\/path><\/svg>\t\t\t<\/span>\n\t\t\t\t\t\t\t\t\t<span class=\"elementor-button-text\">Desc\u00e1rgala aqu\u00ed<\/span>\n\t\t\t\t\t<\/span>\n\t\t\t\t\t<\/a>\n\t\t\t\t\t\t\t\t<\/div>\n\t\t\t\t<\/div>\n\t\t\t\t\t<\/div>\n\t\t\t\t<\/div>\n\t\t<div class=\"elementor-element elementor-element-f18e38b e-flex e-con-boxed e-con e-parent\" data-id=\"f18e38b\" data-element_type=\"container\" data-e-type=\"container\" data-settings=\"{&quot;background_background&quot;:&quot;classic&quot;}\">\n\t\t\t\t\t<div class=\"e-con-inner\">\n\t\t\t\t<div class=\"elementor-element elementor-element-2eed7b8 elementor-widget__width-inherit elementor-widget elementor-widget-heading\" data-id=\"2eed7b8\" data-element_type=\"widget\" data-e-type=\"widget\" data-widget_type=\"heading.default\">\n\t\t\t\t\t<h3 class=\"elementor-heading-title elementor-size-default\">\u00bfPor qu\u00e9 nos prefieren?<\/h3>\t\t\t\t<\/div>\n\t\t\t\t<div class=\"elementor-element elementor-element-c634030 elementor-arrows-yes elementor-pagination-type-bullets elementor--star-style-star_fontawesome elementor-widget elementor-widget-reviews\" data-id=\"c634030\" data-element_type=\"widget\" data-e-type=\"widget\" data-settings=\"{&quot;slides_per_view&quot;:&quot;3&quot;,&quot;slides_to_scroll&quot;:&quot;1&quot;,&quot;speed&quot;:800,&quot;lazyload&quot;:&quot;yes&quot;,&quot;slides_per_view_tablet&quot;:&quot;2&quot;,&quot;space_between&quot;:{&quot;unit&quot;:&quot;px&quot;,&quot;size&quot;:17,&quot;sizes&quot;:[]},&quot;show_arrows&quot;:&quot;yes&quot;,&quot;pagination&quot;:&quot;bullets&quot;,&quot;autoplay&quot;:&quot;yes&quot;,&quot;autoplay_speed&quot;:5000,&quot;loop&quot;:&quot;yes&quot;,&quot;pause_on_hover&quot;:&quot;yes&quot;,&quot;pause_on_interaction&quot;:&quot;yes&quot;,&quot;space_between_laptop&quot;:{&quot;unit&quot;:&quot;px&quot;,&quot;size&quot;:10,&quot;sizes&quot;:[]},&quot;space_between_tablet&quot;:{&quot;unit&quot;:&quot;px&quot;,&quot;size&quot;:10,&quot;sizes&quot;:[]},&quot;space_between_mobile&quot;:{&quot;unit&quot;:&quot;px&quot;,&quot;size&quot;:10,&quot;sizes&quot;:[]}}\" data-widget_type=\"reviews.default\">\n\t\t\t\t\t\t\t\t\t\t<div class=\"elementor-main-swiper swiper\" role=\"region\" aria-roledescription=\"carousel\" aria-label=\"Diapositivas\">\n\t\t\t\t<div class=\"swiper-wrapper\">\n\t\t\t\t\t\t\t\t\t\t\t<div class=\"swiper-slide\" role=\"group\" aria-roledescription=\"slide\">\n\t\t\t\t\t\t\t\t\t<div class=\"elementor-testimonial elementor-repeater-item-ee0cd2e\">\n\t\t\t\t\t\t\t<div class=\"elementor-testimonial__header\">\n\t\t\t\t\t\t\t\t\t\t<cite class=\"elementor-testimonial__cite\"><span class=\"elementor-testimonial__name\">Orlando Catolico Caicedo<\/span><div class=\"elementor-star-rating\"><i class=\"elementor-star-full\">&#xE933;<\/i><i class=\"elementor-star-full\">&#xE933;<\/i><i class=\"elementor-star-full\">&#xE933;<\/i><i class=\"elementor-star-full\">&#xE933;<\/i><i class=\"elementor-star-full\">&#xE933;<\/i><\/div><\/cite>\t\t\t\t\t<div class=\"elementor-testimonial__icon elementor-icon elementor-icon-\" aria-label=\"Leer m\u00e1s\"><\/div>\t\t\t\t<\/div>\n\t\t\t\t\t\t\t\t\t\t<div class=\"elementor-testimonial__content\">\n\t\t\t\t\t<div class=\"elementor-testimonial__text\">\n\t\t\t\t\t\tBolsa de Transporte ha sido muy \u00fatil para mi porque si conozco m\u00e1s empresas con carga disponible tengo m\u00e1s oportunidades y m\u00e1s ingresos.\t\t\t\t\t<\/div>\n\t\t\t\t<\/div>\n\t\t\t\t\t<\/div>\n\t\t\t\t\t\t\t\t<\/div>\n\t\t\t\t\t\t\t\t\t\t\t<div class=\"swiper-slide\" role=\"group\" aria-roledescription=\"slide\">\n\t\t\t\t\t\t\t\t\t<div class=\"elementor-testimonial elementor-repeater-item-8fb00da\">\n\t\t\t\t\t\t\t<div class=\"elementor-testimonial__header\">\n\t\t\t\t\t\t\t\t\t\t<cite class=\"elementor-testimonial__cite\"><span class=\"elementor-testimonial__name\">Yidmer Hern\u00e1n Morera Vargas<\/span><div class=\"elementor-star-rating\"><i class=\"elementor-star-full\">&#xE933;<\/i><i class=\"elementor-star-full\">&#xE933;<\/i><i class=\"elementor-star-full\">&#xE933;<\/i><i class=\"elementor-star-full\">&#xE933;<\/i><i class=\"elementor-star-full\">&#xE933;<\/i><\/div><\/cite>\t\t\t\t\t<div class=\"elementor-testimonial__icon elementor-icon elementor-icon-\" aria-label=\"Leer m\u00e1s\"><\/div>\t\t\t\t<\/div>\n\t\t\t\t\t\t\t\t\t\t<div class=\"elementor-testimonial__content\">\n\t\t\t\t\t<div class=\"elementor-testimonial__text\">\n\t\t\t\t\t\tEs muy bueno que Satrack como la empresa de GPS nos ayude a los transportistas a conocer m\u00e1s carga y mejor si esta ayuda es gratis.\t\t\t\t\t<\/div>\n\t\t\t\t<\/div>\n\t\t\t\t\t<\/div>\n\t\t\t\t\t\t\t\t<\/div>\n\t\t\t\t\t\t\t\t\t\t\t<div class=\"swiper-slide\" role=\"group\" aria-roledescription=\"slide\">\n\t\t\t\t\t\t\t\t\t<div class=\"elementor-testimonial elementor-repeater-item-04f49f5\">\n\t\t\t\t\t\t\t<div class=\"elementor-testimonial__header\">\n\t\t\t\t\t\t\t\t\t\t<cite class=\"elementor-testimonial__cite\"><span class=\"elementor-testimonial__name\">Jos\u00e9 Hernando Vargas Vargas<\/span><div class=\"elementor-star-rating\"><i class=\"elementor-star-full\">&#xE933;<\/i><i class=\"elementor-star-full\">&#xE933;<\/i><i class=\"elementor-star-full\">&#xE933;<\/i><i class=\"elementor-star-full\">&#xE933;<\/i><i class=\"elementor-star-full\">&#xE933;<\/i><\/div><\/cite>\t\t\t\t\t<div class=\"elementor-testimonial__icon elementor-icon elementor-icon-\" aria-label=\"Leer m\u00e1s\"><\/div>\t\t\t\t<\/div>\n\t\t\t\t\t\t\t\t\t\t<div class=\"elementor-testimonial__content\">\n\t\t\t\t\t<div class=\"elementor-testimonial__text\">\n\t\t\t\t\t\tBolsa de Transporte me ha ayudado mucho porque me mandan diferentes ofertas de carga para mi veh\u00edculo y eso es lo que necesito para trabajar, adem\u00e1s que no todas las empresas hacen eso, gracias Satrack por ayudar a los transportistas como yo.\t\t\t\t\t<\/div>\n\t\t\t\t<\/div>\n\t\t\t\t\t<\/div>\n\t\t\t\t\t\t\t\t<\/div>\n\t\t\t\t\t\t\t\t\t<\/div>\n\t\t\t\t\t\t\t\t\t\t\t\t\t\t\t<div class=\"elementor-swiper-button elementor-swiper-button-prev\" role=\"button\" tabindex=\"0\" aria-label=\"Anterior\">\n\t\t\t\t\t\t\t<svg aria-hidden=\"true\" class=\"e-font-icon-svg e-eicon-chevron-left\" viewBox=\"0 0 1000 1000\" xmlns=\"http:\/\/www.w3.org\/2000\/svg\"><path d=\"M646 125C629 125 613 133 604 142L308 442C296 454 292 471 292 487 292 504 296 521 308 533L604 854C617 867 629 875 646 875 663 875 679 871 692 858 704 846 713 829 713 812 713 796 708 779 692 767L438 487 692 225C700 217 708 204 708 187 708 171 704 154 692 142 675 129 663 125 646 125Z\"><\/path><\/svg>\t\t\t\t\t\t<\/div>\n\t\t\t\t\t\t<div class=\"elementor-swiper-button elementor-swiper-button-next\" role=\"button\" tabindex=\"0\" aria-label=\"Siguiente\">\n\t\t\t\t\t\t\t<svg aria-hidden=\"true\" class=\"e-font-icon-svg e-eicon-chevron-right\" viewBox=\"0 0 1000 1000\" xmlns=\"http:\/\/www.w3.org\/2000\/svg\"><path d=\"M696 533C708 521 713 504 713 487 713 471 708 454 696 446L400 146C388 133 375 125 354 125 338 125 325 129 313 142 300 154 292 171 292 187 292 204 296 221 308 233L563 492 304 771C292 783 288 800 288 817 288 833 296 850 308 863 321 871 338 875 354 875 371 875 388 867 400 854L696 533Z\"><\/path><\/svg>\t\t\t\t\t\t<\/div>\n\t\t\t\t\t\t\t\t\t\t\t\t\t\t\t\t<div class=\"swiper-pagination\"><\/div>\n\t\t\t\t\t\t\t\t\t\t\t\t<\/div>\n\t\t\t\t\t\t\t\t<\/div>\n\t\t\t\t\t<\/div>\n\t\t\t\t<\/div>\n\t\t<div class=\"elementor-element elementor-element-d0837fc e-flex e-con-boxed e-con e-parent\" data-id=\"d0837fc\" data-element_type=\"container\" data-e-type=\"container\" data-settings=\"{&quot;background_background&quot;:&quot;classic&quot;}\">\n\t\t\t\t\t<div class=\"e-con-inner\">\n\t\t\t\t<div class=\"elementor-element elementor-element-215db40 elementor-widget__width-inherit elementor-widget elementor-widget-heading\" data-id=\"215db40\" data-element_type=\"widget\" data-e-type=\"widget\" data-widget_type=\"heading.default\">\n\t\t\t\t\t<h3 class=\"elementor-heading-title elementor-size-default\">Conoce m\u00e1s beneficio de satrack para ti<\/h3>\t\t\t\t<\/div>\n\t\t\t\t<div class=\"elementor-element elementor-element-4e88a77 elementor-widget__width-inherit elementor-widget elementor-widget-heading\" data-id=\"4e88a77\" data-element_type=\"widget\" data-e-type=\"widget\" data-widget_type=\"heading.default\">\n\t\t\t\t\t<div class=\"elementor-heading-title elementor-size-default\">Dale click aqu\u00ed si eres:<\/div>\t\t\t\t<\/div>\n\t\t\t\t<div class=\"elementor-element elementor-element-af1ec6b elementor-widget__width-auto elementor-align-center elementor-widget elementor-widget-button\" data-id=\"af1ec6b\" data-element_type=\"widget\" data-e-type=\"widget\" data-widget_type=\"button.default\">\n\t\t\t\t\t\t\t\t\t\t<a class=\"elementor-button elementor-button-link elementor-size-xl elementor-animation-grow\" href=\"https:\/\/satrack.com\/co\/?page_id=13622\">\n\t\t\t\t\t\t<span class=\"elementor-button-content-wrapper\">\n\t\t\t\t\t\t\t\t\t<span class=\"elementor-button-text\">Empresa<\/span>\n\t\t\t\t\t<\/span>\n\t\t\t\t\t<\/a>\n\t\t\t\t\t\t\t\t<\/div>\n\t\t\t\t<div class=\"elementor-element elementor-element-b6072c2 elementor-widget__width-auto elementor-align-center elementor-widget elementor-widget-button\" data-id=\"b6072c2\" data-element_type=\"widget\" data-e-type=\"widget\" data-widget_type=\"button.default\">\n\t\t\t\t\t\t\t\t\t\t<a class=\"elementor-button elementor-button-link elementor-size-xl elementor-animation-grow\" href=\"https:\/\/satrack.com\/co\/soluciones\/transportistas\/\">\n\t\t\t\t\t\t<span class=\"elementor-button-content-wrapper\">\n\t\t\t\t\t\t\t\t\t<span class=\"elementor-button-text\">Transportista<\/span>\n\t\t\t\t\t<\/span>\n\t\t\t\t\t<\/a>\n\t\t\t\t\t\t\t\t<\/div>\n\t\t\t\t\t<\/div>\n\t\t\t\t<\/div>\n\t\t\t\t<\/div>\n\t\t","protected":false},"excerpt":{"rendered":"<p>Bolsa de Transporte La aplicaci\u00f3n que conecta a los transportistas con las empresas de carga y transporte Es una aplicaci\u00f3n dise\u00f1ada para empresas y transportistas activos con Satrack. Donde encontrar\u00e1n una gran oportunidad para acceder a ofertas de carga y optimizar la operaci\u00f3n log\u00edstica de las empresas. En Satrack pensamos siempre en ayudarte a progresar. [&hellip;]<\/p>\n","protected":false},"author":1,"featured_media":0,"parent":13624,"menu_order":0,"comment_status":"closed","ping_status":"closed","template":"","meta":{"footnotes":""},"class_list":["post-13657","page","type-page","status-publish","hentry"],"_links":{"self":[{"href":"https:\/\/satrack.com\/co\/wp-json\/wp\/v2\/pages\/13657","targetHints":{"allow":["GET"]}}],"collection":[{"href":"https:\/\/satrack.com\/co\/wp-json\/wp\/v2\/pages"}],"about":[{"href":"https:\/\/satrack.com\/co\/wp-json\/wp\/v2\/types\/page"}],"author":[{"embeddable":true,"href":"https:\/\/satrack.com\/co\/wp-json\/wp\/v2\/users\/1"}],"replies":[{"embeddable":true,"href":"https:\/\/satrack.com\/co\/wp-json\/wp\/v2\/comments?post=13657"}],"version-history":[{"count":0,"href":"https:\/\/satrack.com\/co\/wp-json\/wp\/v2\/pages\/13657\/revisions"}],"up":[{"embeddable":true,"href":"https:\/\/satrack.com\/co\/wp-json\/wp\/v2\/pages\/13624"}],"wp:attachment":[{"href":"https:\/\/satrack.com\/co\/wp-json\/wp\/v2\/media?parent=13657"}],"curies":[{"name":"wp","href":"https:\/\/api.w.org\/{rel}","templated":true}]}}