{"id":6355,"date":"2023-05-29T15:45:01","date_gmt":"2023-05-29T20:45:01","guid":{"rendered":"https:\/\/satrack.com\/cenam\/?page_id=6355"},"modified":"2023-07-04T11:04:40","modified_gmt":"2023-07-04T16:04:40","slug":"monitoreo-satelital-ante-un-posible-hurto-de-vehiculo","status":"publish","type":"page","link":"https:\/\/satrack.com\/cenam\/empresas\/compania\/aprende-con-satrack\/monitoreo-satelital-ante-un-posible-hurto-de-vehiculo\/","title":{"rendered":"Monitoreo Satelital ante un posible hurto de veh\u00edculo"},"content":{"rendered":"\t\t<div data-elementor-type=\"wp-page\" data-elementor-id=\"6355\" class=\"elementor elementor-6355\" data-elementor-post-type=\"page\">\n\t\t\t\t<div class=\"elementor-element elementor-element-7381a523 e-flex e-con-boxed e-con e-parent\" data-id=\"7381a523\" data-element_type=\"container\" data-e-type=\"container\" data-settings=\"{&quot;background_background&quot;:&quot;gradient&quot;}\">\n\t\t\t\t\t<div class=\"e-con-inner\">\n\t\t<div class=\"elementor-element elementor-element-1956d98b e-con-full e-flex e-con e-parent\" data-id=\"1956d98b\" data-element_type=\"container\" data-e-type=\"container\">\n\t\t\t\t<div class=\"elementor-element elementor-element-4ca75bad elementor-widget elementor-widget-heading\" data-id=\"4ca75bad\" data-element_type=\"widget\" data-e-type=\"widget\" data-widget_type=\"heading.default\">\n\t\t\t\t<div class=\"elementor-widget-container\">\n\t\t\t\t\t<div class=\"elementor-heading-title elementor-size-default\">Aprende con Satrack<\/div>\t\t\t\t<\/div>\n\t\t\t\t<\/div>\n\t\t\t\t<\/div>\n\t\t<div class=\"elementor-element elementor-element-57b12e9b e-con-full elementor-hidden-mobile e-flex e-con e-parent\" data-id=\"57b12e9b\" data-element_type=\"container\" data-e-type=\"container\">\n\t\t\t\t<\/div>\n\t\t\t\t\t<\/div>\n\t\t\t\t<\/div>\n\t\t<div class=\"elementor-element elementor-element-7b48b3e4 e-flex e-con-boxed e-con e-parent\" data-id=\"7b48b3e4\" data-element_type=\"container\" data-e-type=\"container\" data-settings=\"{&quot;background_background&quot;:&quot;classic&quot;}\">\n\t\t\t\t\t<div class=\"e-con-inner\">\n\t\t\t\t<div class=\"elementor-element elementor-element-5546d2eb elementor-widget elementor-widget-shortcode\" data-id=\"5546d2eb\" data-element_type=\"widget\" data-e-type=\"widget\" data-widget_type=\"shortcode.default\">\n\t\t\t\t<div class=\"elementor-widget-container\">\n\t\t\t\t\t\t\t<div class=\"elementor-shortcode\"><div class=\"breadcrumbs\"><a href=\"https:\/\/satrack.com\/cenam\">Inicio<\/a><\/div><\/div>\n\t\t\t\t\t\t<\/div>\n\t\t\t\t<\/div>\n\t\t\t\t\t<\/div>\n\t\t\t\t<\/div>\n\t\t<div class=\"elementor-element elementor-element-3893afc2 e-con-full e-flex e-con e-parent\" data-id=\"3893afc2\" data-element_type=\"container\" data-e-type=\"container\" data-settings=\"{&quot;background_background&quot;:&quot;classic&quot;}\">\n\t\t<div class=\"elementor-element elementor-element-5dab619c e-flex e-con-boxed e-con e-parent\" data-id=\"5dab619c\" data-element_type=\"container\" data-e-type=\"container\">\n\t\t\t\t\t<div class=\"e-con-inner\">\n\t\t\t\t<div class=\"elementor-element elementor-element-31b2f59f elementor-widget__width-inherit elementor-widget elementor-widget-heading\" data-id=\"31b2f59f\" data-element_type=\"widget\" data-e-type=\"widget\" data-widget_type=\"heading.default\">\n\t\t\t\t<div class=\"elementor-widget-container\">\n\t\t\t\t\t<h1 class=\"elementor-heading-title elementor-size-default\">Monitoreo Satelital ante un posible hurto de veh\u00edculo<\/h1>\t\t\t\t<\/div>\n\t\t\t\t<\/div>\n\t\t\t\t<div class=\"elementor-element elementor-element-68c11261 elementor-widget elementor-widget-text-editor\" data-id=\"68c11261\" data-element_type=\"widget\" data-e-type=\"widget\" data-widget_type=\"text-editor.default\">\n\t\t\t\t<div class=\"elementor-widget-container\">\n\t\t\t\t\t\t\t\t\tDescarga la gu\u00eda b\u00e1sica que te cuenta C\u00f3mo utilizar el Monitoreo Satelital ante un posible hurto de veh\u00edculo\t\t\t\t\t\t\t\t<\/div>\n\t\t\t\t<\/div>\n\t\t\t\t<div class=\"elementor-element elementor-element-4785a6b1 elementor-widget elementor-widget-heading\" data-id=\"4785a6b1\" data-element_type=\"widget\" data-e-type=\"widget\" data-widget_type=\"heading.default\">\n\t\t\t\t<div class=\"elementor-widget-container\">\n\t\t\t\t\t<div class=\"elementor-heading-title elementor-size-default\">\u00a1Siempre acompa\u00f1\u00e1ndote en la v\u00eda!<\/div>\t\t\t\t<\/div>\n\t\t\t\t<\/div>\n\t\t\t\t<div class=\"elementor-element elementor-element-156ef12d elementor-widget elementor-widget-image\" data-id=\"156ef12d\" data-element_type=\"widget\" data-e-type=\"widget\" data-widget_type=\"image.default\">\n\t\t\t\t<div class=\"elementor-widget-container\">\n\t\t\t\t\t\t\t\t\t\t\t\t\t\t\t<img fetchpriority=\"high\" decoding=\"async\" width=\"700\" height=\"453\" src=\"https:\/\/satrack.com\/cenam\/wp-content\/uploads\/sites\/6\/2023\/07\/satrack-hurto.jpg\" class=\"attachment-full size-full wp-image-6542\" alt=\"\" srcset=\"https:\/\/satrack.com\/cenam\/wp-content\/uploads\/sites\/6\/2023\/07\/satrack-hurto.jpg 700w, https:\/\/satrack.com\/cenam\/wp-content\/uploads\/sites\/6\/2023\/07\/satrack-hurto-300x194.jpg 300w\" sizes=\"(max-width: 700px) 100vw, 700px\" \/>\t\t\t\t\t\t\t\t\t\t\t\t\t\t\t<\/div>\n\t\t\t\t<\/div>\n\t\t\t\t\t<\/div>\n\t\t\t\t<\/div>\n\t\t<div class=\"elementor-element elementor-element-34a791bd e-flex e-con-boxed e-con e-parent\" data-id=\"34a791bd\" data-element_type=\"container\" data-e-type=\"container\">\n\t\t\t\t\t<div class=\"e-con-inner\">\n\t\t\t\t<div class=\"elementor-element elementor-element-7e2805d2 elementor-widget__width-inherit elementor-widget elementor-widget-heading\" data-id=\"7e2805d2\" data-element_type=\"widget\" data-e-type=\"widget\" data-widget_type=\"heading.default\">\n\t\t\t\t<div class=\"elementor-widget-container\">\n\t\t\t\t\t<p class=\"elementor-heading-title elementor-size-default\">Diligencia el formulario y descarga gratis esta gui\u0301a de C\u00f3mo utilizar el Monitoreo Satelital ante un posible hurto de veh\u00edculo<\/p>\t\t\t\t<\/div>\n\t\t\t\t<\/div>\n\t\t\t\t<div class=\"elementor-element elementor-element-cfbdaa8 elementor-widget elementor-widget-html\" data-id=\"cfbdaa8\" data-element_type=\"widget\" data-e-type=\"widget\" data-widget_type=\"html.default\">\n\t\t\t\t<div class=\"elementor-widget-container\">\n\t\t\t\t\t<div id=\"formulario-guia-practica-para-evitar-el-hurto-045e5e1d0854b2123f3b\" role=\"main\"><\/div>\r\n<script type=\"text\/javascript\" src=\"https:\/\/d335luupugsy2.cloudfront.net\/js\/rdstation-forms\/stable\/rdstation-forms.min.js\"><\/script><script type=\"text\/javascript\"> new RDStationForms('formulario-guia-practica-para-evitar-el-hurto-045e5e1d0854b2123f3b', 'UA-35407076-15').createForm();<\/script>\r\n\r\n<script>\r\nlet campo = \"\";\r\nlet tiempo = \r\nsetInterval(function(){\r\ncampo = document.getElementsByClassName(\"js-field-open_country\")\r\n\r\nif(campo != null){\r\n    campo[0].value = \"Panam\u00e1\";\r\n   campo =  campo[0].parentElement;\r\n    campo.style.display = \"none\";\r\nconsole.log(campo);\r\nclearInterval(tiempo);\r\n}\r\n}, 200);\r\n<\/script>\t\t\t\t<\/div>\n\t\t\t\t<\/div>\n\t\t\t\t\t<\/div>\n\t\t\t\t<\/div>\n\t\t\t\t<\/div>\n\t\t\t\t<\/div>\n\t\t","protected":false},"excerpt":{"rendered":"<p>Aprende con Satrack Descarga la gu\u00eda b\u00e1sica que te cuenta C\u00f3mo utilizar el Monitoreo Satelital ante un posible hurto de veh\u00edculo \u00a1Siempre acompa\u00f1\u00e1ndote en la v\u00eda! Diligencia el formulario y descarga gratis esta gui\u0301a de C\u00f3mo utilizar el Monitoreo Satelital ante un posible hurto de veh\u00edculo<\/p>\n","protected":false},"author":1,"featured_media":0,"parent":2,"menu_order":0,"comment_status":"closed","ping_status":"closed","template":"","meta":{"footnotes":""},"class_list":["post-6355","page","type-page","status-publish","hentry"],"_links":{"self":[{"href":"https:\/\/satrack.com\/cenam\/wp-json\/wp\/v2\/pages\/6355","targetHints":{"allow":["GET"]}}],"collection":[{"href":"https:\/\/satrack.com\/cenam\/wp-json\/wp\/v2\/pages"}],"about":[{"href":"https:\/\/satrack.com\/cenam\/wp-json\/wp\/v2\/types\/page"}],"author":[{"embeddable":true,"href":"https:\/\/satrack.com\/cenam\/wp-json\/wp\/v2\/users\/1"}],"replies":[{"embeddable":true,"href":"https:\/\/satrack.com\/cenam\/wp-json\/wp\/v2\/comments?post=6355"}],"version-history":[{"count":11,"href":"https:\/\/satrack.com\/cenam\/wp-json\/wp\/v2\/pages\/6355\/revisions"}],"predecessor-version":[{"id":6650,"href":"https:\/\/satrack.com\/cenam\/wp-json\/wp\/v2\/pages\/6355\/revisions\/6650"}],"up":[{"embeddable":true,"href":"https:\/\/satrack.com\/cenam\/wp-json\/wp\/v2\/pages\/2"}],"wp:attachment":[{"href":"https:\/\/satrack.com\/cenam\/wp-json\/wp\/v2\/media?parent=6355"}],"curies":[{"name":"wp","href":"https:\/\/api.w.org\/{rel}","templated":true}]}}