{"id":5628,"date":"2023-04-04T08:31:55","date_gmt":"2023-04-04T13:31:55","guid":{"rendered":"http:\/\/juan_zorro"},"modified":"2023-04-04T08:31:55","modified_gmt":"2023-04-04T13:31:55","slug":"uso-de-datos","status":"publish","type":"page","link":"https:\/\/satrack.com\/cenam\/legal\/uso-de-datos\/","title":{"rendered":"Pol\u00edtica de protecci\u00f3n de datos personales"},"content":{"rendered":"<p>La presente Pol\u00edtica de Protecci\u00f3n de Datos Personales se adopta dando cumplimiento a lo establecido en la Ley 1581 de 2012 y a su Decreto Reglamentario 1377 de 2013 y dem\u00e1s normas que la modifiquen, reglamenten, con el prop\u00f3sito de proteger la informaci\u00f3n y el ejercicio de los derechos de los titulares de datos que sean tratados por Satrack Inc de Colombia Servisat S.A.S. y cualquiera de sus filiales (que en adelante y para efectos del presente documento se denominar\u00e1n \u201clas Empresas\u201d).<\/p>\n<p>Los datos personales en custodia de las Empresas, en su condici\u00f3n de responsables y\/o encargados seg\u00fan el caso, ser\u00e1n tratados cumpliendo los principios y regulaciones previstas en las leyes colombianas, la legislaci\u00f3n nacional vigente y las buenas pr\u00e1cticas aplicables al r\u00e9gimen de protecci\u00f3n de datos personales, de acuerdo con lo que determina la Pol\u00edtica de Protecci\u00f3n de Datos Personales que se define a continuaci\u00f3n.<\/p>\n<p><strong>Definiciones:<\/strong><\/p>\n<ul>\n<li><strong>Autorizaci\u00f3n:<\/strong>Consentimiento previo, expreso e informado del Titular para llevar a cabo el Tratamiento de datos personales.<\/li>\n<\/ul>\n<ul>\n<li><strong>Aviso de privacidad<\/strong>:\u00a0Comunicaci\u00f3n verbal o escrita generada por el responsable, dirigida al Titular para el Tratamiento de sus datos personales, mediante la cual se le informa acerca de la existencia de las Pol\u00edticas de Tratamiento de informaci\u00f3n que le ser\u00e1n aplicables, la forma de acceder a las mismas y las finalidades del Tratamiento que se pretende dar a los datos personales.<\/li>\n<\/ul>\n<ul>\n<li><strong>Base de Datos:<\/strong>Conjunto organizado de datos personales o informaci\u00f3n que sea objeto de Tratamiento.<\/li>\n<\/ul>\n<ul>\n<li><strong>Compa\u00f1\u00edas:<\/strong>\u00a0Se refiere a Satrack Inc de Colombia Servisat S.A.S. y sus empresas subordinadas o filiales tales como Satrack S.A, Fastrack S.A y cualquier otra sociedad sobre la cual Satrack Inc de Colombia Servisat S.A.S. ejerza control, unidad de prop\u00f3sito y direcci\u00f3n.<\/li>\n<\/ul>\n<ul>\n<li><strong>Dato personal:<\/strong>Cualquier informaci\u00f3n vinculada o que pueda asociarse a una o varias personas naturales determinadas o determinables.<\/li>\n<\/ul>\n<ul>\n<li><strong>Dato\u00a0<\/strong><strong>p\u00fablico<\/strong>: Es el dato calificado como tal seg\u00fan los mandatos de la ley o de la Constituci\u00f3n Pol\u00edtica y todos aquellos que no sean semiprivados o privados, de conformidad con la presente ley. Son considerados datos p\u00fablicos, entre otros, los datos relativos al estado civil de las personas, a su profesi\u00f3n u oficio y a su calidad de comerciante o de servidor p\u00fablico. Por su naturaleza, los datos p\u00fablicos pueden estar contenidos, entre otros, en registros p\u00fablicos, documentos p\u00fablicos, gacetas y boletines oficiales y sentencias judiciales debidamente ejecutoriadas que no est\u00e9n sometidas a reserva.<\/li>\n<li><strong>Dato semiprivado:\u00a0<\/strong>Es semiprivado el dato que no tiene naturaleza \u00edntima, reservada, ni p\u00fablica y cuyo conocimiento o divulgaci\u00f3n puede interesar no s\u00f3lo a su titular sino a cierto sector o grupo de personas o a la sociedad en general, como el dato financiero y crediticio de actividad comercial o de servicios a que se refiere la ley.<\/li>\n<li><strong>Dato privado:\u00a0<\/strong>Es el dato que por su naturaleza \u00edntima o reservada s\u00f3lo es relevante para el titular.<\/li>\n<li><strong>Datos sensibles:\u00a0<\/strong>Se entiende por datos sensibles aquellos que afectan la intimidad del Titular o cuyo uso indebido puede generar su discriminaci\u00f3n, tales como aquellos que revelen el origen racial o \u00e9tnico, la orientaci\u00f3n pol\u00edtica, las convicciones religiosas o filos\u00f3ficas, la pertenencia a sindicatos, organizaciones sociales, de derechos humanos o que promueva intereses de cualquier partido pol\u00edtico o que garanticen los derechos y garant\u00edas de partidos pol\u00edticos de oposici\u00f3n, as\u00ed como los datos relativos a la salud, a la vida sexual, y los datos biom\u00e9tricos.<\/li>\n<\/ul>\n<ul>\n<li><strong>Encargado del Tratamiento:<\/strong>Persona natural o jur\u00eddica, p\u00fablica o privada, que por s\u00ed misma o en asocio con otros, realice el Tratamiento de Datos Personales por cuenta del Responsable del Tratamiento.<\/li>\n<\/ul>\n<ul>\n<li><strong>Responsable del Tratamiento:<\/strong>Persona natural o jur\u00eddica, p\u00fablica o privada, que por s\u00ed misma o en asocio con otros, decida sobre la base de datos y\/o el Tratamiento de los datos.<\/li>\n<\/ul>\n<ul>\n<li><strong>Titular<\/strong><strong>:<\/strong>\u00a0Persona natural cuyos datos personales sean objeto de Tratamiento.<\/li>\n<\/ul>\n<p><strong>\u00a0<\/strong><\/p>\n<ul>\n<li><strong>Tratamiento:<\/strong>Cualquier operaci\u00f3n o conjunto de operaciones sobre datos personales, tales como la recolecci\u00f3n, almacenamiento, uso, circulaci\u00f3n o supresi\u00f3n.<\/li>\n<\/ul>\n<ul>\n<li><strong>Transferencia:\u00a0<\/strong>Se da cuando el Responsable y\/o Encargado del Tratamiento de datos personales, env\u00eda la informaci\u00f3n o los datos personales a un receptor, que a su vez es Responsable del Tratamiento y se encuentra dentro o fuera del pa\u00eds.<\/li>\n<\/ul>\n<ul>\n<li><strong>Transmisi\u00f3n:\u00a0<\/strong>Tratamiento de datos personales que implica la comunicaci\u00f3n de los mismos dentro o fuera del territorio de la Rep\u00fablica de Colombia cuando tenga por objeto la realizaci\u00f3n de un Tratamiento por el Encargado por cuenta del Responsable.<\/li>\n<\/ul>\n<p><strong>Principios:<\/strong><\/p>\n<p><strong>\u00a0<\/strong><\/p>\n<ul>\n<li><strong>Principio de veracidad o calidad de los registros o datos:\u00a0<\/strong>La informaci\u00f3n contenida en los bancos de datos debe ser veraz, completa, exacta, actualizada, comprobable y comprensible. Se proh\u00edbe el registro y divulgaci\u00f3n de datos parciales, incompletos, fraccionados o que induzcan a error.<\/li>\n<\/ul>\n<ul>\n<li><strong>Principio de finalidad:<\/strong>\u00a0La recolecci\u00f3n y administraci\u00f3n de datos personales debe obedecer a una finalidad leg\u00edtima de acuerdo con la Constituci\u00f3n y la ley. La finalidad debe inform\u00e1rsele al titular de la informaci\u00f3n previa o concomitantemente con el otorgamiento de la autorizaci\u00f3n, cuando ella sea necesaria o en general siempre que el Titular solicite informaci\u00f3n al respecto.<\/li>\n<\/ul>\n<ul>\n<li><strong>Principio de circulaci\u00f3n restringida<\/strong>: La administraci\u00f3n de datos personales se sujeta a los l\u00edmites que se derivan de la naturaleza de los datos, de las disposiciones de la presente ley y de los principios de la administraci\u00f3n de datos personales especialmente de los principios de temporalidad de la informaci\u00f3n y la finalidad del banco de datos.<\/li>\n<\/ul>\n<p>Los datos personales, salvo la informaci\u00f3n p\u00fablica, no podr\u00e1n ser accesibles por Internet o por otros medios de divulgaci\u00f3n o comunicaci\u00f3n masiva, salvo que el acceso sea t\u00e9cnicamente controlable para brindar un conocimiento restringido s\u00f3lo a los titulares o los usuarios autorizados conforme a la presente ley.<\/p>\n<ul>\n<li><strong>Principio de temporalidad de la informaci\u00f3n:\u00a0<\/strong>La informaci\u00f3n del titular no podr\u00e1 ser suministrada a usuarios o terceros cuando deje de servir para la finalidad del banco de datos.<\/li>\n<\/ul>\n<ul>\n<li><strong>Principio de interpretaci\u00f3n integral de derechos constitucionales:\u00a0<\/strong>La presente ley se interpretar\u00e1 en el sentido de que se amparen adecuadamente los derechos constitucionales, como son el h\u00e1beas data, el derecho al buen nombre, el derecho a la honra, el derecho a la intimidad y el derecho a la informaci\u00f3n. Los derechos de los titulares se interpretar\u00e1n en armon\u00eda y en un plano de equilibrio con el derecho a la informaci\u00f3n previsto en el art\u00edculo 20 de la Constituci\u00f3n y con los dem\u00e1s derechos constitucionales aplicables.<\/li>\n<\/ul>\n<ul>\n<li><strong>Principio de seguridad:\u00a0<\/strong>La informaci\u00f3n que conforma los registros individuales constitutivos de los bancos de datos a que se refiere la ley, as\u00ed como la resultante de las consultas que de ella hagan sus usuarios, se deber\u00e1 manejar con las medidas t\u00e9cnicas que sean necesarias para garantizar la seguridad de los registros evitando su adulteraci\u00f3n, p\u00e9rdida, consulta o uso no autorizado.<\/li>\n<\/ul>\n<ul>\n<li><strong>Principio de confidencialidad.\u00a0<\/strong>Todas las personas naturales o jur\u00eddicas que intervengan en la administraci\u00f3n de datos personales que no tengan la naturaleza de p\u00fablicos est\u00e1n obligadas en todo tiempo a garantizar la reserva de la informaci\u00f3n, inclusive despu\u00e9s de finalizada su relaci\u00f3n con alguna de las labores que comprende la administraci\u00f3n de datos, pudiendo s\u00f3lo realizar suministro o comunicaci\u00f3n de datos cuando ello corresponda al desarrollo de las actividades autorizadas en la presente ley y en los t\u00e9rminos de la misma.<\/li>\n<\/ul>\n<p><strong>Finalidades:<\/strong><\/p>\n<p>Los datos personales en poder de las Empresas ser\u00e1n tratados conforme con las siguientes finalidades de car\u00e1cter general:<\/p>\n<ul>\n<li>Para el cumplimiento de las obligaciones y\/o compromisos derivados de las relaciones negociales existentes con los Titulares como por ejemplo pero sin limitarse, datos de ubicaci\u00f3n de referencia del Titular.<\/li>\n<\/ul>\n<ul>\n<li>Para el cumplimiento de las obligaciones legales que involucren datos personales de los Titulares.<\/li>\n<\/ul>\n<ul>\n<li>Para la gesti\u00f3n comercial y relacionamiento con sus los Titulares.<\/li>\n<\/ul>\n<ul>\n<li>Para el an\u00e1lisis prospectivo sobre tendencias y preferencias de los Titulares en relaci\u00f3n con sus bienes y\/o servicios.<\/li>\n<\/ul>\n<ul>\n<li>Para conocer de manera prospectiva las necesidades de los Titulares con el fin de innovar y satisfacer dichas necesidades.<\/li>\n<\/ul>\n<ul>\n<li>Para enviar facturas, estados de cuenta o cualquier otro documento requerido a su Titular.<\/li>\n<\/ul>\n<ul>\n<li>Para consultar al Titular en Centrales de Riesgo y realizar el reporte en caso de que haya lugar.<\/li>\n<\/ul>\n<ul>\n<li>Para comunicar a los Titulares informaci\u00f3n sobre sus bienes, servicios, publicaciones, eventos de capacitaci\u00f3n, actividades empresariales y\/o publicidad asociada a su actividad empresarial, tr\u00e1tese de bienes y\/o servicios<\/li>\n<\/ul>\n<ul>\n<li>Para desplegar hacia los Titulares actividades de responsabilidad social empresarial.<\/li>\n<\/ul>\n<ul>\n<li>Para ser tratados por la sociedad matriz o las sociedades vinculadas en virtud de las relaciones societarias, contractuales o legales.<\/li>\n<\/ul>\n<ul>\n<li>Para compartirla con terceros en funci\u00f3n del cumplimiento del objeto de la relaci\u00f3n negocial entre las partes.<\/li>\n<\/ul>\n<ul>\n<li>Para compartirla entre ellas o terceros y suministrar datos sobre el cumplimiento o incumplimiento de las obligaciones legales y negociales de manera directa o por intermedio de las entidades p\u00fablicas que ejercen funciones de vigilancia y control.<\/li>\n<\/ul>\n<p><strong>Responsable del Tratamiento:<\/strong><\/p>\n<p>Ser\u00e1n responsables del Tratamiento de Datos Personales Satrack Inc de Colombia Servisat S.A.S. y las Empresas subordinadas o filiales de Satrack Inc de Colombia Servisat S.A.S. y cualquier sociedad sobre la cual Satrack Inc de Colombia Servisat S.A.S. ejerza control, unidad de prop\u00f3sito y direcci\u00f3n.<\/p>\n<p>Satrack Inc de Colombia Servisat S.A.S., es una sociedad constituida bajo las leyes de la Rep\u00fablica de Colombia, identificada con NIT 8300.596.993 tiene su domicilio en la ciudad de Medell\u00edn y sus oficinas est\u00e1n ubicadas en la Carrera 35 A N\u00b015 B 35. Tel\u00e9fono: 6045454. Correo electr\u00f3nico: legal@satrack.com.<\/p>\n<p><strong>Derechos de los Titulares:<\/strong><\/p>\n<p>Los Titulares de los datos personales a que se refiere la Ley 1581 de 2012, en su condici\u00f3n de Titular o leg\u00edtimamente autorizado, en relaci\u00f3n con el tratamiento de sus datos personales, tienen derecho a ejercer las acciones que la ley reconoce en materia de protecci\u00f3n de datos personales y habeas data, a saber:<\/p>\n<ul>\n<li>Conocer, actualizar y rectificar sus datos personales frente a las Empresas o los Encargados del Tratamiento. Este derecho se podr\u00e1 ejercer, entre otros frente a datos parciales, inexactos, incompletos, fraccionados, que induzcan a error, o aquellos cuyo Tratamiento est\u00e9 expresamente prohibido o no haya sido autorizado.<\/li>\n<\/ul>\n<ul>\n<li>Solicitar prueba de la autorizaci\u00f3n otorgada al Responsable del Tratamiento, salvo cuando expresamente se except\u00fae como requisito para el Tratamiento, de conformidad con lo previsto en el art\u00edculo 10 de la Ley 1581 de 2012.<\/li>\n<\/ul>\n<ul>\n<li>Ser informado por el Responsable del Tratamiento o el Encargado del Tratamiento, previa solicitud, respecto del uso que le ha dado a sus datos personales.<\/li>\n<\/ul>\n<ul>\n<li>Presentar ante las Empresa peticiones, quejas o reclamos, sobre el manejo de los Datos de los Titulares, en los canales dispuesto para ello.<\/li>\n<\/ul>\n<ul>\n<li>Presentar ante la Superintendencia de Industria y Comercio quejas por infracciones a lo dispuesto en la Ley 1581 de 2012 y las dem\u00e1s normas que la modifiquen, adicionen o complementen.<\/li>\n<\/ul>\n<ul>\n<li>Revocar la autorizaci\u00f3n y\/o solicitar la supresi\u00f3n del dato cuando en el Tratamiento no se respeten los principios, derechos y garant\u00edas constitucionales y legales. La revocatoria y\/o supresi\u00f3n proceder\u00e1 cuando la Superintendencia de Industria y Comercio haya determinado que en el Tratamiento el Responsable o Encargado han incurrido en conductas contrarias a la ley y a la Constituci\u00f3n.<\/li>\n<\/ul>\n<ul>\n<li>Acceder en forma gratuita a sus datos personales que hayan sido objeto de Tratamiento.<\/li>\n<\/ul>\n<p><strong>Tratamiento de Datos Sensibles:<\/strong><\/p>\n<p>En el desarrollo de su objeto social, las Empresas realizan el Tratamiento de Datos Personales de sus empleados, inversionistas, accionistas y proveedores de bienes y servicios. En cumplimiento de procesos y pol\u00edticas corporativas, pueden llegar a requerir la transmisi\u00f3n o transferencia de dichos datos a sus Empresas vinculadas, filiales y\/o subsidiarias. La recolecci\u00f3n de datos personales por parte de las Empresas se limitar\u00e1 a aquellos datos personales que son pertinentes para la finalidad para la cual son recolectados o requeridos. Salvo en los casos expresamente previstos en la Ley, no se recolectar\u00e1n datos personales sin autorizaci\u00f3n del Titular, ni se utilizar\u00e1n medios enga\u00f1osos o fraudulentos para recolectar y realizar Tratamiento de Datos Personales.<\/p>\n<p>En cumplimiento de la ley, las Empresas, no recolectar\u00e1n datos de ni\u00f1os, ni\u00f1as y adolescentes, salvo los relacionados con la vinculaci\u00f3n de aprendices menores de edad conforme lo permite la normatividad vigente en materia laboral.<\/p>\n<p>El Tratamiento de Datos incluye la recolecci\u00f3n, almacenamiento, administraci\u00f3n, utilizaci\u00f3n, transferencia, transmisi\u00f3n y destrucci\u00f3n, en la forma permitida por la ley y se realiza con la siguiente finalidad espec\u00edfica para cada caso:<\/p>\n<ol>\n<li><strong>a) Datos personales de empleados, ex empleados, accionistas e inversionistas<\/strong>: Para cumplir con las obligaciones laborales a cargo de las Empresas, tales como pagos de n\u00f3mina, pagos y reportes al Sistema General de Seguridad Social en Salud y Pensiones, atenci\u00f3n de consultas, peticiones, solicitudes, acciones y reclamos y pago de dividendos. Adem\u00e1s, se utiliza para el desarrollo de actividades de las Empresas tales como capacitaciones, otorgamientos de cr\u00e9ditos, actividades de recreaci\u00f3n, env\u00edo de comunicaciones corporativas, realizar alianzas comerciales para generar valores agregados para los empleados, para cumplir con las normas de prevenci\u00f3n del lavado de activos y financiaci\u00f3n del terrorismo y dem\u00e1s actividades que se requieran en el normal desarrollo de la organizaci\u00f3n y el cumplimiento de las normas, reglamentos y actividades.<\/li>\n<\/ol>\n<p>En caso de que el proveedor de la plataforma sea extranjero, ser\u00e1 posible la transmisi\u00f3n internacional de los datos conforme a los lineamientos establecidos por la legislaci\u00f3n colombiana. Con los datos proporcionados se crear\u00e1 el respectivo perfil de usuario en la Intranet de las Empresas, el cual podr\u00e1 ser administrado por cada Titular del dato.<\/p>\n<p>Las Empresas utilizar\u00e1n los datos de los empleados o ex empleados referentes a los derechos de imagen sobre fotograf\u00edas o procedimientos an\u00e1logos y\/o digitales a la fotograf\u00eda, o producciones audiovisuales (videos), de conformidad con las normas nacionales e internacionales que sean aplicables, para su reproducci\u00f3n, comunicaci\u00f3n p\u00fablica, transformaci\u00f3n y distribuci\u00f3n en ediciones impresas y electr\u00f3nicas, digitales, \u00f3pticas y en Internet, para fines \u00fanicamente corporativos.<\/p>\n<p>Durante la emergencia sanitaria a causa del Covid-19 o cualquier otra emergencia, las Empresas trataran datos sensibles de los empleados, proveedores, clientes, accionistas e inversionistas asociados a la salud tales como y sin limitarse a: toma de temperatura, s\u00edntomas y enfermedades prexistentes de \u00e9l o su grupo familiar, lo anterior, con el fin de dar cumplimiento a lo establecido en materia de bioseguridad por el Gobierno Nacional.<\/p>\n<ol>\n<li><strong>b) Datos personales de Proveedores:<\/strong>\u00a0Para cumplir con las obligaciones legales y\/o contractuales, tales como pagos, reporte de pagos, reportes que por ley o por pol\u00edticas internas las Empresas tienen la obligaci\u00f3n de realizar facturaci\u00f3n, para el mantenimiento y desarrollo de la relaci\u00f3n comercial, para llevar a cabo actividades de mercadeo, promoci\u00f3n o publicidad, para realizar actividades de inteligencia de mercados, realizar alianzas comerciales para generar valor agregado, dar a conocer noticias e informaci\u00f3n de los productos y\/o servicios de las Empresas; para cumplir con las normas de prevenci\u00f3n del lavado de activos y financiaci\u00f3n del terrorismo; para verificar deudas con el estado; para cumplir con las obligaciones a cargo de las Empresas en materia de calidad de los productos y servicios, para la atenci\u00f3n efectiva de consultas y\/o reclamos de proveedores, para la atenci\u00f3n de consultas, peticiones y\/o solicitudes; para iniciar y\/o atender acciones y\/o reclamos de proveedores. Para realizar auditor\u00edas, enviar invitaciones para participar en procesos de contrataci\u00f3n, para solicitar y enviar cotizaciones y\/o informaci\u00f3n sobre productos y servicios.<\/li>\n<\/ol>\n<p><strong>Revocatoria de la autorizaci\u00f3n y\/o supresi\u00f3n del dato:<\/strong><\/p>\n<p>Los Titulares podr\u00e1n en todo momento solicitar a las Empresas la supresi\u00f3n de los datos personales a que se refiere la Ley 1581 de 2012 y\/o revocar la autorizaci\u00f3n otorgada para el tratamiento de estos, mediante la presentaci\u00f3n de un reclamo, de acuerdo con el procedimiento indicado en esta pol\u00edtica. Si vencido el t\u00e9rmino legal respectivo, la Empresa encargada no hubiere eliminado los datos personales, el Titular tendr\u00e1 derecho a solicitar a la Superintendencia de Industria y Comercio que ordene la revocatoria de la autorizaci\u00f3n y\/o la supresi\u00f3n de los datos personales. No obstante, lo anterior, los datos personales deber\u00e1n ser conservados cuando as\u00ed se requiera para el cumplimiento de una obligaci\u00f3n legal o contractual. En caso de que los Responsables realicen el Tratamiento de Datos Sensibles, se garantiza que se obtendr\u00e1 la autorizaci\u00f3n para el tratamiento de dichos datos de manera previa y expresa, cumpliendo con las siguientes obligaciones:<\/p>\n<ul>\n<li>Se informar\u00e1 al Titular de los datos que por tratarse de Datos Sensibles no est\u00e1 obligado a autorizar su Tratamiento.<\/li>\n<\/ul>\n<ul>\n<li>Se le informar\u00e1 de forma previa y expresa al Titular cu\u00e1les son los datos sensibles y cu\u00e1l ser\u00e1 la finalidad del Tratamiento que se les dar\u00e1.<\/li>\n<\/ul>\n<ul>\n<li>No se condicionar\u00e1 ninguna actividad a que el Titular suministre Datos Sensibles<\/li>\n<\/ul>\n<p><strong>\u00a0<\/strong><\/p>\n<p><strong>\u00a0<\/strong><\/p>\n<p><strong>Vigencia:<\/strong><\/p>\n<p>La presente Pol\u00edtica para el Tratamiento de Datos Personales es una actualizaci\u00f3n a la Pol\u00edtica para el Tratamiento de Datos Personales y se realiza el 09\/11\/2021.<\/p>\n<p>Las bases de datos en las que se registrar\u00e1n los datos personales se conservar\u00e1n mientras se mantenga la relaci\u00f3n negocial con el Titular o mientras no se solicite su supresi\u00f3n por el interesado y siempre que no exista un deber legal de conservarlos.<\/p>\n<p>En los procesos de cada una de las Empresas que impliquen la recolecci\u00f3n y tratamiento de datos personales, se har\u00e1 remisi\u00f3n a la presente Pol\u00edtica de Protecci\u00f3n de Datos<strong>.<\/strong><\/p>\n<p><strong>Procedimiento para el Ejercicio del Derecho de Habeas Data:<\/strong><\/p>\n<p>Para el ejercicio del Derecho de Habeas Data, el Titular del dato personal o quien demuestre un leg\u00edtimo inter\u00e9s conforme lo se\u00f1alado en la normatividad vigente, podr\u00e1 solicitarlo en el correo legal@satrack.com . Quien ejerza el derecho de habeas data deber\u00e1 suministrar con precisi\u00f3n los datos de contacto solicitados o en su defecto la informaci\u00f3n de contacto para efecto de tramitar y atender su solicitud para el ejercicio de sus derechos.<\/p>\n<p>Recibida la solicitud de ejercicio de Habeas Data, la Empresa dar\u00e1 respuesta en el t\u00e9rmino legal de diez (10) d\u00edas h\u00e1biles, el cual podr\u00e1 ser prorrogado por cinco (5) d\u00edas h\u00e1biles adicionales, previa comunicaci\u00f3n a quien ha ejercido este derecho, de acuerdo con lo dispuesto por la ley.<\/p>\n<p>El Titular o legitimado podr\u00e1 elevar queja ante la Superintendencia de Industria y Comercio, una vez haya agotado el tr\u00e1mite de consulta o reclamo ante el Responsable del Tratamiento o Encargado del Tratamiento.<\/p>\n<p>El tratamiento de los datos personales que realizan las Empresas conforme a esta pol\u00edtica se har\u00e1 con base en la norma, programas, procedimientos e instructivos adoptados para el cumplimiento de la legislaci\u00f3n aplicable a la protecci\u00f3n de datos personales.<\/p>\n<p>Para los datos recolectados antes de la expedici\u00f3n del Decreto 1377 de 2013, las Empresas han puesto en conocimiento de los Titulares la Pol\u00edtica de Protecci\u00f3n de Datos y el modo de ejercer sus derechos mediante su publicaci\u00f3n en la p\u00e1gina web\u00a0www.satrack.com.co.<\/p>\n<p>Si en el t\u00e9rmino de treinta (30) d\u00edas despu\u00e9s de la publicaci\u00f3n del aviso de privacidad en la p\u00e1gina web, el Titular no ha contactado al responsable para solicitar la correcci\u00f3n, supresi\u00f3n, o autorizaci\u00f3n de sus datos personales, las Empresas continuar\u00e1n realizando el tratamiento contenido en sus bases de datos para las finalidades indicadas en el aviso de privacidad.<\/p>\n<p><strong>Transferencia o Transmisi\u00f3n Internacional de Datos Personales<\/strong><\/p>\n<p>Las Empresas podr\u00e1n realizar la transferencia y transmisi\u00f3n, incluso internacional, de los datos personales que tenga en sus bases de datos, siempre y cuando se cumplan los requerimientos legales aplicables; y en consecuencia los titulares de los datos personales autoricen expresamente la transferencia y transmisi\u00f3n, incluso a nivel internacional.<\/p>\n<p>Para la transferencia de datos personales de los titulares, las Empresas tomar\u00e1n las medidas necesarias para que los terceros conozcan y se comprometan a observar la presente pol\u00edtica, bajo el entendido que la informaci\u00f3n personal que reciban \u00fanicamente podr\u00e1 ser utilizada para asuntos directamente relacionados con las Compa\u00f1\u00edas o los fines autorizados por el titular de manera expresa, y solamente mientras esta autorizaci\u00f3n est\u00e9 vigente. No podr\u00e1 ser usada o destinada para prop\u00f3sito o fin diferente.<\/p>\n<p><strong>Modificaciones a la Pol\u00edtica de Protecci\u00f3n de Datos Personales.<\/strong><\/p>\n<p>Las Empresas se reservan el derecho de efectuar en cualquier momento modificaciones o actualizaciones a esta Pol\u00edtica de Protecci\u00f3n de Datos Personales, para la atenci\u00f3n de novedades legislativas, pol\u00edticas internas o nuevos requerimientos para la prestaci\u00f3n u ofrecimiento de sus servicios o productos. Estas modificaciones estar\u00e1n disponibles al p\u00fablico a trav\u00e9s de la p\u00e1gina web\u00a0www.satrack.com.co.<\/p>\n","protected":false},"excerpt":{"rendered":"<p>La presente Pol\u00edtica de Protecci\u00f3n de Datos Personales se adopta dando cumplimiento a lo establecido en la Ley 1581 de 2012 y a su Decreto Reglamentario 1377 de 2013 y dem\u00e1s normas que la modifiquen, reglamenten, con el prop\u00f3sito de proteger la informaci\u00f3n y el ejercicio de los derechos de los titulares de datos que [&hellip;]<\/p>\n","protected":false},"author":1,"featured_media":0,"parent":5631,"menu_order":0,"comment_status":"closed","ping_status":"open","template":"","meta":{"footnotes":""},"class_list":["post-5628","page","type-page","status-publish","hentry"],"_links":{"self":[{"href":"https:\/\/satrack.com\/cenam\/wp-json\/wp\/v2\/pages\/5628","targetHints":{"allow":["GET"]}}],"collection":[{"href":"https:\/\/satrack.com\/cenam\/wp-json\/wp\/v2\/pages"}],"about":[{"href":"https:\/\/satrack.com\/cenam\/wp-json\/wp\/v2\/types\/page"}],"author":[{"embeddable":true,"href":"https:\/\/satrack.com\/cenam\/wp-json\/wp\/v2\/users\/1"}],"replies":[{"embeddable":true,"href":"https:\/\/satrack.com\/cenam\/wp-json\/wp\/v2\/comments?post=5628"}],"version-history":[{"count":0,"href":"https:\/\/satrack.com\/cenam\/wp-json\/wp\/v2\/pages\/5628\/revisions"}],"up":[{"embeddable":true,"href":"https:\/\/satrack.com\/cenam\/wp-json\/wp\/v2\/pages\/5631"}],"wp:attachment":[{"href":"https:\/\/satrack.com\/cenam\/wp-json\/wp\/v2\/media?parent=5628"}],"curies":[{"name":"wp","href":"https:\/\/api.w.org\/{rel}","templated":true}]}}