{"id":5475,"date":"2023-04-04T08:31:28","date_gmt":"2023-04-04T13:31:28","guid":{"rendered":"https:\/\/satrack.com\/cenam\/?page_id=5475"},"modified":"2023-04-04T08:32:23","modified_gmt":"2023-04-04T13:32:23","slug":"terminos-y-condiciones-servicios-plataforma-satrack","status":"publish","type":"page","link":"https:\/\/satrack.com\/cenam\/terminos-y-condiciones-servicios-plataforma-satrack\/","title":{"rendered":"T\u00e9rminos y condiciones servicios plataforma Satrack"},"content":{"rendered":"\t\t<div data-elementor-type=\"wp-page\" data-elementor-id=\"5475\" class=\"elementor elementor-5475\" data-elementor-post-type=\"page\">\n\t\t\t\t<div class=\"elementor-element elementor-element-4fae3d85 e-flex e-con-boxed e-con e-parent\" data-id=\"4fae3d85\" data-element_type=\"container\" data-e-type=\"container\" data-settings=\"{&quot;background_background&quot;:&quot;gradient&quot;}\">\n\t\t\t\t\t<div class=\"e-con-inner\">\n\t\t\t\t<div class=\"elementor-element elementor-element-577ce992 elementor-widget elementor-widget-heading\" data-id=\"577ce992\" data-element_type=\"widget\" data-e-type=\"widget\" data-widget_type=\"heading.default\">\n\t\t\t\t<div class=\"elementor-widget-container\">\n\t\t\t\t\t<h1 class=\"elementor-heading-title elementor-size-default\">T\u00e9rminos y Condiciones de la Plataforma SERVISAT\u200b<\/h1>\t\t\t\t<\/div>\n\t\t\t\t<\/div>\n\t\t\t\t\t<\/div>\n\t\t\t\t<\/div>\n\t\t<div class=\"elementor-element elementor-element-2c0c0b9d e-flex e-con-boxed e-con e-parent\" data-id=\"2c0c0b9d\" data-element_type=\"container\" data-e-type=\"container\">\n\t\t\t\t\t<div class=\"e-con-inner\">\n\t\t<div class=\"elementor-element elementor-element-64399256 e-flex e-con-boxed e-con e-parent\" data-id=\"64399256\" data-element_type=\"container\" data-e-type=\"container\">\n\t\t\t\t\t<div class=\"e-con-inner\">\n\t\t<div class=\"elementor-element elementor-element-49261dce e-con-full e-flex e-con e-parent\" data-id=\"49261dce\" data-element_type=\"container\" data-e-type=\"container\">\n\t\t\t\t<div class=\"elementor-element elementor-element-7f46e318 elementor-toc--content-ellipsis cond_plataforma item-cond elementor-widget elementor-widget-table-of-contents\" data-id=\"7f46e318\" data-element_type=\"widget\" data-e-type=\"widget\" data-settings=\"{&quot;container&quot;:&quot;#caja_plataforma-tab&quot;,&quot;exclude_headings_by_selector&quot;:[],&quot;marker_view&quot;:&quot;bullets&quot;,&quot;icon&quot;:{&quot;value&quot;:&quot;fas fa-check-circle&quot;,&quot;library&quot;:&quot;fa-solid&quot;,&quot;rendered_tag&quot;:&quot;&lt;svg class=\\&quot;e-font-icon-svg e-fas-check-circle\\&quot; viewBox=\\&quot;0 0 512 512\\&quot; xmlns=\\&quot;http:\\\/\\\/www.w3.org\\\/2000\\\/svg\\&quot;&gt;&lt;path d=\\&quot;M504 256c0 136.967-111.033 248-248 248S8 392.967 8 256 119.033 8 256 8s248 111.033 248 248zM227.314 387.314l184-184c6.248-6.248 6.248-16.379 0-22.627l-22.627-22.627c-6.248-6.249-16.379-6.249-22.628 0L216 308.118l-70.059-70.059c-6.248-6.248-16.379-6.248-22.628 0l-22.627 22.627c-6.248 6.248-6.248 16.379 0 22.627l104 104c6.249 6.249 16.379 6.249 22.628.001z\\&quot;&gt;&lt;\\\/path&gt;&lt;\\\/svg&gt;&quot;},&quot;sticky&quot;:&quot;top&quot;,&quot;sticky_offset&quot;:50,&quot;sticky_parent&quot;:&quot;yes&quot;,&quot;headings_by_tags&quot;:[&quot;h2&quot;,&quot;h3&quot;,&quot;h4&quot;,&quot;h5&quot;,&quot;h6&quot;],&quot;no_headings_message&quot;:&quot;No se ha encontrado ning\\u00fan encabezado en esta p\\u00e1gina.&quot;,&quot;hierarchical_view&quot;:&quot;yes&quot;,&quot;min_height&quot;:{&quot;unit&quot;:&quot;px&quot;,&quot;size&quot;:&quot;&quot;,&quot;sizes&quot;:[]},&quot;min_height_tablet&quot;:{&quot;unit&quot;:&quot;px&quot;,&quot;size&quot;:&quot;&quot;,&quot;sizes&quot;:[]},&quot;min_height_mobile&quot;:{&quot;unit&quot;:&quot;px&quot;,&quot;size&quot;:&quot;&quot;,&quot;sizes&quot;:[]},&quot;sticky_on&quot;:[&quot;desktop&quot;,&quot;tablet&quot;,&quot;mobile&quot;],&quot;sticky_effects_offset&quot;:0,&quot;sticky_anchor_link_offset&quot;:0}\" data-widget_type=\"table-of-contents.default\">\n\t\t\t\t<div class=\"elementor-widget-container\">\n\t\t\t\t\t\t\t\t\t<div id=\"elementor-toc__7f46e318\" class=\"elementor-toc__body\">\n\t\t\t<div class=\"elementor-toc__spinner-container\">\n\t\t\t\t<svg class=\"elementor-toc__spinner eicon-animation-spin e-font-icon-svg e-eicon-loading\" aria-hidden=\"true\" viewBox=\"0 0 1000 1000\" xmlns=\"http:\/\/www.w3.org\/2000\/svg\"><path d=\"M500 975V858C696 858 858 696 858 500S696 142 500 142 142 304 142 500H25C25 237 238 25 500 25S975 237 975 500 763 975 500 975Z\"><\/path><\/svg>\t\t\t<\/div>\n\t\t<\/div>\n\t\t\t\t\t\t<\/div>\n\t\t\t\t<\/div>\n\t\t\t\t<\/div>\n\t\t<div class=\"elementor-element elementor-element-5cfa8a4b e-con-full cond_plataforma item-cond e-flex e-con e-parent\" data-id=\"5cfa8a4b\" data-element_type=\"container\" data-e-type=\"container\" id=\"caja_plataforma-tab\">\n\t\t\t\t<div class=\"elementor-element elementor-element-c65dda5 elementor-widget elementor-widget-text-editor\" data-id=\"c65dda5\" data-element_type=\"widget\" data-e-type=\"widget\" data-widget_type=\"text-editor.default\">\n\t\t\t\t<div class=\"elementor-widget-container\">\n\t\t\t\t\t\t\t\t\t<p>A continuaci\u00f3n, se presentan los t\u00e9rminos y condiciones que determinan las particularidades a tener en cuenta por EL CLIENTE; dentro del servicio que ser\u00e1 prestado por SATRACK.<\/p><h2>CAP\u00cdTULO I<br \/><small>DEFINICIONES<\/small><\/h2><p>Para efecto de los presentes t\u00e9rminos y condiciones, las siguientes palabras se entender\u00e1n en las definiciones aqu\u00ed establecidas y las dem\u00e1s no consagradas expresamente en el presente t\u00edtulo, se entender\u00e1n principalmente por su significado t\u00e9cnico y luego por el uso contextual que se haga de ellas:<\/p><h3>1. Software:<\/h3><p>Se refiere a la soluci\u00f3n tecnol\u00f3gica denominada PLATAFORMA SERVISAT<\/p><h3>2. Garant\u00eda:<\/h3><p>Obligaci\u00f3n de\u00a0SATRACK\u00a0de reparar o hacer los ajustes necesarios para corregir errores de programaci\u00f3n o dise\u00f1o de las aplicaciones. No har\u00e1n parte de la garant\u00eda funcionalidades adicionales del software a las establecidas en los requerimientos.<\/p><h3>3. Soporte T\u00e9cnico:<\/h3><p>Se entiende por soporte t\u00e9cnico el servicio mediante el cual\u00a0SATRACK\u00a0responde a inquietudes de\u00a0EL CLIENTE\u00a0relacionadas con el software, y brinda soluci\u00f3n a los inconvenientes que sobre dichos componentes se puedan presentar.<\/p><h3>4. Alarma:<\/h3><p>Es la manifestaci\u00f3n de una posible situaci\u00f3n de riesgo sobre el veh\u00edculo y\/o la carga que amerita una atenci\u00f3n inmediata por parte del responsable del mismo. La detecci\u00f3n y aviso de estas alarmas dependen del plan de servicios y accesorios adquiridos por el cliente, as\u00ed como de las configuraciones que sean aplicadas a cada veh\u00edculo.<\/p><h3>5. Acuerdos de Niveles de Servicio \u2013 ANS:<\/h3><p>Es una herramienta que ayuda a ambas partes a llegar a un consenso en t\u00e9rminos del nivel de calidad del servicio, en aspectos tales como tiempo de respuesta, disponibilidad horaria, documentaci\u00f3n disponible, personal asignado al servicio, etc.<\/p><h3>6. Servicios T\u00e9cnicos:<\/h3><p>Corresponde a la atenci\u00f3n de los dispositivos con acciones como su instalaci\u00f3n, revisi\u00f3n, mantenimiento y desmonte.<\/p><h3>7. Vida \u00fatil de los dispositivos:<\/h3><p>Tiempo durante el cual el dispositivo entregado ejecuta las funcionalidades de forma adecuada, conforme las particularidades del mismo.<\/p><h3>8. Contactos para emergencias:<\/h3><p>Son personas a contactar, previamente registradas por\u00a0EL CLIENTE, para que, en caso de incidente, emergencia, mantenimiento o suspensi\u00f3n respecto al uso temporal de la\u00a0PLATAFORMA SERVISAT\u00a0o evento respecto de los dispositivos vinculados a la\u00a0PLATAFORMA SERVISAT, les sea reportada tal novedad haciendo uso de los datos de contacto suministrados por\u00a0EL CLIENTE.<\/p><h2>CAP\u00cdTULO II<br \/><small>GENERALIDADES PARA EL FUNCIONAMIENTO DE LA PLATAFORMA SERVISAT<\/small><\/h2><h3>Alcances del software:<\/h3><p>La PLATAFORMA SERVISAT, cuenta con los siguientes alcances: Recibir datos de los dispositivos, procesar los datos de acuerdo a los algoritmos existentes en el software, permitir el acceso para la visualizaci\u00f3n y consumo de los datos procesados.<\/p><h3>Requerimientos m\u00ednimos t\u00e9cnicos de la PLATAFORMA SERVISAT:<\/h3><p>Para el eficaz uso temporal de la PLATAFORMA SERVISAT, objeto del presente contrato, se debe cumplir con los siguientes requerimientos m\u00ednimos t\u00e9cnicos a saber: Equipo m\u00f3vil o de c\u00f3mputo en buen funcionamiento, con las actualizaciones recomendadas por los fabricantes y desarrolladores del equipo y de su software, y adicional contar con una conexi\u00f3n a internet de buena calidad para esos equipos.<\/p><h3>Garant\u00edas de buen funcionamiento:<\/h3><p>SATRACK\u00a0garantiza el buen desempe\u00f1o y funcionamiento de la PLATAFORMA SERVISAT, La presente garant\u00eda tendr\u00e1 vigencia durante el uso temporal de la PLATAFORMA SERVISAT, por parte de\u00a0EL CLIENTE.<\/p><h2>CAP\u00cdTULO III<br \/><small>CONDICIONES GENERALES PARA DISPOSITIVOS VENDIDOS, Y ENTREGADOS COMODATO<\/small><\/h2><p>El presente t\u00edtulo describe las condiciones generales aplicables para los dispositivos que son comprados por EL CLIENTE o entregados en la modalidad de comodato precario:<\/p><h3>\u00c1rea de cubrimiento:<\/h3><p>El \u00e1rea de cubrimiento de los dispositivos ser\u00e1 aquella que est\u00e9 disponible por los operadores de comunicaciones que prestan los servicios de conectividad con los dispositivos de monitoreo. Resaltando que dicha cobertura podr\u00e1 verse afectada por las condiciones ambientales del momento.<\/p><h3>Garant\u00eda de los dispositivos vendidos:<\/h3><p>Tendr\u00e1n garant\u00eda de doce (12) meses, contados desde la entrega del dispositivo al comprador. Tiempo durante el cual el vendedor asume por su cuenta los repuestos y mano de obra de las revisiones y reparaciones cubiertas por la garant\u00eda, lo cual implica que las revisiones y reparaciones requeridas por causas no imputables al vendedor deben ser asumidas en su totalidad por el comprador.<\/p><h3>Costos de desplazamiento para Servicios T\u00e9cnicos de los dispositivos:<\/h3><p>De requerirse el desplazamiento a un lugar diferente de las sedes y los sitios autorizados por\u00a0SATRACK\u00a0para realizar Servicios T\u00e9cnicos, los costos asociados a los desplazamientos correr\u00e1n por cuenta y costo de\u00a0EL CLIENTE, previa tasaci\u00f3n de los gastos.<\/p><h2>Instalaci\u00f3n de dispositivos:<\/h2><p>SATRACK\u00a0o quien este designe, ser\u00e1 el \u00fanico facultado para instalar y\/o manipular el dispositivo, as\u00ed como los dem\u00e1s componentes y\/o accesorios del sistema; de no cumplirse con las anteriores condiciones,\u00a0SATRACK\u00a0no asumir\u00e1 responsabilidad por el buen funcionamiento del dispositivo.<\/p><h3>Devoluci\u00f3n por mal estado de dispositivos propiedad de SATRACK:<\/h3><p>Se entiende como dispositivos devueltos en mal estado f\u00edsico o de funcionamiento aquellos que est\u00e9n: sulfatados por efectos de l\u00edquidos o humedad, con golpes fuertes donde se evidencie deterioro de la caja, que se evidencie que fueron destapados o manipulados, que muestren da\u00f1os en conectores, cables o antenas; as\u00ed mismo se considerar\u00e1 mal estado del dispositivo cualquier condici\u00f3n similar que luego de una evaluaci\u00f3n t\u00e9cnica realizada por\u00a0SATRACK, determine que no es apto el dispositivo para operar correctamente, debido a factores externos, por lo que tal funcionamiento no es causado por el dise\u00f1o y fabricaci\u00f3n del dispositivo, ni por la instalaci\u00f3n a cargo de\u00a0SATRACK. La devoluci\u00f3n en mal estado de un dispositivo de propiedad de\u00a0SATRACK\u00a0implicar\u00e1 el cobro del mismo a\u00a0EL CLIENTE, estando obligado \u00e9ste a hacer el pago en los t\u00e9rminos contenidos en la factura.<\/p><h3>Vida \u00fatil de los dispositivos:<\/h3><p>La vida \u00fatil de los dispositivos, es de tres (3) a\u00f1os, contados a partir de su instalaci\u00f3n. Por lo cual, a partir del cumplimiento de dicho per\u00edodo\u00a0SATRACK, no se comprometer\u00e1 con la reparaci\u00f3n de los mismos. Se resalta que una vez cumplido el t\u00e9rmino de vida \u00fatil si bien el(los) dispositivo(s) pueden estar funcionando, la recomendaci\u00f3n de\u00a0SATRACK\u00a0es que sean renovados, debido a su posible obsolescencia tecnol\u00f3gica.<\/p><h2>CAP\u00cdTULO IV<br \/><small>NOTIFICACI\u00d3NES RELACIONADAS CON EL SERVICIO<\/small><\/h2><h3>AVISOS SOBRE ESTADO DEL SERVICIO O SUSPENSI\u00d3N DEL MISMO<\/h3><p>En caso de que\u00a0SATRACK\u00a0considere que el servicio deba ser suspendido por modificaciones al dispositivo, trabajos de ingenier\u00eda, trabajos de reparaci\u00f3n, actividades necesarias para el correcto funcionamiento del servicio o mejoras al mismo; se le dar\u00e1 el aviso a los CONTACTOS PARA EMERGENCIAS definidos por\u00a0EL\u00a0CLIENTE, para que \u00c9l mismo tome la determinaci\u00f3n de rodamiento del veh\u00edculo. Haciendo uso de estos mismos medios\u00a0SATRACK\u00a0podr\u00e1, a su juicio, informar a\u00a0EL CLIENTE\u00a0cuando se est\u00e9n presentando fallas imprevistas que puedan estar interfiriendo en la prestaci\u00f3n del servicio.<\/p><h3>NOTIFICIACIONES A CONTACTOS DE EMERGENCIA<\/h3><p>Cualquier cambio de direcci\u00f3n, correo electr\u00f3nico, n\u00famero de tel\u00e9fono(s) y\/o n\u00famero de celular(s) de los contactos registrados como CONTACTOS PARA EMERGENCIAS, deber\u00e1n ser notificados por escrito a\u00a0SATRACK\u00a0mediatamente comunicado enviado al correo electr\u00f3nico servicioalclienteecuador@satrack.com<\/p><p>En caso de que\u00a0SATRACK\u00a0se viera en la necesidad de entablar comunicaci\u00f3n con uno de los contactos registrados como CONTACTOS PARA EMERGENCIAS, y los datos de los mismos se encuentren desactualizados y dicha desactualizaci\u00f3n obedezca a culpa de\u00a0EL CLIENTE, SATRACK\u00a0no asumir\u00e1 ninguna responsabilidad frente a\u00a0EL CLIENTE.<\/p><h3>P\u00c9RDIDAS DE REPORTE DE LOS DISPOSITIVOS<\/h3><p>En caso de que\u00a0SATRACK, identifique que ha perdido comunicaci\u00f3n con alg\u00fan(os) dispositivo(s), informar\u00e1 tal situaci\u00f3n v\u00eda e-mail a los correos electr\u00f3nicos de los CONTACTOS PARA EMERGENCIAS determinados por\u00a0EL CLIENTE.\u00a0Una vez hecho este reporte, cesan las obligaciones de\u00a0SATRACK\u00a0relacionadas con el servicio de acceso y uso temporal de la PLATAFORMA SERVISAT hasta que se reestablezca la comunicaci\u00f3n con el mismo, sin que este amerite ajuste en el cobro del cargo fijo del servicio.<\/p><h3>ENV\u00cdO DE MENSAJES POR APLICACIONES O SERVICIOS DE MENSAJERIA PARA TELEFONOS INTELIGENTES<\/h3><p>EL CLIENTE\u00a0conoce y acepta que\u00a0SATRACK\u00a0podr\u00e1 usar mensajes de texto (SMS) o cualquier otra aplicaci\u00f3n para mensajer\u00eda, con el fin de recibir notificaciones sobre el servicio o la relaci\u00f3n comercial. Estos mensajes se podr\u00e1n enviar a cualquiera de los tel\u00e9fonos celulares registrados por\u00a0EL CLIENTE. En caso que\u00a0EL CLIENTE\u00a0no desee recibir estos mensajes, deber\u00e1 enviar un correo electr\u00f3nico a\u00a0<a href=\"mailto:servicioalclienteecuador@satrack.com\">servicioalclienteecuador@satrack.com<\/a>\u00a0indicando esta decisi\u00f3n y el(los) n\u00famero(s) telef\u00f3nico(s) para el(los) cual(es) aplica esta medida.<\/p><p>SATRACK\u00a0asegura que el mensaje se env\u00eda desde su sistema al proveedor de telefon\u00eda celular o del aplicativo de mensajer\u00eda, mas no garantiza que efectivamente lleguen los mensajes al destinatario oportuna o correctamente, ya que esta transmisi\u00f3n estar\u00e1 a cargo un tercero.<\/p><h2>CAP\u00cdTULO V<br \/><small>VALORES AGREGADOS<\/small><\/h2><p>Para generar beneficios adicionales a los ya recibidos en el acceso y uso temporal de la PLATAFORMA SERVISAT,\u00a0SATRACK\u00a0ofrece adicionalmente algunos valores agregados que no generan cobro por parte de\u00a0SATRACK. A continuaci\u00f3n, se definen y se explican sus alcances.<\/p><p>Si dentro del plan adquirido por\u00a0EL CLIENTE\u00a0se incluye la atenci\u00f3n de la Central de Monitoreo,\u00a0SATRACK\u00a0avisar\u00e1 de la ocurrencia de alarmas a los CONTACTOS DE EMERGENCIA determinados por\u00a0EL CLIENTE.<\/p><p>En el marco de este manejo de alarmas valor agregado\u00a0SATRACK\u00a0no activar\u00e1 el control de apagado del veh\u00edculo, ni montar\u00e1 ning\u00fan operativo con las autoridades, a no ser que previamente\u00a0EL CLIENTE\u00a0lo haya autorizado, por lo que, de realizar tal actuaci\u00f3n, la misma se har\u00e1 bajo la absoluta responsabilidad de\u00a0EL CLIENTE.<\/p><p>La obligaci\u00f3n de\u00a0SATRACK\u00a0frente a este servicio de valor agregado es de medio y no de resultado, lo que implica que se compromete a poner toda su capacidad t\u00e9cnica y administrativa para la buena y eficiente prestaci\u00f3n del mismo, pero no garantiza el resultado de lograr la localizaci\u00f3n de dispositivos o activos de cualquier clase ante circunstancias no imputables a\u00a0SATRACK\u00a0o la imposibilidad de contactar a\u00a0EL CLIENTE. En ning\u00fan caso se compromete ni a la recuperaci\u00f3n del veh\u00edculo y\/o activo y\/o mercanc\u00eda, ni al pago por la p\u00e9rdida o da\u00f1os totales o parciales del veh\u00edculo o mercanc\u00eda, pues el objeto social de\u00a0SATRACK\u00a0no es ni la seguridad, ni los seguros.<\/p><h2>CAP\u00cdTULO VI<br \/><small>EXCLUSIONES DE RESPONSABILIDAD POR PARTE DE SATRACK<\/small><\/h2><p>SATRACK\u00a0resalta a\u00a0EL CLIENTE, que en ning\u00fan caso su servicio sustituye la responsabilidad como transportista o empresa de transporte el contar con una p\u00f3liza de seguro para \u00e9l o los veh\u00edculos que cuenten con el servicio activo.<\/p><p>SATRACK\u00a0no ser\u00e1 responsable con\u00a0EL CLIENTE\u00a0ni con terceros cuando las fallas en la\u00a0PLATAFORMA SERVISAT\u00a0se deriven de la fuerza mayor o caso fortuito o se desprendan de motivos no atribuibles a\u00a0SATRACK. En tanto, ante dichas fallas no habr\u00e1 lugar a descuentos en las facturas del servicio por estas mismas causas.<\/p><h2>CAP\u00cdTULO VII<br \/><small>POL\u00cdTICA DE CONFIDENCIALIDAD<\/small><\/h2><p>Las partes se obligan a guardar estricta reserva de toda informaci\u00f3n que sobre la otra llegue directa o indirectamente, a su conocimiento y que sea considerada como confidencial.<\/p><h2>CAP\u00cdTULO VIII<br \/><small>NOTIFICACIONES<\/small><\/h2><p>Para todos los efectos\u00a0SATRACK\u00a0determina como direcciones para notificaci\u00f3n la Av. rep\u00fablica del Salvador N34-211 y Mosc\u00fa, edificio Fara\u00f3n, piso 7, Quito \u2013 Ecuador y el correo electr\u00f3nico<a href=\"mailto:%C2%A0servicioalclienteecuador@satrack.com\">\u00a0servicioalclienteecuador@satrack.com<\/a>.<\/p><h2>CAP\u00cdTULO IX<br \/><small>ACUERDOS DE NIVELES DE SERVICIO RESPECTO A LA PLATAFORMA SERVISAT<\/small><\/h2><p>El soporte de la PLATAFORMA SERVISAT ser\u00e1 ejecutado por\u00a0SATRACK, en los siguientes t\u00e9rminos:<\/p><h3>1. ACUERDOS Y NIVELES DE ATENCI\u00d3N<\/h3><h4>1.1. Priorizaci\u00f3n<\/h4><p>Se definen los siguientes niveles de priorizaci\u00f3n para los incidentes registrados. El nivel de priorizaci\u00f3n indica el tipo de incidente y el impacto sobre el negocio. Basado en esta informaci\u00f3n se establece la prioridad de resoluci\u00f3n y el plan de escalamiento.<\/p><p>El nivel de priorizaci\u00f3n ser\u00e1 definido por\u00a0SATRACK\u00a0en la primera llamada entre\u00a0SATRACK y EL CLIENTE, comunicaci\u00f3n v\u00eda email o clasificaci\u00f3n en el sistema de gesti\u00f3n de incidencias.<\/p><h4>1.2. Niveles de atenci\u00f3n<\/h4><p>SATRACK\u00a0debe atender diligentemente los requerimientos de\u00a0EL CLIENTE, a continuaci\u00f3n, se describe el esquema de atenci\u00f3n.<\/p><h3>2. ACUERDOS DE NIVEL DE SERVICIO \u2013 PLATAFORMA SERVISAT<\/h3><p>SATRACK\u00a0garantiza que el Nivel de Disponibilidad de la PLATAFORMA SERVISAT en las condiciones pactadas ser\u00e1 del 99.5% mensual, lo cual es aceptado por\u00a0EL CLIENTE. Esta definici\u00f3n podr\u00e1 variar seg\u00fan la definici\u00f3n que haga\u00a0SATRACK. El nivel de disponibilidad se calcular\u00e1 aplicando la f\u00f3rmula y los compromisos definidos aqu\u00ed:<\/p><p>ND=(X\/Z) x 100;<\/p><p>Donde:<\/p><p>ND: Es el nivel de disponibilidad del per\u00edodo.<\/p><p>X: Es el n\u00famero de horas efectivas disponibles durante todo el per\u00edodo. Para calcular este n\u00famero de horas, solo se descontar\u00e1n aquellas horas en que el servicio no estuvo disponible por causas imputables a\u00a0SATRACK.<\/p><p>Z: Es el n\u00famero de horas que al mes deber\u00eda estar disponible el servicio, es decir veinticuatro (24), multiplicado por el n\u00famero de d\u00edas del per\u00edodo en cuesti\u00f3n.<\/p><p>Estos t\u00e9rminos y condiciones est\u00e1n sujetos a cambios en cualquier momento sin previo aviso\u00a0EL CLIENTE, sin embargo, dicho cambio ser\u00e1 publicado, con control de versiones para claridad de\u00a0EL CLIENTE. En consecuencia, los t\u00e9rminos aplicables corresponder\u00e1n al documento vigente al momento de la consulta.<br \/><br \/><br \/><small>Fecha de publicaci\u00f3n: 25 de febrero de 2020<br \/><\/small><br \/><br \/>Versi\u00f3n: 2.0<\/p>\t\t\t\t\t\t\t\t<\/div>\n\t\t\t\t<\/div>\n\t\t\t\t<\/div>\n\t\t\t\t\t<\/div>\n\t\t\t\t<\/div>\n\t\t\t\t\t<\/div>\n\t\t\t\t<\/div>\n\t\t\t\t<\/div>\n\t\t","protected":false},"excerpt":{"rendered":"<p>T\u00e9rminos y Condiciones de la Plataforma SERVISAT\u200b A continuaci\u00f3n, se presentan los t\u00e9rminos y condiciones que determinan las particularidades a tener en cuenta por EL CLIENTE; dentro del servicio que ser\u00e1 prestado por SATRACK. CAP\u00cdTULO IDEFINICIONES Para efecto de los presentes t\u00e9rminos y condiciones, las siguientes palabras se entender\u00e1n en las definiciones aqu\u00ed establecidas y [&hellip;]<\/p>\n","protected":false},"author":1,"featured_media":0,"parent":0,"menu_order":0,"comment_status":"closed","ping_status":"closed","template":"","meta":{"footnotes":""},"class_list":["post-5475","page","type-page","status-publish","hentry"],"_links":{"self":[{"href":"https:\/\/satrack.com\/cenam\/wp-json\/wp\/v2\/pages\/5475","targetHints":{"allow":["GET"]}}],"collection":[{"href":"https:\/\/satrack.com\/cenam\/wp-json\/wp\/v2\/pages"}],"about":[{"href":"https:\/\/satrack.com\/cenam\/wp-json\/wp\/v2\/types\/page"}],"author":[{"embeddable":true,"href":"https:\/\/satrack.com\/cenam\/wp-json\/wp\/v2\/users\/1"}],"replies":[{"embeddable":true,"href":"https:\/\/satrack.com\/cenam\/wp-json\/wp\/v2\/comments?post=5475"}],"version-history":[{"count":3,"href":"https:\/\/satrack.com\/cenam\/wp-json\/wp\/v2\/pages\/5475\/revisions"}],"predecessor-version":[{"id":5717,"href":"https:\/\/satrack.com\/cenam\/wp-json\/wp\/v2\/pages\/5475\/revisions\/5717"}],"wp:attachment":[{"href":"https:\/\/satrack.com\/cenam\/wp-json\/wp\/v2\/media?parent=5475"}],"curies":[{"name":"wp","href":"https:\/\/api.w.org\/{rel}","templated":true}]}}