{"id":3,"date":"2023-04-04T07:17:05","date_gmt":"2023-04-04T12:17:05","guid":{"rendered":"http:\/\/pruebas.satrack.com.pa\/?page_id=3"},"modified":"2023-07-04T13:56:48","modified_gmt":"2023-07-04T18:56:48","slug":"habitos-de-coduccion-de-la-normatividad-a-la-cultura-empresarial","status":"publish","type":"page","link":"https:\/\/satrack.com\/cenam\/empresas\/compania\/aprende-con-satrack\/habitos-de-coduccion-de-la-normatividad-a-la-cultura-empresarial\/","title":{"rendered":"H\u00e1bitos de coducci\u00f3n: de la normatividad a la cultura empresarial"},"content":{"rendered":"\t\t<div data-elementor-type=\"wp-page\" data-elementor-id=\"3\" class=\"elementor elementor-3\" data-elementor-post-type=\"page\">\n\t\t\t\t<div class=\"elementor-element elementor-element-4a5c27bc e-flex e-con-boxed e-con e-parent\" data-id=\"4a5c27bc\" data-element_type=\"container\" data-e-type=\"container\" data-settings=\"{&quot;background_background&quot;:&quot;gradient&quot;}\">\n\t\t\t\t\t<div class=\"e-con-inner\">\n\t\t<div class=\"elementor-element elementor-element-711a9136 e-con-full e-flex e-con e-parent\" data-id=\"711a9136\" data-element_type=\"container\" data-e-type=\"container\">\n\t\t\t\t<div class=\"elementor-element elementor-element-776ffb1a elementor-widget elementor-widget-heading\" data-id=\"776ffb1a\" data-element_type=\"widget\" data-e-type=\"widget\" data-widget_type=\"heading.default\">\n\t\t\t\t<div class=\"elementor-widget-container\">\n\t\t\t\t\t<div class=\"elementor-heading-title elementor-size-default\">Aprende con Satrack<\/div>\t\t\t\t<\/div>\n\t\t\t\t<\/div>\n\t\t\t\t<\/div>\n\t\t<div class=\"elementor-element elementor-element-5f462bc1 e-con-full elementor-hidden-mobile e-flex e-con e-parent\" data-id=\"5f462bc1\" data-element_type=\"container\" data-e-type=\"container\">\n\t\t\t\t<\/div>\n\t\t\t\t\t<\/div>\n\t\t\t\t<\/div>\n\t\t<div class=\"elementor-element elementor-element-44572e13 e-flex e-con-boxed e-con e-parent\" data-id=\"44572e13\" data-element_type=\"container\" data-e-type=\"container\" data-settings=\"{&quot;background_background&quot;:&quot;classic&quot;}\">\n\t\t\t\t\t<div class=\"e-con-inner\">\n\t\t\t\t<div class=\"elementor-element elementor-element-19d3bfef elementor-widget elementor-widget-shortcode\" data-id=\"19d3bfef\" data-element_type=\"widget\" data-e-type=\"widget\" data-widget_type=\"shortcode.default\">\n\t\t\t\t<div class=\"elementor-widget-container\">\n\t\t\t\t\t\t\t<div class=\"elementor-shortcode\"><div class=\"breadcrumbs\"><a href=\"https:\/\/satrack.com\/cenam\">Inicio<\/a><\/div><\/div>\n\t\t\t\t\t\t<\/div>\n\t\t\t\t<\/div>\n\t\t\t\t\t<\/div>\n\t\t\t\t<\/div>\n\t\t<div class=\"elementor-element elementor-element-7cdfdb7f e-flex e-con-boxed e-con e-parent\" data-id=\"7cdfdb7f\" data-element_type=\"container\" data-e-type=\"container\" data-settings=\"{&quot;background_background&quot;:&quot;classic&quot;}\">\n\t\t\t\t\t<div class=\"e-con-inner\">\n\t\t<div class=\"elementor-element elementor-element-607a927e e-flex e-con-boxed e-con e-parent\" data-id=\"607a927e\" data-element_type=\"container\" data-e-type=\"container\">\n\t\t\t\t\t<div class=\"e-con-inner\">\n\t\t\t\t<div class=\"elementor-element elementor-element-2e740e9d elementor-widget__width-inherit elementor-widget elementor-widget-heading\" data-id=\"2e740e9d\" data-element_type=\"widget\" data-e-type=\"widget\" data-widget_type=\"heading.default\">\n\t\t\t\t<div class=\"elementor-widget-container\">\n\t\t\t\t\t<h1 class=\"elementor-heading-title elementor-size-default\">H\u00e1bitos de coducci\u00f3n: de la normatividad a la cultura empresarial<\/h1>\t\t\t\t<\/div>\n\t\t\t\t<\/div>\n\t\t\t\t<div class=\"elementor-element elementor-element-fb3c8ce elementor-icon-list--layout-traditional elementor-list-item-link-full_width elementor-widget elementor-widget-icon-list\" data-id=\"fb3c8ce\" data-element_type=\"widget\" data-e-type=\"widget\" data-widget_type=\"icon-list.default\">\n\t\t\t\t<div class=\"elementor-widget-container\">\n\t\t\t\t\t\t\t<ul class=\"elementor-icon-list-items\">\n\t\t\t\t\t\t\t<li class=\"elementor-icon-list-item\">\n\t\t\t\t\t\t\t\t\t\t\t<span class=\"elementor-icon-list-icon\">\n\t\t\t\t\t\t\t<svg aria-hidden=\"true\" class=\"e-font-icon-svg e-fas-check\" viewBox=\"0 0 512 512\" xmlns=\"http:\/\/www.w3.org\/2000\/svg\"><path d=\"M173.898 439.404l-166.4-166.4c-9.997-9.997-9.997-26.206 0-36.204l36.203-36.204c9.997-9.998 26.207-9.998 36.204 0L192 312.69 432.095 72.596c9.997-9.997 26.207-9.997 36.204 0l36.203 36.204c9.997 9.997 9.997 26.206 0 36.204l-294.4 294.401c-9.998 9.997-26.207 9.997-36.204-.001z\"><\/path><\/svg>\t\t\t\t\t\t<\/span>\n\t\t\t\t\t\t\t\t\t\t<span class=\"elementor-icon-list-text\">Proceso de seguridad al interior de la empresa<\/span>\n\t\t\t\t\t\t\t\t\t<\/li>\n\t\t\t\t\t\t\t\t<li class=\"elementor-icon-list-item\">\n\t\t\t\t\t\t\t\t\t\t\t<span class=\"elementor-icon-list-icon\">\n\t\t\t\t\t\t\t<svg aria-hidden=\"true\" class=\"e-font-icon-svg e-fas-check\" viewBox=\"0 0 512 512\" xmlns=\"http:\/\/www.w3.org\/2000\/svg\"><path d=\"M173.898 439.404l-166.4-166.4c-9.997-9.997-9.997-26.206 0-36.204l36.203-36.204c9.997-9.998 26.207-9.998 36.204 0L192 312.69 432.095 72.596c9.997-9.997 26.207-9.997 36.204 0l36.203 36.204c9.997 9.997 9.997 26.206 0 36.204l-294.4 294.401c-9.998 9.997-26.207 9.997-36.204-.001z\"><\/path><\/svg>\t\t\t\t\t\t<\/span>\n\t\t\t\t\t\t\t\t\t\t<span class=\"elementor-icon-list-text\">7 razones para convertir los h\u00e1bitos de conducci\u00f3n en una cultura.<\/span>\n\t\t\t\t\t\t\t\t\t<\/li>\n\t\t\t\t\t\t\t\t<li class=\"elementor-icon-list-item\">\n\t\t\t\t\t\t\t\t\t\t\t<span class=\"elementor-icon-list-icon\">\n\t\t\t\t\t\t\t<svg aria-hidden=\"true\" class=\"e-font-icon-svg e-fas-check\" viewBox=\"0 0 512 512\" xmlns=\"http:\/\/www.w3.org\/2000\/svg\"><path d=\"M173.898 439.404l-166.4-166.4c-9.997-9.997-9.997-26.206 0-36.204l36.203-36.204c9.997-9.998 26.207-9.998 36.204 0L192 312.69 432.095 72.596c9.997-9.997 26.207-9.997 36.204 0l36.203 36.204c9.997 9.997 9.997 26.206 0 36.204l-294.4 294.401c-9.998 9.997-26.207 9.997-36.204-.001z\"><\/path><\/svg>\t\t\t\t\t\t<\/span>\n\t\t\t\t\t\t\t\t\t\t<span class=\"elementor-icon-list-text\">\u00bfCu\u00e1les son los malos h\u00e1bitos de conducci\u00f3n m\u00e1s frecuentes?<\/span>\n\t\t\t\t\t\t\t\t\t<\/li>\n\t\t\t\t\t\t\t\t<li class=\"elementor-icon-list-item\">\n\t\t\t\t\t\t\t\t\t\t\t<span class=\"elementor-icon-list-icon\">\n\t\t\t\t\t\t\t<svg aria-hidden=\"true\" class=\"e-font-icon-svg e-fas-check\" viewBox=\"0 0 512 512\" xmlns=\"http:\/\/www.w3.org\/2000\/svg\"><path d=\"M173.898 439.404l-166.4-166.4c-9.997-9.997-9.997-26.206 0-36.204l36.203-36.204c9.997-9.998 26.207-9.998 36.204 0L192 312.69 432.095 72.596c9.997-9.997 26.207-9.997 36.204 0l36.203 36.204c9.997 9.997 9.997 26.206 0 36.204l-294.4 294.401c-9.998 9.997-26.207 9.997-36.204-.001z\"><\/path><\/svg>\t\t\t\t\t\t<\/span>\n\t\t\t\t\t\t\t\t\t\t<span class=\"elementor-icon-list-text\">Lista de chequeo para construir una cultura basada en h\u00e1bitos de conducci\u00f3n.<\/span>\n\t\t\t\t\t\t\t\t\t<\/li>\n\t\t\t\t\t\t\t\t<li class=\"elementor-icon-list-item\">\n\t\t\t\t\t\t\t\t\t\t\t<span class=\"elementor-icon-list-icon\">\n\t\t\t\t\t\t\t<svg aria-hidden=\"true\" class=\"e-font-icon-svg e-fas-check\" viewBox=\"0 0 512 512\" xmlns=\"http:\/\/www.w3.org\/2000\/svg\"><path d=\"M173.898 439.404l-166.4-166.4c-9.997-9.997-9.997-26.206 0-36.204l36.203-36.204c9.997-9.998 26.207-9.998 36.204 0L192 312.69 432.095 72.596c9.997-9.997 26.207-9.997 36.204 0l36.203 36.204c9.997 9.997 9.997 26.206 0 36.204l-294.4 294.401c-9.998 9.997-26.207 9.997-36.204-.001z\"><\/path><\/svg>\t\t\t\t\t\t<\/span>\n\t\t\t\t\t\t\t\t\t\t<span class=\"elementor-icon-list-text\">El tradicional ciclo de mejora continua.<\/span>\n\t\t\t\t\t\t\t\t\t<\/li>\n\t\t\t\t\t\t<\/ul>\n\t\t\t\t\t\t<\/div>\n\t\t\t\t<\/div>\n\t\t\t\t<div class=\"elementor-element elementor-element-240ae605 elementor-widget elementor-widget-image\" data-id=\"240ae605\" data-element_type=\"widget\" data-e-type=\"widget\" data-widget_type=\"image.default\">\n\t\t\t\t<div class=\"elementor-widget-container\">\n\t\t\t\t\t\t\t\t\t\t\t\t\t\t\t<img fetchpriority=\"high\" decoding=\"async\" width=\"2200\" height=\"1238\" src=\"https:\/\/satrack.com\/cenam\/wp-content\/uploads\/sites\/6\/2023\/07\/Ebook_Plan_De_Formacion_Habitos_De_Conduccion.jpg\" class=\"attachment-full size-full wp-image-6543\" alt=\"\" srcset=\"https:\/\/satrack.com\/cenam\/wp-content\/uploads\/sites\/6\/2023\/07\/Ebook_Plan_De_Formacion_Habitos_De_Conduccion.jpg 2200w, https:\/\/satrack.com\/cenam\/wp-content\/uploads\/sites\/6\/2023\/07\/Ebook_Plan_De_Formacion_Habitos_De_Conduccion-300x169.jpg 300w, https:\/\/satrack.com\/cenam\/wp-content\/uploads\/sites\/6\/2023\/07\/Ebook_Plan_De_Formacion_Habitos_De_Conduccion-1024x576.jpg 1024w, https:\/\/satrack.com\/cenam\/wp-content\/uploads\/sites\/6\/2023\/07\/Ebook_Plan_De_Formacion_Habitos_De_Conduccion-768x432.jpg 768w, https:\/\/satrack.com\/cenam\/wp-content\/uploads\/sites\/6\/2023\/07\/Ebook_Plan_De_Formacion_Habitos_De_Conduccion-1536x864.jpg 1536w, https:\/\/satrack.com\/cenam\/wp-content\/uploads\/sites\/6\/2023\/07\/Ebook_Plan_De_Formacion_Habitos_De_Conduccion-2048x1152.jpg 2048w\" sizes=\"(max-width: 2200px) 100vw, 2200px\" \/>\t\t\t\t\t\t\t\t\t\t\t\t\t\t\t<\/div>\n\t\t\t\t<\/div>\n\t\t\t\t\t<\/div>\n\t\t\t\t<\/div>\n\t\t<div class=\"elementor-element elementor-element-475b5635 e-flex e-con-boxed e-con e-parent\" data-id=\"475b5635\" data-element_type=\"container\" data-e-type=\"container\">\n\t\t\t\t\t<div class=\"e-con-inner\">\n\t\t\t\t<div class=\"elementor-element elementor-element-501193cf elementor-widget__width-inherit elementor-widget elementor-widget-heading\" data-id=\"501193cf\" data-element_type=\"widget\" data-e-type=\"widget\" data-widget_type=\"heading.default\">\n\t\t\t\t<div class=\"elementor-widget-container\">\n\t\t\t\t\t<p class=\"elementor-heading-title elementor-size-default\">Diligencia el formulario y descarga gratis esta gui\u0301a de consejos pra\u0301cticos para tu operacio\u0301n.<\/p>\t\t\t\t<\/div>\n\t\t\t\t<\/div>\n\t\t\t\t<div class=\"elementor-element elementor-element-71236c81 elementor-widget elementor-widget-html\" data-id=\"71236c81\" data-element_type=\"widget\" data-e-type=\"widget\" data-widget_type=\"html.default\">\n\t\t\t\t<div class=\"elementor-widget-container\">\n\t\t\t\t\t<div id=\"form-guia-practica-plan-formacion-habitos-conduccion-61125f4349261f6a4bd7\" role=\"main\"><\/div>\r\n<script type=\"text\/javascript\" src=\"https:\/\/d335luupugsy2.cloudfront.net\/js\/rdstation-forms\/stable\/rdstation-forms.min.js\"><\/script><script type=\"text\/javascript\"> new RDStationForms('form-guia-practica-plan-formacion-habitos-conduccion-61125f4349261f6a4bd7', 'UA-35407076-15').createForm();<\/script>\r\n\r\n<script>\r\nlet campo = \"\";\r\nlet tiempo = \r\nsetInterval(function(){\r\ncampo = document.getElementsByClassName(\"js-field-open_country\")\r\n\r\nif(campo != null){\r\n    campo[0].value = \"Panam\u00e1\";\r\n   campo =  campo[0].parentElement;\r\n    campo.style.display = \"none\";\r\nconsole.log(campo);\r\nclearInterval(tiempo);\r\n}\r\n}, 200);\r\n<\/script>\r\n\r\n\r\n<div role=\"main\" id=\"form-promociones-home-empresas-853a4e3868a75e1c50a8\"><\/div><script type=\"text\/javascript\" src=\"https:\/\/d335luupugsy2.cloudfront.net\/js\/rdstation-forms\/stable\/rdstation-forms.min.js\"><\/script><script type=\"text\/javascript\"> new RDStationForms('form-promociones-home-empresas-853a4e3868a75e1c50a8', 'UA-35407076-15').createForm();<\/script>\r\n\t\t\t\t<\/div>\n\t\t\t\t<\/div>\n\t\t\t\t\t<\/div>\n\t\t\t\t<\/div>\n\t\t\t\t\t<\/div>\n\t\t\t\t<\/div>\n\t\t\t\t<\/div>\n\t\t","protected":false},"excerpt":{"rendered":"<p>Aprende con Satrack Proceso de seguridad al interior de la empresa 7 razones para convertir los h\u00e1bitos de conducci\u00f3n en una cultura. \u00bfCu\u00e1les son los malos h\u00e1bitos de conducci\u00f3n m\u00e1s frecuentes? Lista de chequeo para construir una cultura basada en h\u00e1bitos de conducci\u00f3n. El tradicional ciclo de mejora continua. Diligencia el formulario y descarga gratis [&hellip;]<\/p>\n","protected":false},"author":1,"featured_media":0,"parent":2,"menu_order":0,"comment_status":"closed","ping_status":"closed","template":"","meta":{"footnotes":""},"class_list":["post-3","page","type-page","status-publish","hentry"],"_links":{"self":[{"href":"https:\/\/satrack.com\/cenam\/wp-json\/wp\/v2\/pages\/3","targetHints":{"allow":["GET"]}}],"collection":[{"href":"https:\/\/satrack.com\/cenam\/wp-json\/wp\/v2\/pages"}],"about":[{"href":"https:\/\/satrack.com\/cenam\/wp-json\/wp\/v2\/types\/page"}],"author":[{"embeddable":true,"href":"https:\/\/satrack.com\/cenam\/wp-json\/wp\/v2\/users\/1"}],"replies":[{"embeddable":true,"href":"https:\/\/satrack.com\/cenam\/wp-json\/wp\/v2\/comments?post=3"}],"version-history":[{"count":7,"href":"https:\/\/satrack.com\/cenam\/wp-json\/wp\/v2\/pages\/3\/revisions"}],"predecessor-version":[{"id":6666,"href":"https:\/\/satrack.com\/cenam\/wp-json\/wp\/v2\/pages\/3\/revisions\/6666"}],"up":[{"embeddable":true,"href":"https:\/\/satrack.com\/cenam\/wp-json\/wp\/v2\/pages\/2"}],"wp:attachment":[{"href":"https:\/\/satrack.com\/cenam\/wp-json\/wp\/v2\/media?parent=3"}],"curies":[{"name":"wp","href":"https:\/\/api.w.org\/{rel}","templated":true}]}}